{"id":2130,"date":"2024-03-05T14:02:50","date_gmt":"2024-03-05T13:02:50","guid":{"rendered":"https:\/\/airportpecs.com\/?page_id=2130"},"modified":"2026-03-23T08:26:39","modified_gmt":"2026-03-23T07:26:39","slug":"utasinformaciok","status":"publish","type":"page","link":"https:\/\/airportpecs.com\/en\/utasinformaciok\/","title":{"rendered":"Passenger information"},"content":{"rendered":"<div data-elementor-type=\"wp-page\" data-elementor-id=\"2130\" class=\"elementor elementor-2130\" data-elementor-post-type=\"page\">\n\t\t\t\t\t\t<section class=\"elementor-section elementor-top-section elementor-element elementor-element-d244c2b elementor-section-full_width elementor-section-stretched elementor-section-height-default elementor-section-height-default\" data-id=\"d244c2b\" data-element_type=\"section\" data-e-type=\"section\" data-settings=\"{&quot;stretch_section&quot;:&quot;section-stretched&quot;}\">\n\t\t\t\t\t\t<div class=\"elementor-container elementor-column-gap-no\">\n\t\t\t\t\t<div class=\"elementor-column elementor-col-100 elementor-top-column elementor-element elementor-element-dc93a51\" data-id=\"dc93a51\" data-element_type=\"column\" data-e-type=\"column\">\n\t\t\t<div class=\"elementor-widget-wrap elementor-element-populated\">\n\t\t\t\t\t\t<div class=\"elementor-element elementor-element-3f90666 elementor-widget elementor-widget-jetly-service\" data-id=\"3f90666\" data-element_type=\"widget\" data-e-type=\"widget\" data-widget_type=\"jetly-service.default\">\n\t\t\t\t<div class=\"elementor-widget-container\">\n\t\t\t\t\t\r\n    <!--Services One Start-->\r\n    <section class=\"services-one\">\r\n        <div class=\"container\">\r\n            <div class=\"section-title text-center\">\r\n                                    <span class=\"section-title__tagline\">Airport P\u00e9cs<\/span>\r\n                                                    <h2 class=\"section-title__title\">Passenger information<\/h2>\r\n                            <\/div>\r\n            <div class=\"row\">\r\n                                                            <!--Services One Single Start-->\r\n                        <div class=\"col-xl-3 col-lg-6 col-md-6 wow fadeInUp\" data-wow-delay=\"100ms\">\r\n                            <div class=\"services-one__single\">\r\n                                                                    <div class=\"services-one__img\">\r\n                                        <img decoding=\"async\" src=\"https:\/\/airportpecs.com\/wp-content\/uploads\/2024\/03\/Check-In2-e1711092856308.png\" alt=\"2485\">\r\n                                    <\/div>\r\n                                                                <div class=\"services-one__content\">\r\n                                    <div class=\"services-one__title-box\">\r\n                                                                                <h3 class=\"services-one__title\"><a href=\"\/en\/check-in\/\">Check-In<\/a>\r\n                                        <\/h3>\r\n                                    <\/div>\r\n                                                                        <div class=\"services-one__arrow icon-svg\">\r\n                                        <a   href=\"\/en\/check-in\/\"><span aria-hidden=\"true\" class=\"fas fa-angle-right\"><\/span><\/a>\r\n                                    <\/div>\r\n                                <\/div>\r\n                            <\/div>\r\n                        <\/div>\r\n                        <!--Services One Single End-->\r\n                                        <!--Services One Single Start-->\r\n                        <div class=\"col-xl-3 col-lg-6 col-md-6 wow fadeInUp\" data-wow-delay=\"100ms\">\r\n                            <div class=\"services-one__single\">\r\n                                                                    <div class=\"services-one__img\">\r\n                                        <img decoding=\"async\" src=\"https:\/\/airportpecs.com\/wp-content\/uploads\/2024\/03\/Biztonsagi-ellenorzes2-e1711093047999.png\" alt=\"2486\">\r\n                                    <\/div>\r\n                                                                <div class=\"services-one__content\">\r\n                                    <div class=\"services-one__title-box\">\r\n                                                                                <h3 class=\"services-one__title\"><a href=\"\/en\/biztonsagi-ellenorzes\/\">Security check<\/a>\r\n                                        <\/h3>\r\n                                    <\/div>\r\n                                                                        <div class=\"services-one__arrow icon-svg\">\r\n                                        <a   href=\"\/en\/biztonsagi-ellenorzes\/\"><span aria-hidden=\"true\" class=\"fas fa-angle-right\"><\/span><\/a>\r\n                                    <\/div>\r\n                                <\/div>\r\n                            <\/div>\r\n                        <\/div>\r\n                        <!--Services One Single End-->\r\n                                        <!--Services One Single Start-->\r\n                        <div class=\"col-xl-3 col-lg-6 col-md-6 wow fadeInUp\" data-wow-delay=\"100ms\">\r\n                            <div class=\"services-one__single\">\r\n                                                                    <div class=\"services-one__img\">\r\n                                        <img decoding=\"async\" src=\"https:\/\/airportpecs.com\/wp-content\/uploads\/2024\/03\/Legiutasok-jogai2-e1711093232359.png\" alt=\"2491\">\r\n                                    <\/div>\r\n                                                                <div class=\"services-one__content\">\r\n                                    <div class=\"services-one__title-box\">\r\n                                                                                <h3 class=\"services-one__title\"><a href=\"\/en\/legiutasok-jogai\/\">Air passenger rights<\/a>\r\n                                        <\/h3>\r\n                                    <\/div>\r\n                                                                        <div class=\"services-one__arrow icon-svg\">\r\n                                        <a   href=\"\/en\/legiutasok-jogai\/\"><span aria-hidden=\"true\" class=\"fas fa-angle-right\"><\/span><\/a>\r\n                                    <\/div>\r\n                                <\/div>\r\n                            <\/div>\r\n                        <\/div>\r\n                        <!--Services One Single End-->\r\n                                        <!--Services One Single Start-->\r\n                        <div class=\"col-xl-3 col-lg-6 col-md-6 wow fadeInUp\" data-wow-delay=\"100ms\">\r\n                            <div class=\"services-one__single\">\r\n                                                                    <div class=\"services-one__img\">\r\n                                        <img decoding=\"async\" src=\"https:\/\/airportpecs.com\/wp-content\/uploads\/2024\/03\/Kulonleges-banasmodot-igenylo-utasok.png\" alt=\"2496\">\r\n                                    <\/div>\r\n                                                                <div class=\"services-one__content\">\r\n                                    <div class=\"services-one__title-box\">\r\n                                                                                <h3 class=\"services-one__title\"><a href=\"\/en\/kulonleges-banasmodot-igenylo-utasok-specialis-igenyek\/\">Passengers requiring special assistance\/Special needs<\/a>\r\n                                        <\/h3>\r\n                                    <\/div>\r\n                                                                        <div class=\"services-one__arrow icon-svg\">\r\n                                        <a   href=\"\/en\/kulonleges-banasmodot-igenylo-utasok-specialis-igenyek\/\"><span aria-hidden=\"true\" class=\"fas fa-angle-right\"><\/span><\/a>\r\n                                    <\/div>\r\n                                <\/div>\r\n                            <\/div>\r\n                        <\/div>\r\n                        <!--Services One Single End-->\r\n                                        <!--Services One Single Start-->\r\n                        <div class=\"col-xl-3 col-lg-6 col-md-6 wow fadeInUp\" data-wow-delay=\"100ms\">\r\n                            <div class=\"services-one__single\">\r\n                                                                    <div class=\"services-one__img\">\r\n                                        <img decoding=\"async\" src=\"https:\/\/airportpecs.com\/wp-content\/uploads\/2024\/06\/Poggyasz-szabalyzat.png\" alt=\"3850\">\r\n                                    <\/div>\r\n                                                                <div class=\"services-one__content\">\r\n                                    <div class=\"services-one__title-box\">\r\n                                                                                <h3 class=\"services-one__title\"><a href=\"\/en\/poggyasz-szabalyzat\/\">Baggage policy<\/a>\r\n                                        <\/h3>\r\n                                    <\/div>\r\n                                                                        <div class=\"services-one__arrow icon-svg\">\r\n                                        <a   href=\"\/en\/poggyasz-szabalyzat\/\"><span aria-hidden=\"true\" class=\"fas fa-angle-right\"><\/span><\/a>\r\n                                    <\/div>\r\n                                <\/div>\r\n                            <\/div>\r\n                        <\/div>\r\n                        <!--Services One Single End-->\r\n                                        <!--Services One Single Start-->\r\n                        <div class=\"col-xl-3 col-lg-6 col-md-6 wow fadeInUp\" data-wow-delay=\"100ms\">\r\n                            <div class=\"services-one__single\">\r\n                                                                    <div class=\"services-one__img\">\r\n                                        <img decoding=\"async\" src=\"https:\/\/airportpecs.com\/wp-content\/uploads\/2024\/06\/Poggyasz-informacio.png\" alt=\"3849\">\r\n                                    <\/div>\r\n                                                                <div class=\"services-one__content\">\r\n                                    <div class=\"services-one__title-box\">\r\n                                                                                <h3 class=\"services-one__title\"><a href=\"\/en\/elveszett-poggyasz\/\">Lost baggage<\/a>\r\n                                        <\/h3>\r\n                                    <\/div>\r\n                                                                        <div class=\"services-one__arrow icon-svg\">\r\n                                        <a   href=\"\/en\/elveszett-poggyasz\/\"><span aria-hidden=\"true\" class=\"fas fa-angle-right\"><\/span><\/a>\r\n                                    <\/div>\r\n                                <\/div>\r\n                            <\/div>\r\n                        <\/div>\r\n                        <!--Services One Single End-->\r\n                            <\/div>\r\n        <\/div>\r\n    <\/section>\r\n    <!--Services One End-->\r\n\r\n\t\t\t\t<\/div>\n\t\t\t\t<\/div>\n\t\t\t\t\t<\/div>\n\t\t<\/div>\n\t\t\t\t\t<\/div>\n\t\t<\/section>\n\t\t\t\t<\/div>","protected":false},"excerpt":{"rendered":"<p>Airport P\u00e9cs Utasinform\u00e1ci\u00f3k Check-In Biztons\u00e1gi ellen\u0151rz\u00e9s L\u00e9giutasok jogai K\u00fcl\u00f6nleges b\u00e1n\u00e1sm\u00f3dot ig\u00e9nyl\u0151 utasok\/Speci\u00e1lis ig\u00e9nyek Poggy\u00e1sz szab\u00e1lyzat Elveszett poggy\u00e1sz<\/p>","protected":false},"author":1,"featured_media":0,"parent":0,"menu_order":0,"comment_status":"closed","ping_status":"closed","template":"elementor_header_footer","meta":{"iawp_total_views":929,"footnotes":""},"class_list":["post-2130","page","type-page","status-publish","hentry"],"_links":{"self":[{"href":"https:\/\/airportpecs.com\/en\/wp-json\/wp\/v2\/pages\/2130","targetHints":{"allow":["GET"]}}],"collection":[{"href":"https:\/\/airportpecs.com\/en\/wp-json\/wp\/v2\/pages"}],"about":[{"href":"https:\/\/airportpecs.com\/en\/wp-json\/wp\/v2\/types\/page"}],"author":[{"embeddable":true,"href":"https:\/\/airportpecs.com\/en\/wp-json\/wp\/v2\/users\/1"}],"replies":[{"embeddable":true,"href":"https:\/\/airportpecs.com\/en\/wp-json\/wp\/v2\/comments?post=2130"}],"version-history":[{"count":34,"href":"https:\/\/airportpecs.com\/en\/wp-json\/wp\/v2\/pages\/2130\/revisions"}],"predecessor-version":[{"id":4311,"href":"https:\/\/airportpecs.com\/en\/wp-json\/wp\/v2\/pages\/2130\/revisions\/4311"}],"wp:attachment":[{"href":"https:\/\/airportpecs.com\/en\/wp-json\/wp\/v2\/media?parent=2130"}],"curies":[{"name":"wp","href":"https:\/\/api.w.org\/{rel}","templated":true}]}}