{"id":2134,"date":"2024-03-05T14:12:46","date_gmt":"2024-03-05T13:12:46","guid":{"rendered":"https:\/\/airportpecs.com\/?page_id=2134"},"modified":"2026-03-23T08:29:08","modified_gmt":"2026-03-23T07:29:08","slug":"check-in","status":"publish","type":"page","link":"https:\/\/airportpecs.com\/en\/check-in\/","title":{"rendered":"Check-in"},"content":{"rendered":"<div data-elementor-type=\"wp-page\" data-elementor-id=\"2134\" class=\"elementor elementor-2134\" data-elementor-post-type=\"page\">\n\t\t\t\t\t\t<section class=\"elementor-section elementor-top-section elementor-element elementor-element-66a6044 elementor-section-full_width elementor-section-stretched elementor-section-height-default elementor-section-height-default\" data-id=\"66a6044\" data-element_type=\"section\" data-e-type=\"section\" data-settings=\"{&quot;stretch_section&quot;:&quot;section-stretched&quot;}\">\n\t\t\t\t\t\t<div class=\"elementor-container elementor-column-gap-no\">\n\t\t\t\t\t<div class=\"elementor-column elementor-col-100 elementor-top-column elementor-element elementor-element-3aa2d73\" data-id=\"3aa2d73\" data-element_type=\"column\" data-e-type=\"column\">\n\t\t\t<div class=\"elementor-widget-wrap elementor-element-populated\">\n\t\t\t\t\t\t<div class=\"elementor-element elementor-element-57f3d01 elementor-widget elementor-widget-jetly-about\" data-id=\"57f3d01\" data-element_type=\"widget\" data-e-type=\"widget\" data-widget_type=\"jetly-about.default\">\n\t\t\t\t<div class=\"elementor-widget-container\">\n\t\t\t\t\t\t<!--About One Start-->\r\n\t<section class=\"about-one\" style=\"background-image: url();\">\r\n\t\t<div class=\"container\">\r\n\t\t\t<div class=\"row\">\r\n\t\t\t\t<div class=\"col-xl-6\">\r\n\t\t\t\t\t<div class=\"about-one__left\">\r\n\t\t\t\t\t\t\t\t\t\t\t\t\t<div class=\"section-title text-left\">\r\n\t\t\t\t\t\t\t\t\t\t\t\t\t\t\t\t\t<span class=\"section-title__tagline\">airport p\u00e9cs<\/span>\r\n\t\t\t\t\t\t\t\t\t\t\t\t\t\t\t\t\t\t\t\t\t\t\t\t\t<h2 class=\"section-title__title\">General Informations - Check-In<\/h2>\r\n\t\t\t\t\t\t\t\t\t\t\t\t\t\t\t<\/div>\r\n\t\t\t\t\t\t\t\t\t\t\t\t\t\t\t\t\t\t\t<p class=\"about-one__text\">Check-in (ticket processing and baggage collection) starts 120 minutes before the departure of the flight. It makes sense to arrive at the airport at this time so that you have enough time for everything before the trip. The check-in desk closes 40 minutes before the plane's scheduled departure time, passengers arriving after this time are no longer allowed to board the flight.\nPlease remove the previous luggage tags from your package! Place the papers and medicines you need for the trip in your carry-on bag. Hand over your travel documents, flight ticket or reservation code, and checked baggage at the ticket desk. At the ticket desk, you will receive your valid boarding pass and the luggage tags for your checked baggage. Bring your valid boarding pass to security.\n<\/p>\r\n\t\t\t\t\t\t\t\t\t\t\t\t\t\t\t\t\t\t\t<ul class=\"list-unstyled about-one__points ml-0\">\r\n\t\t\t\t\t\t\t\t\t\t\t\t\t\t\t<\/ul>\r\n\t\t\t\t\t\t\t\t\t\t\t\t<div class=\"about-one__btn-call\">\r\n\t\t\t\t\t\t\t\t\t\t\t\t\t\t\t<div class=\"about-one__btn-box\">\r\n\t\t\t\t\t\t\t\t\t<a   href=\"\/en\/kapcsolat\/\" class=\"thm-btn about-one__btn\">Contact us<\/a>\r\n\t\t\t\t\t\t\t\t<\/div>\r\n\t\t\t\t\t\t\t\t\t\t\t\t\t\t<div class=\"about-one__call\">\r\n\t\t\t\t\t\t\t\t<div class=\"about-one__call-icon icon-svg\">\r\n\t\t\t\t\t\t\t\t\t<span aria-hidden=\"true\" class=\"icon-telephone\"><\/span>\t\t\t\t\t\t\t\t<\/div>\r\n\t\t\t\t\t\t\t\t<div class=\"about-one__call-content\">\r\n\t\t\t\t\t\t\t\t\t\t\t\t\t\t\t\t\t\t\t<span class=\"about-one__call-sub-title\">Call us<\/span>\r\n\t\t\t\t\t\t\t\t\t\t\t\t\t\t\t\t\t\t\t\t\t\t\t\t\t\t\t\t<p class=\"about-one__call-number\"><a href=\"tel:+3672526156\">+36 72 526 156<\/a><\/p>\r\n\t\t\t\t\t\t\t\t\t\t\t\t\t\t\t\t\t<\/div>\r\n\t\t\t\t\t\t\t<\/div>\r\n\t\t\t\t\t\t<\/div>\r\n\t\t\t\t\t<\/div>\r\n\t\t\t\t<\/div>\r\n\t\t\t\t<div class=\"col-xl-6\">\r\n\t\t\t\t\t<div class=\"about-one__right\">\r\n\t\t\t\t\t\t<div class=\"about-one__img-box wow slideInRight\" data-wow-delay=\"100ms\" data-wow-duration=\"2500ms\">\r\n\t\t\t\t\t\t\t\t\t\t\t\t\t\t\t<div class=\"about-one__img\">\r\n\t\t\t\t\t\t\t\t\t<img decoding=\"async\" src=\"https:\/\/airportpecs.com\/wp-content\/uploads\/2024\/03\/check-in.png\" alt=\"\">\r\n\t\t\t\t\t\t\t\t<\/div>\r\n\t\t\t\t\t\t\t\t\t\t\t\t\t\t<div class=\"about-one__satisfied\">\r\n\t\t\t\t\t\t\t\t<div class=\"about-one__satisfied-icon icon-svg-large\">\r\n\t\t\t\t\t\t\t\t\t<span aria-hidden=\"true\" class=\"far fa-check-circle\"><\/span>\t\t\t\t\t\t\t\t<\/div>\r\n\t\t\t\t\t\t\t\t<div class=\"about-one__satisfied-content count-box\">\r\n\t\t\t\t\t\t\t\t\t\t\t\t\t\t\t\t\t\t\t\t\t\t\t\t\t\t<\/div>\r\n\t\t\t\t\t\t\t<\/div>\r\n\t\t\t\t\t\t<\/div>\r\n\t\t\t\t\t<\/div>\r\n\t\t\t\t<\/div>\r\n\t\t\t<\/div>\r\n\t\t<\/div>\r\n\t<\/section>\r\n\t<!--About One End-->\r\n\t\t\t\t<\/div>\n\t\t\t\t<\/div>\n\t\t\t\t\t<\/div>\n\t\t<\/div>\n\t\t\t\t\t<\/div>\n\t\t<\/section>\n\t\t\t\t<section class=\"elementor-section elementor-top-section elementor-element elementor-element-3854a6f elementor-section-full_width elementor-section-stretched elementor-hidden-desktop elementor-hidden-tablet elementor-hidden-mobile elementor-section-height-default elementor-section-height-default\" data-id=\"3854a6f\" data-element_type=\"section\" data-e-type=\"section\" data-settings=\"{&quot;stretch_section&quot;:&quot;section-stretched&quot;}\">\n\t\t\t\t\t\t<div class=\"elementor-container elementor-column-gap-no\">\n\t\t\t\t\t<div class=\"elementor-column elementor-col-100 elementor-top-column elementor-element elementor-element-29fd6e0\" data-id=\"29fd6e0\" data-element_type=\"column\" data-e-type=\"column\">\n\t\t\t<div class=\"elementor-widget-wrap elementor-element-populated\">\n\t\t\t\t\t\t<div class=\"elementor-element elementor-element-56c26c8 elementor-widget elementor-widget-jetly-about\" data-id=\"56c26c8\" data-element_type=\"widget\" data-e-type=\"widget\" data-widget_type=\"jetly-about.default\">\n\t\t\t\t<div class=\"elementor-widget-container\">\n\t\t\t\t\t\t<!--About Two Start-->\r\n\t<section class=\"about-two\" style=\"background-image: url();\">\r\n\t\t\t\t<div class=\"container\">\r\n\t\t\t<div class=\"row\">\r\n\t\t\t\t<div class=\"col-xl-6\">\r\n\t\t\t\t\t<div class=\"about-two__left wow slideInLeft\" data-wow-delay=\"100ms\" data-wow-duration=\"2500ms\">\r\n\t\t\t\t\t\t\t\t\t\t\t\t<div class=\"about-two__img-box\">\r\n\t\t\t\t\t\t\t\t\t\t\t\t\t\t\t<div class=\"about-two__img-one\">\r\n\t\t\t\t\t\t\t\t\t<img decoding=\"async\" src=\"https:\/\/airportpecs.com\/wp-content\/uploads\/2024\/03\/Online-check-in.png\" alt=\"Online check in\" title=\"Online check in\" >\t\t\t\t\t\t\t\t<\/div>\r\n\t\t\t\t\t\t\t\t\t\t\t\t\t\t\t\t\t\t\t\t\t\t\t\t\t\t\t<\/div>\r\n\t\t\t\t\t<\/div>\r\n\t\t\t\t<\/div>\r\n\t\t\t\t<div class=\"col-xl-6\">\r\n\t\t\t\t\t<div class=\"about-two__right\">\r\n\t\t\t\t\t\t\t\t\t\t\t\t\t<div class=\"section-title text-left\">\r\n\t\t\t\t\t\t\t\t\t\t\t\t\t\t\t\t\t<span class=\"section-title__tagline\">airport p\u00e9cs<\/span>\r\n\t\t\t\t\t\t\t\t\t\t\t\t\t\t\t\t\t\t\t\t\t\t\t\t\t<h2 class=\"section-title__title\">Online Check-In<\/h2>\r\n\t\t\t\t\t\t\t\t\t\t\t\t\t\t\t<\/div>\r\n\t\t\t\t\t\t\t\t\t\t\t\t\t\t\t\t\t\t\t<div class=\"about-two__right-text-box\">\r\n\t\t\t\t\t\t\t\t\t\t\t\t\t\t\t\t\t\t\t\t\t\t\t\t\t<p class=\"about-two__right-text\">Online check-in is not available.<\/p>\r\n\t\t\t\t\t\t\t\t\t\t\t\t\t\t\t<\/div>\r\n\t\t\t\t\t\t\t\t\t\t\t\t\t\t\t\t\t\t\t<ul class=\"about-two__right-points list-unstyled ml-0\">\r\n\t\t\t\t\t\t\t\t\t\t\t\t\t\t\t<\/ul>\r\n\t\t\t\t\t\t\t\t\t\t\t\t\t\t\t\t\t\t\t<a target=\"_blank\" href=\"https:\/\/flyuniversalair.com\/en\/check-in\/\" class=\"thm-btn about-two__btn\">Universal Air<\/a>\r\n\t\t\t\t\t\t\t\t\t\t\t<\/div>\r\n\t\t\t\t<\/div>\r\n\t\t\t<\/div>\r\n\t\t<\/div>\r\n\t<\/section>\r\n\t<!--About Two End-->\r\n\t\t\t\t<\/div>\n\t\t\t\t<\/div>\n\t\t\t\t\t<\/div>\n\t\t<\/div>\n\t\t\t\t\t<\/div>\n\t\t<\/section>\n\t\t\t\t<section class=\"elementor-section elementor-top-section elementor-element elementor-element-050e12f elementor-section-full_width elementor-section-stretched elementor-section-height-default elementor-section-height-default\" data-id=\"050e12f\" data-element_type=\"section\" data-e-type=\"section\" data-settings=\"{&quot;stretch_section&quot;:&quot;section-stretched&quot;}\">\n\t\t\t\t\t\t<div class=\"elementor-container elementor-column-gap-no\">\n\t\t\t\t\t<div class=\"elementor-column elementor-col-100 elementor-top-column elementor-element elementor-element-88d096a\" data-id=\"88d096a\" data-element_type=\"column\" data-e-type=\"column\">\n\t\t\t<div class=\"elementor-widget-wrap elementor-element-populated\">\n\t\t\t\t\t\t<div class=\"elementor-element elementor-element-ef1bbec elementor-widget elementor-widget-jetly-about\" data-id=\"ef1bbec\" data-element_type=\"widget\" data-e-type=\"widget\" data-widget_type=\"jetly-about.default\">\n\t\t\t\t<div class=\"elementor-widget-container\">\n\t\t\t\t\t\t<!--About Two Start-->\r\n\t<section class=\"about-two\" style=\"background-image: url();\">\r\n\t\t\t\t<div class=\"container\">\r\n\t\t\t<div class=\"row\">\r\n\t\t\t\t<div class=\"col-xl-6\">\r\n\t\t\t\t\t<div class=\"about-two__left wow slideInLeft\" data-wow-delay=\"100ms\" data-wow-duration=\"2500ms\">\r\n\t\t\t\t\t\t\t\t\t\t\t\t<div class=\"about-two__img-box\">\r\n\t\t\t\t\t\t\t\t\t\t\t\t\t\t\t<div class=\"about-two__img-one\">\r\n\t\t\t\t\t\t\t\t\t<img decoding=\"async\" src=\"https:\/\/airportpecs.com\/wp-content\/uploads\/2024\/03\/Beszallokartya-e1711350551540.png\" alt=\"Besz\u00e1ll\u00f3k\u00e1rtya\" title=\"Boarding pass\" >\t\t\t\t\t\t\t\t<\/div>\r\n\t\t\t\t\t\t\t\t\t\t\t\t\t\t\t\t\t\t\t\t\t\t\t\t\t\t\t<\/div>\r\n\t\t\t\t\t<\/div>\r\n\t\t\t\t<\/div>\r\n\t\t\t\t<div class=\"col-xl-6\">\r\n\t\t\t\t\t<div class=\"about-two__right\">\r\n\t\t\t\t\t\t\t\t\t\t\t\t\t<div class=\"section-title text-left\">\r\n\t\t\t\t\t\t\t\t\t\t\t\t\t\t\t\t\t<span class=\"section-title__tagline\">airport p\u00e9cs<\/span>\r\n\t\t\t\t\t\t\t\t\t\t\t\t\t\t\t\t\t\t\t\t\t\t\t\t\t<h2 class=\"section-title__title\">Boarding pass<\/h2>\r\n\t\t\t\t\t\t\t\t\t\t\t\t\t\t\t<\/div>\r\n\t\t\t\t\t\t\t\t\t\t\t\t\t\t\t\t\t\t\t<div class=\"about-two__right-text-box\">\r\n\t\t\t\t\t\t\t\t\t\t\t\t\t\t\t\t\t\t\t\t\t\t\t\t\t<p class=\"about-two__right-text\">In any case, the passenger must arrive at the delivery gate by the delivery time indicated on the boarding pass. If you do not attend at the specified time or arrive too late, you may be denied boarding.<\/p>\r\n\t\t\t\t\t\t\t\t\t\t\t\t\t\t\t<\/div>\r\n\t\t\t\t\t\t\t\t\t\t\t\t\t\t\t\t\t\t\t<ul class=\"about-two__right-points list-unstyled ml-0\">\r\n\t\t\t\t\t\t\t\t\t\t\t\t\t\t\t<\/ul>\r\n\t\t\t\t\t\t\t\t\t\t\t\t\t\t\t\t\t<\/div>\r\n\t\t\t\t<\/div>\r\n\t\t\t<\/div>\r\n\t\t<\/div>\r\n\t<\/section>\r\n\t<!--About Two End-->\r\n\t\t\t\t<\/div>\n\t\t\t\t<\/div>\n\t\t\t\t\t<\/div>\n\t\t<\/div>\n\t\t\t\t\t<\/div>\n\t\t<\/section>\n\t\t\t\t<section class=\"elementor-section elementor-top-section elementor-element elementor-element-8602918 elementor-section-full_width elementor-section-stretched elementor-section-height-default elementor-section-height-default\" data-id=\"8602918\" data-element_type=\"section\" data-e-type=\"section\" data-settings=\"{&quot;stretch_section&quot;:&quot;section-stretched&quot;}\">\n\t\t\t\t\t\t<div class=\"elementor-container elementor-column-gap-no\">\n\t\t\t\t\t<div class=\"elementor-column elementor-col-100 elementor-top-column elementor-element elementor-element-eff3e76\" data-id=\"eff3e76\" data-element_type=\"column\" data-e-type=\"column\">\n\t\t\t<div class=\"elementor-widget-wrap elementor-element-populated\">\n\t\t\t\t\t\t<div class=\"elementor-element elementor-element-072656d elementor-widget elementor-widget-jetly-about\" data-id=\"072656d\" data-element_type=\"widget\" data-e-type=\"widget\" data-widget_type=\"jetly-about.default\">\n\t\t\t\t<div class=\"elementor-widget-container\">\n\t\t\t\t\t\t<!--About One Start-->\r\n\t<section class=\"about-one\" style=\"background-image: url(http:\/\/bracketweb.com\/jetlywp\/wp-content\/uploads\/2023\/01\/about-1-bg-d-1.png);\">\r\n\t\t<div class=\"container\">\r\n\t\t\t<div class=\"row\">\r\n\t\t\t\t<div class=\"col-xl-6\">\r\n\t\t\t\t\t<div class=\"about-one__left\">\r\n\t\t\t\t\t\t\t\t\t\t\t\t\t<div class=\"section-title text-left\">\r\n\t\t\t\t\t\t\t\t\t\t\t\t\t\t\t\t\t<span class=\"section-title__tagline\">airport p\u00e9cs<\/span>\r\n\t\t\t\t\t\t\t\t\t\t\t\t\t\t\t\t\t\t\t\t\t\t\t\t\t<h2 class=\"section-title__title\">Ticket processing<\/h2>\r\n\t\t\t\t\t\t\t\t\t\t\t\t\t\t\t<\/div>\r\n\t\t\t\t\t\t\t\t\t\t\t\t\t\t\t\t\t\t\t<p class=\"about-one__text\">A flight ticket and a valid travel document (Passport or Identity Card) are absolutely necessary for ticket processing. It is recommended to check the validity of the travel document in advance, as travel may be refused in the absence of a valid travel document!<\/p>\r\n\t\t\t\t\t\t\t\t\t\t\t\t\t\t\t\t\t\t\t<ul class=\"list-unstyled about-one__points ml-0\">\r\n\t\t\t\t\t\t\t\t\t\t\t\t\t\t\t<\/ul>\r\n\t\t\t\t\t\t\t\t\t\t\t\t<div class=\"about-one__btn-call\">\r\n\t\t\t\t\t\t\t\t\t\t\t\t\t\t\t<div class=\"about-one__btn-box\">\r\n\t\t\t\t\t\t\t\t\t<a   href=\"\/en\/kapcsolat\/\" class=\"thm-btn about-one__btn\">Contact us<\/a>\r\n\t\t\t\t\t\t\t\t<\/div>\r\n\t\t\t\t\t\t\t\t\t\t\t\t\t\t<div class=\"about-one__call\">\r\n\t\t\t\t\t\t\t\t<div class=\"about-one__call-icon icon-svg\">\r\n\t\t\t\t\t\t\t\t\t<span aria-hidden=\"true\" class=\"icon-telephone\"><\/span>\t\t\t\t\t\t\t\t<\/div>\r\n\t\t\t\t\t\t\t\t<div class=\"about-one__call-content\">\r\n\t\t\t\t\t\t\t\t\t\t\t\t\t\t\t\t\t\t\t<span class=\"about-one__call-sub-title\">Call us<\/span>\r\n\t\t\t\t\t\t\t\t\t\t\t\t\t\t\t\t\t\t\t\t\t\t\t\t\t\t\t\t<p class=\"about-one__call-number\"><a href=\"tel:+3672526156\">+36 72 526 156<\/a><\/p>\r\n\t\t\t\t\t\t\t\t\t\t\t\t\t\t\t\t\t<\/div>\r\n\t\t\t\t\t\t\t<\/div>\r\n\t\t\t\t\t\t<\/div>\r\n\t\t\t\t\t<\/div>\r\n\t\t\t\t<\/div>\r\n\t\t\t\t<div class=\"col-xl-6\">\r\n\t\t\t\t\t<div class=\"about-one__right\">\r\n\t\t\t\t\t\t<div class=\"about-one__img-box wow slideInRight\" data-wow-delay=\"100ms\" data-wow-duration=\"2500ms\">\r\n\t\t\t\t\t\t\t\t\t\t\t\t\t\t\t<div class=\"about-one__img\">\r\n\t\t\t\t\t\t\t\t\t<img decoding=\"async\" src=\"https:\/\/airportpecs.com\/wp-content\/uploads\/2024\/03\/Jegykezeles.png\" alt=\"\">\r\n\t\t\t\t\t\t\t\t<\/div>\r\n\t\t\t\t\t\t\t\t\t\t\t\t\t\t<div class=\"about-one__satisfied\">\r\n\t\t\t\t\t\t\t\t<div class=\"about-one__satisfied-icon icon-svg-large\">\r\n\t\t\t\t\t\t\t\t\t<span aria-hidden=\"true\" class=\"fas fa-ticket-alt\"><\/span>\t\t\t\t\t\t\t\t<\/div>\r\n\t\t\t\t\t\t\t\t<div class=\"about-one__satisfied-content count-box\">\r\n\t\t\t\t\t\t\t\t\t\t\t\t\t\t\t\t\t\t\t\t\t\t\t\t\t\t<\/div>\r\n\t\t\t\t\t\t\t<\/div>\r\n\t\t\t\t\t\t<\/div>\r\n\t\t\t\t\t<\/div>\r\n\t\t\t\t<\/div>\r\n\t\t\t<\/div>\r\n\t\t<\/div>\r\n\t<\/section>\r\n\t<!--About One End-->\r\n\t\t\t\t<\/div>\n\t\t\t\t<\/div>\n\t\t\t\t\t<\/div>\n\t\t<\/div>\n\t\t\t\t\t<\/div>\n\t\t<\/section>\n\t\t\t\t<\/div>","protected":false},"excerpt":{"rendered":"<p>airport p\u00e9cs \u00c1ltal\u00e1nos Inform\u00e1ci\u00f3k \u2013 Check-In A check-in, azaz a jegykezel\u00e9s \u00e9s poggy\u00e1szfelv\u00e9tel, a j\u00e1rat indul\u00e1sa el\u0151tt 120 perccel kezd\u0151dik. \u00c9rdemes m\u00e1r ekkor a rep\u00fcl\u0151t\u00e9rre \u00e9rkezni, hogy mindenre jusson el\u00e9g id\u0151 az utaz\u00e1s el\u0151tt. A check-in pult a rep\u00fcl\u0151g\u00e9p menetrendszerinti indul\u00e1si ideje el\u0151tt 40 perccel bez\u00e1r, ez id\u0151pont ut\u00e1n \u00e9rkez\u0151 utasok felv\u00e9tele a j\u00e1ratra m\u00e1r [&hellip;]<\/p>\n","protected":false},"author":1,"featured_media":0,"parent":0,"menu_order":0,"comment_status":"closed","ping_status":"closed","template":"elementor_header_footer","meta":{"iawp_total_views":340,"footnotes":""},"class_list":["post-2134","page","type-page","status-publish","hentry"],"_links":{"self":[{"href":"https:\/\/airportpecs.com\/en\/wp-json\/wp\/v2\/pages\/2134","targetHints":{"allow":["GET"]}}],"collection":[{"href":"https:\/\/airportpecs.com\/en\/wp-json\/wp\/v2\/pages"}],"about":[{"href":"https:\/\/airportpecs.com\/en\/wp-json\/wp\/v2\/types\/page"}],"author":[{"embeddable":true,"href":"https:\/\/airportpecs.com\/en\/wp-json\/wp\/v2\/users\/1"}],"replies":[{"embeddable":true,"href":"https:\/\/airportpecs.com\/en\/wp-json\/wp\/v2\/comments?post=2134"}],"version-history":[{"count":61,"href":"https:\/\/airportpecs.com\/en\/wp-json\/wp\/v2\/pages\/2134\/revisions"}],"predecessor-version":[{"id":4318,"href":"https:\/\/airportpecs.com\/en\/wp-json\/wp\/v2\/pages\/2134\/revisions\/4318"}],"wp:attachment":[{"href":"https:\/\/airportpecs.com\/en\/wp-json\/wp\/v2\/media?parent=2134"}],"curies":[{"name":"wp","href":"https:\/\/api.w.org\/{rel}","templated":true}]}}