{"id":2136,"date":"2024-03-05T14:13:09","date_gmt":"2024-03-05T13:13:09","guid":{"rendered":"https:\/\/airportpecs.com\/?page_id=2136"},"modified":"2024-04-06T10:11:50","modified_gmt":"2024-04-06T08:11:50","slug":"biztonsagi-ellenorzes","status":"publish","type":"page","link":"https:\/\/airportpecs.com\/en\/biztonsagi-ellenorzes\/","title":{"rendered":"Security check"},"content":{"rendered":"<div data-elementor-type=\"wp-page\" data-elementor-id=\"2136\" class=\"elementor elementor-2136\" data-elementor-post-type=\"page\">\n\t\t\t\t\t\t<section class=\"elementor-section elementor-top-section elementor-element elementor-element-2d2b15b elementor-section-full_width elementor-section-stretched elementor-section-height-default elementor-section-height-default\" data-id=\"2d2b15b\" data-element_type=\"section\" data-e-type=\"section\" data-settings=\"{&quot;stretch_section&quot;:&quot;section-stretched&quot;}\">\n\t\t\t\t\t\t<div class=\"elementor-container elementor-column-gap-no\">\n\t\t\t\t\t<div class=\"elementor-column elementor-col-100 elementor-top-column elementor-element elementor-element-fa8f616\" data-id=\"fa8f616\" data-element_type=\"column\" data-e-type=\"column\">\n\t\t\t<div class=\"elementor-widget-wrap elementor-element-populated\">\n\t\t\t\t\t\t<div class=\"elementor-element elementor-element-e82cc27 elementor-widget elementor-widget-jetly-about\" data-id=\"e82cc27\" data-element_type=\"widget\" data-e-type=\"widget\" data-widget_type=\"jetly-about.default\">\n\t\t\t\t<div class=\"elementor-widget-container\">\n\t\t\t\t\t\t<!--About One Start-->\r\n\t<section class=\"about-one\" style=\"background-image: url(http:\/\/bracketweb.com\/jetlywp\/wp-content\/uploads\/2023\/01\/about-1-bg-d-1.png);\">\r\n\t\t<div class=\"container\">\r\n\t\t\t<div class=\"row\">\r\n\t\t\t\t<div class=\"col-xl-6\">\r\n\t\t\t\t\t<div class=\"about-one__left\">\r\n\t\t\t\t\t\t\t\t\t\t\t\t\t<div class=\"section-title text-left\">\r\n\t\t\t\t\t\t\t\t\t\t\t\t\t\t\t\t\t<span class=\"section-title__tagline\">airport p\u00e9cs<\/span>\r\n\t\t\t\t\t\t\t\t\t\t\t\t\t\t\t\t\t\t\t\t\t\t\t\t\t<h2 class=\"section-title__title\">General Informations - Security Check<\/h2>\r\n\t\t\t\t\t\t\t\t\t\t\t\t\t\t\t<\/div>\r\n\t\t\t\t\t\t\t\t\t\t\t\t\t\t\t\t\t\t\t<p class=\"about-one__text\">Regardless of the destination, all passengers, as well as checked and hand luggage, undergo a security check before the flight departs. That is why it is important to arrive at the airport on time, because you may have to wait longer at the check-in and passenger security points. Passenger\u2019s clothing and hand luggage will be checked after ticket processing and travel documents have been checked. Please always follow the instructions of the security staff. In order to make the inspection run smoothly, please place your hand luggage in the basket, as well as remove your outer clothing and, in some cases, your shoes upon request, and empty your pockets before passing through the metal detector gate.\nThe purpose of the procedure is to ensure that no sharp objects, weapons, liquids, or other materials or objects endangering the safety of the flight \nLiquids, gels or creams can be transported in hand luggage in containers of a maximum of 100 ml. All packages must be placed in a transparent, resealable plastic bag with a maximum capacity of 1 liter per passenger. During the passenger security check, please place the bag separately on the tray.\n<\/p>\r\n\t\t\t\t\t\t\t\t\t\t\t\t\t\t\t\t\t\t\t<ul class=\"list-unstyled about-one__points ml-0\">\r\n\t\t\t\t\t\t\t\t\t\t\t\t\t\t\t<\/ul>\r\n\t\t\t\t\t\t\t\t\t\t\t\t<div class=\"about-one__btn-call\">\r\n\t\t\t\t\t\t\t\t\t\t\t\t\t\t\t<div class=\"about-one__btn-box\">\r\n\t\t\t\t\t\t\t\t\t<a   href=\"\/en\/kapcsolat\/\" class=\"thm-btn about-one__btn\">Contact us<\/a>\r\n\t\t\t\t\t\t\t\t<\/div>\r\n\t\t\t\t\t\t\t\t\t\t\t\t\t\t<div class=\"about-one__call\">\r\n\t\t\t\t\t\t\t\t<div class=\"about-one__call-icon icon-svg\">\r\n\t\t\t\t\t\t\t\t\t<span aria-hidden=\"true\" class=\"icon-telephone\"><\/span>\t\t\t\t\t\t\t\t<\/div>\r\n\t\t\t\t\t\t\t\t<div class=\"about-one__call-content\">\r\n\t\t\t\t\t\t\t\t\t\t\t\t\t\t\t\t\t\t\t<span class=\"about-one__call-sub-title\">Call us<\/span>\r\n\t\t\t\t\t\t\t\t\t\t\t\t\t\t\t\t\t\t\t\t\t\t\t\t\t\t\t\t<p class=\"about-one__call-number\"><a href=\"tel:+3672526156\">+36 72 526 156<\/a><\/p>\r\n\t\t\t\t\t\t\t\t\t\t\t\t\t\t\t\t\t<\/div>\r\n\t\t\t\t\t\t\t<\/div>\r\n\t\t\t\t\t\t<\/div>\r\n\t\t\t\t\t<\/div>\r\n\t\t\t\t<\/div>\r\n\t\t\t\t<div class=\"col-xl-6\">\r\n\t\t\t\t\t<div class=\"about-one__right\">\r\n\t\t\t\t\t\t<div class=\"about-one__img-box wow slideInRight\" data-wow-delay=\"100ms\" data-wow-duration=\"2500ms\">\r\n\t\t\t\t\t\t\t\t\t\t\t\t\t\t\t<div class=\"about-one__img\">\r\n\t\t\t\t\t\t\t\t\t<img decoding=\"async\" src=\"https:\/\/airportpecs.com\/wp-content\/uploads\/2024\/03\/Biztonsag1.png\" alt=\"\">\r\n\t\t\t\t\t\t\t\t<\/div>\r\n\t\t\t\t\t\t\t\t\t\t\t\t\t\t<div class=\"about-one__satisfied\">\r\n\t\t\t\t\t\t\t\t<div class=\"about-one__satisfied-icon icon-svg-large\">\r\n\t\t\t\t\t\t\t\t\t<span aria-hidden=\"true\" class=\"fas fa-info\"><\/span>\t\t\t\t\t\t\t\t<\/div>\r\n\t\t\t\t\t\t\t\t<div class=\"about-one__satisfied-content count-box\">\r\n\t\t\t\t\t\t\t\t\t\t\t\t\t\t\t\t\t\t\t\t\t\t\t\t\t\t<\/div>\r\n\t\t\t\t\t\t\t<\/div>\r\n\t\t\t\t\t\t<\/div>\r\n\t\t\t\t\t<\/div>\r\n\t\t\t\t<\/div>\r\n\t\t\t<\/div>\r\n\t\t<\/div>\r\n\t<\/section>\r\n\t<!--About One End-->\r\n\t\t\t\t<\/div>\n\t\t\t\t<\/div>\n\t\t\t\t\t<\/div>\n\t\t<\/div>\n\t\t\t\t\t<\/div>\n\t\t<\/section>\n\t\t<div class=\"elementor-element elementor-element-c468e64 e-flex e-con-boxed e-con e-parent\" data-id=\"c468e64\" data-element_type=\"container\" data-e-type=\"container\">\n\t\t\t\t\t<div class=\"e-con-inner\">\n\t\t\t\t<div class=\"elementor-element elementor-element-47953a0 elementor-widget elementor-widget-heading\" data-id=\"47953a0\" data-element_type=\"widget\" data-e-type=\"widget\" data-widget_type=\"heading.default\">\n\t\t\t\t<div class=\"elementor-widget-container\">\n\t\t\t\t\t<h2 class=\"elementor-heading-title elementor-size-default\">Prohibited items in checked-in and carry on baggage:<\/h2>\t\t\t\t<\/div>\n\t\t\t\t<\/div>\n\t\t\t\t\t<\/div>\n\t\t\t\t<\/div>\n\t\t<div class=\"elementor-element elementor-element-7e2373a e-flex e-con-boxed e-con e-parent\" data-id=\"7e2373a\" data-element_type=\"container\" data-e-type=\"container\">\n\t\t\t\t\t<div class=\"e-con-inner\">\n\t\t\t\t<div class=\"elementor-element elementor-element-aab0f5c elementor-widget elementor-widget-image\" data-id=\"aab0f5c\" data-element_type=\"widget\" data-e-type=\"widget\" data-widget_type=\"image.default\">\n\t\t\t\t<div class=\"elementor-widget-container\">\n\t\t\t\t\t\t\t\t\t\t\t\t\t\t\t<img fetchpriority=\"high\" decoding=\"async\" width=\"640\" height=\"312\" src=\"https:\/\/airportpecs.com\/wp-content\/uploads\/2024\/03\/Biztonsag2-1.png\" class=\"attachment-large size-large wp-image-2354\" alt=\"\" srcset=\"https:\/\/airportpecs.com\/wp-content\/uploads\/2024\/03\/Biztonsag2-1.png 716w, https:\/\/airportpecs.com\/wp-content\/uploads\/2024\/03\/Biztonsag2-1-300x146.png 300w, https:\/\/airportpecs.com\/wp-content\/uploads\/2024\/03\/Biztonsag2-1-570x278.png 570w\" sizes=\"(max-width: 640px) 100vw, 640px\" \/>\t\t\t\t\t\t\t\t\t\t\t\t\t\t\t<\/div>\n\t\t\t\t<\/div>\n\t\t\t\t<div class=\"elementor-element elementor-element-2124c34 elementor-widget elementor-widget-heading\" data-id=\"2124c34\" data-element_type=\"widget\" data-e-type=\"widget\" data-widget_type=\"heading.default\">\n\t\t\t\t<div class=\"elementor-widget-container\">\n\t\t\t\t\t<h2 class=\"elementor-heading-title elementor-size-default\">Only allowed in cabin baggage:<\/h2>\t\t\t\t<\/div>\n\t\t\t\t<\/div>\n\t\t\t\t<div class=\"elementor-element elementor-element-f6f6e52 elementor-widget elementor-widget-image\" data-id=\"f6f6e52\" data-element_type=\"widget\" data-e-type=\"widget\" data-widget_type=\"image.default\">\n\t\t\t\t<div class=\"elementor-widget-container\">\n\t\t\t\t\t\t\t\t\t\t\t\t\t\t\t<img decoding=\"async\" width=\"640\" height=\"231\" src=\"https:\/\/airportpecs.com\/wp-content\/uploads\/2024\/03\/Biztonsag3.png\" class=\"attachment-large size-large wp-image-2359\" alt=\"\" srcset=\"https:\/\/airportpecs.com\/wp-content\/uploads\/2024\/03\/Biztonsag3.png 832w, https:\/\/airportpecs.com\/wp-content\/uploads\/2024\/03\/Biztonsag3-300x108.png 300w, https:\/\/airportpecs.com\/wp-content\/uploads\/2024\/03\/Biztonsag3-768x277.png 768w, https:\/\/airportpecs.com\/wp-content\/uploads\/2024\/03\/Biztonsag3-570x206.png 570w\" sizes=\"(max-width: 640px) 100vw, 640px\" \/>\t\t\t\t\t\t\t\t\t\t\t\t\t\t\t<\/div>\n\t\t\t\t<\/div>\n\t\t\t\t\t<\/div>\n\t\t\t\t<\/div>\n\t\t\t\t<\/div>","protected":false},"excerpt":{"rendered":"<p>airport p\u00e9cs \u00c1ltal\u00e1nos Inform\u00e1ci\u00f3k \u2013 Biztons\u00e1gi ellen\u0151rz\u00e9s C\u00e9l\u00e1llom\u00e1st\u00f3l f\u00fcggetlen\u00fcl, a rep\u00fcl\u0151j\u00e1rat indul\u00e1sa el\u0151tt minden utas, illetve feladott- \u00e9s k\u00e9zipoggy\u00e1sz biztons\u00e1gi ellen\u0151rz\u00e9sen esik \u00e1t. Ez\u00e9rt is fontos, hogy id\u0151ben \u00e9rkezzen meg a rep\u00fcl\u0151t\u00e9rre, mert el\u0151fordulhat hogy hosszabb v\u00e1rakoz\u00e1si id\u0151vel kell sz\u00e1molni az utasfelv\u00e9teli-, \u00e9s az utasbiztons\u00e1gi pontokn\u00e1l is. Az utasok ruh\u00e1zat\u00e1nak \u00e9s k\u00e9zipoggy\u00e1sz\u00e1nak \u00e1tvizsg\u00e1l\u00e1s\u00e1ra a jegykezel\u00e9s [&hellip;]<\/p>\n","protected":false},"author":1,"featured_media":0,"parent":0,"menu_order":0,"comment_status":"closed","ping_status":"closed","template":"elementor_header_footer","meta":{"iawp_total_views":150,"footnotes":""},"class_list":["post-2136","page","type-page","status-publish","hentry"],"_links":{"self":[{"href":"https:\/\/airportpecs.com\/en\/wp-json\/wp\/v2\/pages\/2136","targetHints":{"allow":["GET"]}}],"collection":[{"href":"https:\/\/airportpecs.com\/en\/wp-json\/wp\/v2\/pages"}],"about":[{"href":"https:\/\/airportpecs.com\/en\/wp-json\/wp\/v2\/types\/page"}],"author":[{"embeddable":true,"href":"https:\/\/airportpecs.com\/en\/wp-json\/wp\/v2\/users\/1"}],"replies":[{"embeddable":true,"href":"https:\/\/airportpecs.com\/en\/wp-json\/wp\/v2\/comments?post=2136"}],"version-history":[{"count":31,"href":"https:\/\/airportpecs.com\/en\/wp-json\/wp\/v2\/pages\/2136\/revisions"}],"predecessor-version":[{"id":3581,"href":"https:\/\/airportpecs.com\/en\/wp-json\/wp\/v2\/pages\/2136\/revisions\/3581"}],"wp:attachment":[{"href":"https:\/\/airportpecs.com\/en\/wp-json\/wp\/v2\/media?parent=2136"}],"curies":[{"name":"wp","href":"https:\/\/api.w.org\/{rel}","templated":true}]}}