{"id":2144,"date":"2024-03-05T14:15:10","date_gmt":"2024-03-05T13:15:10","guid":{"rendered":"https:\/\/airportpecs.com\/?page_id=2144"},"modified":"2025-02-14T10:53:42","modified_gmt":"2025-02-14T09:53:42","slug":"poggyasz-informaciok","status":"publish","type":"page","link":"https:\/\/airportpecs.com\/en\/poggyasz-informaciok\/","title":{"rendered":"Baggage information"},"content":{"rendered":"<div data-elementor-type=\"wp-page\" data-elementor-id=\"2144\" class=\"elementor elementor-2144\" data-elementor-post-type=\"page\">\n\t\t\t\t\t\t<section class=\"elementor-section elementor-top-section elementor-element elementor-element-763d04e elementor-section-full_width elementor-section-stretched elementor-section-height-default elementor-section-height-default\" data-id=\"763d04e\" data-element_type=\"section\" data-e-type=\"section\" data-settings=\"{&quot;stretch_section&quot;:&quot;section-stretched&quot;}\">\n\t\t\t\t\t\t<div class=\"elementor-container elementor-column-gap-no\">\n\t\t\t\t\t<div class=\"elementor-column elementor-col-100 elementor-top-column elementor-element elementor-element-725adb2\" data-id=\"725adb2\" data-element_type=\"column\" data-e-type=\"column\">\n\t\t\t<div class=\"elementor-widget-wrap elementor-element-populated\">\n\t\t\t\t\t\t<div class=\"elementor-element elementor-element-2a9f885 elementor-widget elementor-widget-jetly-about\" data-id=\"2a9f885\" data-element_type=\"widget\" data-e-type=\"widget\" data-widget_type=\"jetly-about.default\">\n\t\t\t\t<div class=\"elementor-widget-container\">\n\t\t\t\t\t\t<!--About One Start-->\r\n\t<section class=\"about-one\" style=\"background-image: url(http:\/\/bracketweb.com\/jetlywp\/wp-content\/uploads\/2023\/01\/about-1-bg-d-1.png);\">\r\n\t\t<div class=\"container\">\r\n\t\t\t<div class=\"row\">\r\n\t\t\t\t<div class=\"col-xl-6\">\r\n\t\t\t\t\t<div class=\"about-one__left\">\r\n\t\t\t\t\t\t\t\t\t\t\t\t\t<div class=\"section-title text-left\">\r\n\t\t\t\t\t\t\t\t\t\t\t\t\t\t\t\t\t<span class=\"section-title__tagline\">airport p\u00e9cs<\/span>\r\n\t\t\t\t\t\t\t\t\t\t\t\t\t\t\t\t\t\t\t\t\t\t\t\t\t<h2 class=\"section-title__title\">Baggage Informations - Baggage Policy<\/h2>\r\n\t\t\t\t\t\t\t\t\t\t\t\t\t\t\t<\/div>\r\n\t\t\t\t\t\t\t\t\t\t\t\t\t\t\t\t\t\t\t<p class=\"about-one__text\">Current baggage information is available on the airline's website. https:\/\/flyuniversalair.com\/<\/p>\r\n\t\t\t\t\t\t\t\t\t\t\t\t\t\t\t\t\t\t\t<ul class=\"list-unstyled about-one__points ml-0\">\r\n\t\t\t\t\t\t\t\t\t\t\t\t\t\t\t<\/ul>\r\n\t\t\t\t\t\t\t\t\t\t\t\t<div class=\"about-one__btn-call\">\r\n\t\t\t\t\t\t\t\t\t\t\t\t\t\t\t<div class=\"about-one__btn-box\">\r\n\t\t\t\t\t\t\t\t\t<a   href=\"\/en\/kapcsolat\/\" class=\"thm-btn about-one__btn\">Contact us<\/a>\r\n\t\t\t\t\t\t\t\t<\/div>\r\n\t\t\t\t\t\t\t\t\t\t\t\t\t\t<div class=\"about-one__call\">\r\n\t\t\t\t\t\t\t\t<div class=\"about-one__call-icon icon-svg\">\r\n\t\t\t\t\t\t\t\t\t<span aria-hidden=\"true\" class=\"icon-telephone\"><\/span>\t\t\t\t\t\t\t\t<\/div>\r\n\t\t\t\t\t\t\t\t<div class=\"about-one__call-content\">\r\n\t\t\t\t\t\t\t\t\t\t\t\t\t\t\t\t\t\t\t<span class=\"about-one__call-sub-title\">Call us<\/span>\r\n\t\t\t\t\t\t\t\t\t\t\t\t\t\t\t\t\t\t\t\t\t\t\t\t\t\t\t\t<p class=\"about-one__call-number\"><a href=\"tel:+3672526156\">+36 72 526 156<\/a><\/p>\r\n\t\t\t\t\t\t\t\t\t\t\t\t\t\t\t\t\t<\/div>\r\n\t\t\t\t\t\t\t<\/div>\r\n\t\t\t\t\t\t<\/div>\r\n\t\t\t\t\t<\/div>\r\n\t\t\t\t<\/div>\r\n\t\t\t\t<div class=\"col-xl-6\">\r\n\t\t\t\t\t<div class=\"about-one__right\">\r\n\t\t\t\t\t\t<div class=\"about-one__img-box wow slideInRight\" data-wow-delay=\"100ms\" data-wow-duration=\"2500ms\">\r\n\t\t\t\t\t\t\t\t\t\t\t\t\t\t\t<div class=\"about-one__img\">\r\n\t\t\t\t\t\t\t\t\t<img decoding=\"async\" src=\"https:\/\/airportpecs.com\/wp-content\/uploads\/2024\/03\/Poggyasz.png\" alt=\"\">\r\n\t\t\t\t\t\t\t\t<\/div>\r\n\t\t\t\t\t\t\t\t\t\t\t\t\t\t<div class=\"about-one__satisfied\">\r\n\t\t\t\t\t\t\t\t<div class=\"about-one__satisfied-icon icon-svg-large\">\r\n\t\t\t\t\t\t\t\t\t<span aria-hidden=\"true\" class=\"fas fa-luggage-cart\"><\/span>\t\t\t\t\t\t\t\t<\/div>\r\n\t\t\t\t\t\t\t\t<div class=\"about-one__satisfied-content count-box\">\r\n\t\t\t\t\t\t\t\t\t\t\t\t\t\t\t\t\t\t\t\t\t\t\t\t\t\t<\/div>\r\n\t\t\t\t\t\t\t<\/div>\r\n\t\t\t\t\t\t<\/div>\r\n\t\t\t\t\t<\/div>\r\n\t\t\t\t<\/div>\r\n\t\t\t<\/div>\r\n\t\t<\/div>\r\n\t<\/section>\r\n\t<!--About One End-->\r\n\t\t\t\t<\/div>\n\t\t\t\t<\/div>\n\t\t\t\t\t<\/div>\n\t\t<\/div>\n\t\t\t\t\t<\/div>\n\t\t<\/section>\n\t\t\t\t<section class=\"elementor-section elementor-top-section elementor-element elementor-element-26b109c elementor-section-full_width elementor-section-stretched elementor-section-height-default elementor-section-height-default\" data-id=\"26b109c\" data-element_type=\"section\" data-e-type=\"section\" data-settings=\"{&quot;stretch_section&quot;:&quot;section-stretched&quot;}\">\n\t\t\t\t\t\t<div class=\"elementor-container elementor-column-gap-no\">\n\t\t\t\t\t<div class=\"elementor-column elementor-col-100 elementor-top-column elementor-element elementor-element-4a718ae\" data-id=\"4a718ae\" data-element_type=\"column\" data-e-type=\"column\">\n\t\t\t<div class=\"elementor-widget-wrap elementor-element-populated\">\n\t\t\t\t\t\t<div class=\"elementor-element elementor-element-c862b54 elementor-widget elementor-widget-jetly-about\" data-id=\"c862b54\" data-element_type=\"widget\" data-e-type=\"widget\" data-widget_type=\"jetly-about.default\">\n\t\t\t\t<div class=\"elementor-widget-container\">\n\t\t\t\t\t\t<!--About Two Start-->\r\n\t<section class=\"about-two\" style=\"background-image: url();\">\r\n\t\t\t\t<div class=\"container\">\r\n\t\t\t<div class=\"row\">\r\n\t\t\t\t<div class=\"col-xl-6\">\r\n\t\t\t\t\t<div class=\"about-two__left wow slideInLeft\" data-wow-delay=\"100ms\" data-wow-duration=\"2500ms\">\r\n\t\t\t\t\t\t\t\t\t\t\t\t<div class=\"about-two__img-box\">\r\n\t\t\t\t\t\t\t\t\t\t\t\t\t\t\t<div class=\"about-two__img-one\">\r\n\t\t\t\t\t\t\t\t\t<img decoding=\"async\" src=\"https:\/\/airportpecs.com\/wp-content\/uploads\/2024\/03\/Poggyasz-2-e1711027843198.png\" alt=\"Poggy\u00e1sz 2\" title=\"Poggy\u00e1sz 2\" >\t\t\t\t\t\t\t\t<\/div>\r\n\t\t\t\t\t\t\t\t\t\t\t\t\t\t\t\t\t\t\t\t\t\t\t\t\t\t\t<\/div>\r\n\t\t\t\t\t<\/div>\r\n\t\t\t\t<\/div>\r\n\t\t\t\t<div class=\"col-xl-6\">\r\n\t\t\t\t\t<div class=\"about-two__right\">\r\n\t\t\t\t\t\t\t\t\t\t\t\t\t<div class=\"section-title text-left\">\r\n\t\t\t\t\t\t\t\t\t\t\t\t\t\t\t\t\t<span class=\"section-title__tagline\">airport p\u00e9cs<\/span>\r\n\t\t\t\t\t\t\t\t\t\t\t\t\t\t\t\t\t\t\t\t\t\t\t\t\t<h2 class=\"section-title__title\">Size and weight of checked baggage:<\/h2>\r\n\t\t\t\t\t\t\t\t\t\t\t\t\t\t\t<\/div>\r\n\t\t\t\t\t\t\t\t\t\t\t\t\t\t\t\t\t\t\t<div class=\"about-two__right-text-box\">\r\n\t\t\t\t\t\t\t\t\t\t\t\t\t\t\t\t\t\t\t\t\t\t\t\t\t<p class=\"about-two__right-text\">Current baggage information is available on the airline's website. https:\/\/flyuniversalair.com\/<\/p>\r\n\t\t\t\t\t\t\t\t\t\t\t\t\t\t\t<\/div>\r\n\t\t\t\t\t\t\t\t\t\t\t\t\t\t\t\t\t\t\t<ul class=\"about-two__right-points list-unstyled ml-0\">\r\n\t\t\t\t\t\t\t\t\t\t\t\t\t\t\t<\/ul>\r\n\t\t\t\t\t\t\t\t\t\t\t\t\t\t\t\t\t\t\t<a   href=\"https:\/\/www.flyuniversalair.com\/hu\/repules-az-allattal\/\" class=\"thm-btn about-two__btn\">Universal Air<\/a>\r\n\t\t\t\t\t\t\t\t\t\t\t<\/div>\r\n\t\t\t\t<\/div>\r\n\t\t\t<\/div>\r\n\t\t<\/div>\r\n\t<\/section>\r\n\t<!--About Two End-->\r\n\t\t\t\t<\/div>\n\t\t\t\t<\/div>\n\t\t\t\t\t<\/div>\n\t\t<\/div>\n\t\t\t\t\t<\/div>\n\t\t<\/section>\n\t\t\t\t<section class=\"elementor-section elementor-top-section elementor-element elementor-element-f4b5954 elementor-section-full_width elementor-section-stretched elementor-section-height-default elementor-section-height-default\" data-id=\"f4b5954\" data-element_type=\"section\" data-e-type=\"section\" data-settings=\"{&quot;stretch_section&quot;:&quot;section-stretched&quot;}\">\n\t\t\t\t\t\t<div class=\"elementor-container elementor-column-gap-no\">\n\t\t\t\t\t<div class=\"elementor-column elementor-col-100 elementor-top-column elementor-element elementor-element-c5a5722\" data-id=\"c5a5722\" data-element_type=\"column\" data-e-type=\"column\">\n\t\t\t<div class=\"elementor-widget-wrap elementor-element-populated\">\n\t\t\t\t\t\t<div class=\"elementor-element elementor-element-a892d13 elementor-widget elementor-widget-jetly-about\" data-id=\"a892d13\" data-element_type=\"widget\" data-e-type=\"widget\" data-widget_type=\"jetly-about.default\">\n\t\t\t\t<div class=\"elementor-widget-container\">\n\t\t\t\t\t\t<!--About One Start-->\r\n\t<section class=\"about-one\" style=\"background-image: url(http:\/\/bracketweb.com\/jetlywp\/wp-content\/uploads\/2023\/01\/about-1-bg-d-1.png);\">\r\n\t\t<div class=\"container\">\r\n\t\t\t<div class=\"row\">\r\n\t\t\t\t<div class=\"col-xl-6\">\r\n\t\t\t\t\t<div class=\"about-one__left\">\r\n\t\t\t\t\t\t\t\t\t\t\t\t\t<div class=\"section-title text-left\">\r\n\t\t\t\t\t\t\t\t\t\t\t\t\t\t\t\t\t<span class=\"section-title__tagline\">airport p\u00e9cs<\/span>\r\n\t\t\t\t\t\t\t\t\t\t\t\t\t\t\t\t\t\t\t\t\t\t\t\t\t<h2 class=\"section-title__title\">Baggage contents<\/h2>\r\n\t\t\t\t\t\t\t\t\t\t\t\t\t\t\t<\/div>\r\n\t\t\t\t\t\t\t\t\t\t\t\t\t\t\t\t\t\t\t<p class=\"about-one__text\">The maximum size of liquids in hand luggage is 100 ml\/piece, which can be stored in a separate max.1 liter resealable bag and presented to the security staff.\nPlease always follow the current baggage regulations on the airline's website!\n<\/p>\r\n\t\t\t\t\t\t\t\t\t\t\t\t\t\t\t\t\t\t\t<ul class=\"list-unstyled about-one__points ml-0\">\r\n\t\t\t\t\t\t\t\t\t\t\t\t\t\t\t<\/ul>\r\n\t\t\t\t\t\t\t\t\t\t\t\t<div class=\"about-one__btn-call\">\r\n\t\t\t\t\t\t\t\t\t\t\t\t\t\t\t<div class=\"about-one__btn-box\">\r\n\t\t\t\t\t\t\t\t\t<a   href=\"https:\/\/www.flyuniversalair.com\/hu\/poggyaszpotlek\/\" class=\"thm-btn about-one__btn\">More information<\/a>\r\n\t\t\t\t\t\t\t\t<\/div>\r\n\t\t\t\t\t\t\t\t\t\t\t\t\t\t<div class=\"about-one__call\">\r\n\t\t\t\t\t\t\t\t<div class=\"about-one__call-icon icon-svg\">\r\n\t\t\t\t\t\t\t\t\t<span aria-hidden=\"true\" class=\"icon-telephone\"><\/span>\t\t\t\t\t\t\t\t<\/div>\r\n\t\t\t\t\t\t\t\t<div class=\"about-one__call-content\">\r\n\t\t\t\t\t\t\t\t\t\t\t\t\t\t\t\t\t\t\t<span class=\"about-one__call-sub-title\">Call us<\/span>\r\n\t\t\t\t\t\t\t\t\t\t\t\t\t\t\t\t\t\t\t\t\t\t\t\t\t\t\t\t<p class=\"about-one__call-number\"><a href=\"tel:+3672526156\">+36 72 526 156<\/a><\/p>\r\n\t\t\t\t\t\t\t\t\t\t\t\t\t\t\t\t\t<\/div>\r\n\t\t\t\t\t\t\t<\/div>\r\n\t\t\t\t\t\t<\/div>\r\n\t\t\t\t\t<\/div>\r\n\t\t\t\t<\/div>\r\n\t\t\t\t<div class=\"col-xl-6\">\r\n\t\t\t\t\t<div class=\"about-one__right\">\r\n\t\t\t\t\t\t<div class=\"about-one__img-box wow slideInRight\" data-wow-delay=\"100ms\" data-wow-duration=\"2500ms\">\r\n\t\t\t\t\t\t\t\t\t\t\t\t\t\t\t<div class=\"about-one__img\">\r\n\t\t\t\t\t\t\t\t\t<img decoding=\"async\" src=\"https:\/\/airportpecs.com\/wp-content\/uploads\/2024\/03\/Poggyasz3.png\" alt=\"\">\r\n\t\t\t\t\t\t\t\t<\/div>\r\n\t\t\t\t\t\t\t\t\t\t\t\t\t\t<div class=\"about-one__satisfied\">\r\n\t\t\t\t\t\t\t\t<div class=\"about-one__satisfied-icon icon-svg-large\">\r\n\t\t\t\t\t\t\t\t\t<span aria-hidden=\"true\" class=\"fas fa-luggage-cart\"><\/span>\t\t\t\t\t\t\t\t<\/div>\r\n\t\t\t\t\t\t\t\t<div class=\"about-one__satisfied-content count-box\">\r\n\t\t\t\t\t\t\t\t\t\t\t\t\t\t\t\t\t\t\t\t\t\t\t\t\t\t<\/div>\r\n\t\t\t\t\t\t\t<\/div>\r\n\t\t\t\t\t\t<\/div>\r\n\t\t\t\t\t<\/div>\r\n\t\t\t\t<\/div>\r\n\t\t\t<\/div>\r\n\t\t<\/div>\r\n\t<\/section>\r\n\t<!--About One End-->\r\n\t\t\t\t<\/div>\n\t\t\t\t<\/div>\n\t\t\t\t\t<\/div>\n\t\t<\/div>\n\t\t\t\t\t<\/div>\n\t\t<\/section>\n\t\t\t\t<\/div>","protected":false},"excerpt":{"rendered":"<p>airport p\u00e9cs Poggy\u00e1sz Inform\u00e1ci\u00f3k \u2013 Poggy\u00e1sz szab\u00e1lyzat Az aktu\u00e1lis poggy\u00e1sz inform\u00e1ci\u00f3k el\u00e9rhet\u0151k a l\u00e9git\u00e1rsas\u00e1g weboldal\u00e1n. https:\/\/flyuniversalair.com\/ Kapcsolat H\u00edvjon! +36 72 526 156 airport p\u00e9cs A feladott poggy\u00e1sz m\u00e9rete \u00e9s s\u00falya Az aktu\u00e1lis poggy\u00e1sz inform\u00e1ci\u00f3k el\u00e9rhet\u0151k a l\u00e9git\u00e1rsas\u00e1g weboldal\u00e1n. https:\/\/flyuniversalair.com\/ Universal Air airport p\u00e9cs A poggy\u00e1sz tartalma Folyad\u00e9kf\u00e9l\u00e9k k\u00e9zipoggy\u00e1szban t\u00f6rt\u00e9n\u0151 sz\u00e1ll\u00edt\u00e1s\u00e1nak maxim\u00e1lis m\u00e9rete 100 ml\/db, melyeket [&hellip;]<\/p>\n","protected":false},"author":1,"featured_media":0,"parent":0,"menu_order":0,"comment_status":"closed","ping_status":"closed","template":"elementor_header_footer","meta":{"iawp_total_views":21,"footnotes":""},"class_list":["post-2144","page","type-page","status-publish","hentry"],"_links":{"self":[{"href":"https:\/\/airportpecs.com\/en\/wp-json\/wp\/v2\/pages\/2144","targetHints":{"allow":["GET"]}}],"collection":[{"href":"https:\/\/airportpecs.com\/en\/wp-json\/wp\/v2\/pages"}],"about":[{"href":"https:\/\/airportpecs.com\/en\/wp-json\/wp\/v2\/types\/page"}],"author":[{"embeddable":true,"href":"https:\/\/airportpecs.com\/en\/wp-json\/wp\/v2\/users\/1"}],"replies":[{"embeddable":true,"href":"https:\/\/airportpecs.com\/en\/wp-json\/wp\/v2\/comments?post=2144"}],"version-history":[{"count":28,"href":"https:\/\/airportpecs.com\/en\/wp-json\/wp\/v2\/pages\/2144\/revisions"}],"predecessor-version":[{"id":4078,"href":"https:\/\/airportpecs.com\/en\/wp-json\/wp\/v2\/pages\/2144\/revisions\/4078"}],"wp:attachment":[{"href":"https:\/\/airportpecs.com\/en\/wp-json\/wp\/v2\/media?parent=2144"}],"curies":[{"name":"wp","href":"https:\/\/api.w.org\/{rel}","templated":true}]}}