{"id":2163,"date":"2024-03-05T14:19:45","date_gmt":"2024-03-05T13:19:45","guid":{"rendered":"https:\/\/airportpecs.com\/?page_id=2163"},"modified":"2025-01-30T09:06:26","modified_gmt":"2025-01-30T08:06:26","slug":"pilotaknak","status":"publish","type":"page","link":"https:\/\/airportpecs.com\/en\/pilotaknak\/","title":{"rendered":"General aviation"},"content":{"rendered":"<div data-elementor-type=\"wp-page\" data-elementor-id=\"2163\" class=\"elementor elementor-2163\" data-elementor-post-type=\"page\">\n\t\t\t\t\t\t<section class=\"elementor-section elementor-top-section elementor-element elementor-element-68e6080 elementor-section-full_width elementor-section-stretched elementor-section-height-default elementor-section-height-default\" data-id=\"68e6080\" data-element_type=\"section\" data-e-type=\"section\" data-settings=\"{&quot;stretch_section&quot;:&quot;section-stretched&quot;}\">\n\t\t\t\t\t\t<div class=\"elementor-container elementor-column-gap-no\">\n\t\t\t\t\t<div class=\"elementor-column elementor-col-100 elementor-top-column elementor-element elementor-element-7ff9dc2\" data-id=\"7ff9dc2\" data-element_type=\"column\" data-e-type=\"column\">\n\t\t\t<div class=\"elementor-widget-wrap elementor-element-populated\">\n\t\t\t\t\t\t<div class=\"elementor-element elementor-element-b861315 elementor-widget elementor-widget-jetly-service\" data-id=\"b861315\" data-element_type=\"widget\" data-e-type=\"widget\" data-widget_type=\"jetly-service.default\">\n\t\t\t\t<div class=\"elementor-widget-container\">\n\t\t\t\t\t\r\n    <!--Services One Start-->\r\n    <section class=\"services-one\">\r\n        <div class=\"container\">\r\n            <div class=\"section-title text-center\">\r\n                                    <span class=\"section-title__tagline\">Airport P\u00e9cs<\/span>\r\n                                                    <h2 class=\"section-title__title\">Aviation information<\/h2>\r\n                            <\/div>\r\n            <div class=\"row\">\r\n                                                            <!--Services One Single Start-->\r\n                        <div class=\"col-xl-3 col-lg-6 col-md-6 wow fadeInUp\" data-wow-delay=\"100ms\">\r\n                            <div class=\"services-one__single\">\r\n                                                                    <div class=\"services-one__img\">\r\n                                        <img decoding=\"async\" src=\"https:\/\/airportpecs.com\/wp-content\/uploads\/2024\/03\/Nyitvatartas.png\" alt=\"2449\">\r\n                                    <\/div>\r\n                                                                <div class=\"services-one__content\">\r\n                                    <div class=\"services-one__title-box\">\r\n                                                                                <h3 class=\"services-one__title\"><a href=\"\/en\/nyitvatartas\/\">Opening hours<\/a>\r\n                                        <\/h3>\r\n                                    <\/div>\r\n                                                                        <div class=\"services-one__arrow icon-svg\">\r\n                                        <a   href=\"\/en\/nyitvatartas\/\"><span aria-hidden=\"true\" class=\"fas fa-angle-right\"><\/span><\/a>\r\n                                    <\/div>\r\n                                <\/div>\r\n                            <\/div>\r\n                        <\/div>\r\n                        <!--Services One Single End-->\r\n                                        <!--Services One Single Start-->\r\n                        <div class=\"col-xl-3 col-lg-6 col-md-6 wow fadeInUp\" data-wow-delay=\"100ms\">\r\n                            <div class=\"services-one__single\">\r\n                                                                    <div class=\"services-one__img\">\r\n                                        <img decoding=\"async\" src=\"https:\/\/airportpecs.com\/wp-content\/uploads\/2024\/03\/Szolgaltatasok.png\" alt=\"2453\">\r\n                                    <\/div>\r\n                                                                <div class=\"services-one__content\">\r\n                                    <div class=\"services-one__title-box\">\r\n                                                                                <h3 class=\"services-one__title\"><a href=\"\/en\/szolgaltatasok-terminal-informaciok\/\">Services<\/a>\r\n                                        <\/h3>\r\n                                    <\/div>\r\n                                                                        <div class=\"services-one__arrow icon-svg\">\r\n                                        <a   href=\"\/en\/szolgaltatasok-terminal-informaciok\/\"><span aria-hidden=\"true\" class=\"fas fa-angle-right\"><\/span><\/a>\r\n                                    <\/div>\r\n                                <\/div>\r\n                            <\/div>\r\n                        <\/div>\r\n                        <!--Services One Single End-->\r\n                                        <!--Services One Single Start-->\r\n                        <div class=\"col-xl-3 col-lg-6 col-md-6 wow fadeInUp\" data-wow-delay=\"100ms\">\r\n                            <div class=\"services-one__single\">\r\n                                                                    <div class=\"services-one__img\">\r\n                                        <img decoding=\"async\" src=\"https:\/\/airportpecs.com\/wp-content\/uploads\/2024\/03\/Legtarhasznalat-e1711090959107.png\" alt=\"2459\">\r\n                                    <\/div>\r\n                                                                <div class=\"services-one__content\">\r\n                                    <div class=\"services-one__title-box\">\r\n                                                                                <h3 class=\"services-one__title\"><a href=\"\/en\/legterhasznalati-feltetelek\/\">Airspace usage conditions<\/a>\r\n                                        <\/h3>\r\n                                    <\/div>\r\n                                                                        <div class=\"services-one__arrow icon-svg\">\r\n                                        <a   href=\"\/en\/legterhasznalati-feltetelek\/\"><span aria-hidden=\"true\" class=\"fas fa-angle-right\"><\/span><\/a>\r\n                                    <\/div>\r\n                                <\/div>\r\n                            <\/div>\r\n                        <\/div>\r\n                        <!--Services One Single End-->\r\n                                        <!--Services One Single Start-->\r\n                        <div class=\"col-xl-3 col-lg-6 col-md-6 wow fadeInUp\" data-wow-delay=\"100ms\">\r\n                            <div class=\"services-one__single\">\r\n                                                                    <div class=\"services-one__img\">\r\n                                        <img decoding=\"async\" src=\"https:\/\/airportpecs.com\/wp-content\/uploads\/2024\/03\/Dron.png\" alt=\"2463\">\r\n                                    <\/div>\r\n                                                                <div class=\"services-one__content\">\r\n                                    <div class=\"services-one__title-box\">\r\n                                                                                <h3 class=\"services-one__title\"><a href=\"\/en\/dron-informaciok\/\">Drone information<\/a>\r\n                                        <\/h3>\r\n                                    <\/div>\r\n                                                                        <div class=\"services-one__arrow icon-svg\">\r\n                                        <a   href=\"\/en\/dron-informaciok\/\"><span aria-hidden=\"true\" class=\"fas fa-angle-right\"><\/span><\/a>\r\n                                    <\/div>\r\n                                <\/div>\r\n                            <\/div>\r\n                        <\/div>\r\n                        <!--Services One Single End-->\r\n                            <\/div>\r\n        <\/div>\r\n    <\/section>\r\n    <!--Services One End-->\r\n\r\n\t\t\t\t<\/div>\n\t\t\t\t<\/div>\n\t\t\t\t\t<\/div>\n\t\t<\/div>\n\t\t\t\t\t<\/div>\n\t\t<\/section>\n\t\t\t\t<\/div>","protected":false},"excerpt":{"rendered":"<p>Airport P\u00e9cs Inform\u00e1ci\u00f3k pil\u00f3t\u00e1knak Nyitvatart\u00e1s Szolg\u00e1ltat\u00e1sok L\u00e9gt\u00e9rhaszn\u00e1lati felt\u00e9telek Dr\u00f3n inform\u00e1ci\u00f3k<\/p>","protected":false},"author":1,"featured_media":0,"parent":0,"menu_order":0,"comment_status":"closed","ping_status":"closed","template":"elementor_header_footer","meta":{"iawp_total_views":8624,"footnotes":""},"class_list":["post-2163","page","type-page","status-publish","hentry"],"_links":{"self":[{"href":"https:\/\/airportpecs.com\/en\/wp-json\/wp\/v2\/pages\/2163","targetHints":{"allow":["GET"]}}],"collection":[{"href":"https:\/\/airportpecs.com\/en\/wp-json\/wp\/v2\/pages"}],"about":[{"href":"https:\/\/airportpecs.com\/en\/wp-json\/wp\/v2\/types\/page"}],"author":[{"embeddable":true,"href":"https:\/\/airportpecs.com\/en\/wp-json\/wp\/v2\/users\/1"}],"replies":[{"embeddable":true,"href":"https:\/\/airportpecs.com\/en\/wp-json\/wp\/v2\/comments?post=2163"}],"version-history":[{"count":17,"href":"https:\/\/airportpecs.com\/en\/wp-json\/wp\/v2\/pages\/2163\/revisions"}],"predecessor-version":[{"id":4046,"href":"https:\/\/airportpecs.com\/en\/wp-json\/wp\/v2\/pages\/2163\/revisions\/4046"}],"wp:attachment":[{"href":"https:\/\/airportpecs.com\/en\/wp-json\/wp\/v2\/media?parent=2163"}],"curies":[{"name":"wp","href":"https:\/\/api.w.org\/{rel}","templated":true}]}}