{"id":2170,"date":"2024-03-05T14:47:54","date_gmt":"2024-03-05T13:47:54","guid":{"rendered":"https:\/\/airportpecs.com\/?page_id=2170"},"modified":"2024-03-21T15:00:36","modified_gmt":"2024-03-21T14:00:36","slug":"szolgaltatasok","status":"publish","type":"page","link":"https:\/\/airportpecs.com\/en\/szolgaltatasok\/","title":{"rendered":"Services"},"content":{"rendered":"<div data-elementor-type=\"wp-page\" data-elementor-id=\"2170\" class=\"elementor elementor-2170\" data-elementor-post-type=\"page\">\n\t\t\t\t\t\t<section class=\"elementor-section elementor-top-section elementor-element elementor-element-e7464fa elementor-section-full_width elementor-section-stretched elementor-section-height-default elementor-section-height-default\" data-id=\"e7464fa\" data-element_type=\"section\" data-e-type=\"section\" data-settings=\"{&quot;stretch_section&quot;:&quot;section-stretched&quot;}\">\n\t\t\t\t\t\t<div class=\"elementor-container elementor-column-gap-no\">\n\t\t\t\t\t<div class=\"elementor-column elementor-col-100 elementor-top-column elementor-element elementor-element-0577b08\" data-id=\"0577b08\" data-element_type=\"column\" data-e-type=\"column\">\n\t\t\t<div class=\"elementor-widget-wrap elementor-element-populated\">\n\t\t\t\t\t\t<div class=\"elementor-element elementor-element-6aa7091 elementor-widget elementor-widget-jetly-service\" data-id=\"6aa7091\" data-element_type=\"widget\" data-e-type=\"widget\" data-widget_type=\"jetly-service.default\">\n\t\t\t\t<div class=\"elementor-widget-container\">\n\t\t\t\t\t\r\n    <!--Services One Start-->\r\n    <section class=\"services-one\">\r\n        <div class=\"container\">\r\n            <div class=\"section-title text-center\">\r\n                                    <span class=\"section-title__tagline\">Airport P\u00e9cs<\/span>\r\n                                                    <h2 class=\"section-title__title\">Choose from our services<\/h2>\r\n                            <\/div>\r\n            <div class=\"row\">\r\n                                                            <!--Services One Single Start-->\r\n                        <div class=\"col-xl-3 col-lg-6 col-md-6 wow fadeInUp\" data-wow-delay=\"100ms\">\r\n                            <div class=\"services-one__single\">\r\n                                                                    <div class=\"services-one__img\">\r\n                                        <img decoding=\"async\" src=\"https:\/\/airportpecs.com\/wp-content\/uploads\/2024\/03\/Wifi.png\" alt=\"2423\">\r\n                                    <\/div>\r\n                                                                <div class=\"services-one__content\">\r\n                                    <div class=\"services-one__title-box\">\r\n                                                                                <h3 class=\"services-one__title\"><a href=\"\/en\/free-wifi\/\">Free WIFI<\/a>\r\n                                        <\/h3>\r\n                                    <\/div>\r\n                                                                        <div class=\"services-one__arrow icon-svg\">\r\n                                        <a   href=\"\/en\/free-wifi\/\"><span aria-hidden=\"true\" class=\"fas fa-angle-right\"><\/span><\/a>\r\n                                    <\/div>\r\n                                <\/div>\r\n                            <\/div>\r\n                        <\/div>\r\n                        <!--Services One Single End-->\r\n                                        <!--Services One Single Start-->\r\n                        <div class=\"col-xl-3 col-lg-6 col-md-6 wow fadeInUp\" data-wow-delay=\"100ms\">\r\n                            <div class=\"services-one__single\">\r\n                                                                    <div class=\"services-one__img\">\r\n                                        <img decoding=\"async\" src=\"https:\/\/airportpecs.com\/wp-content\/uploads\/2024\/03\/Etkezes.png\" alt=\"2425\">\r\n                                    <\/div>\r\n                                                                <div class=\"services-one__content\">\r\n                                    <div class=\"services-one__title-box\">\r\n                                                                                <h3 class=\"services-one__title\"><a href=\"\/en\/bufe-etkezes-a-terminalon\/\">Meal<\/a>\r\n                                        <\/h3>\r\n                                    <\/div>\r\n                                                                        <div class=\"services-one__arrow icon-svg\">\r\n                                        <a   href=\"\/en\/bufe-etkezes-a-terminalon\/\"><span aria-hidden=\"true\" class=\"fas fa-angle-right\"><\/span><\/a>\r\n                                    <\/div>\r\n                                <\/div>\r\n                            <\/div>\r\n                        <\/div>\r\n                        <!--Services One Single End-->\r\n                                        <!--Services One Single Start-->\r\n                        <div class=\"col-xl-3 col-lg-6 col-md-6 wow fadeInUp\" data-wow-delay=\"100ms\">\r\n                            <div class=\"services-one__single\">\r\n                                                                    <div class=\"services-one__img\">\r\n                                        <img decoding=\"async\" src=\"https:\/\/airportpecs.com\/wp-content\/uploads\/2024\/03\/Dohanyzas.png\" alt=\"2426\">\r\n                                    <\/div>\r\n                                                                <div class=\"services-one__content\">\r\n                                    <div class=\"services-one__title-box\">\r\n                                                                                <h3 class=\"services-one__title\"><a href=\"\/en\/dohanyzas-a-terminalon\/\">Smoking<\/a>\r\n                                        <\/h3>\r\n                                    <\/div>\r\n                                                                        <div class=\"services-one__arrow icon-svg\">\r\n                                        <a   href=\"\/en\/dohanyzas-a-terminalon\/\"><span aria-hidden=\"true\" class=\"fas fa-angle-right\"><\/span><\/a>\r\n                                    <\/div>\r\n                                <\/div>\r\n                            <\/div>\r\n                        <\/div>\r\n                        <!--Services One Single End-->\r\n                                        <!--Services One Single Start-->\r\n                        <div class=\"col-xl-3 col-lg-6 col-md-6 wow fadeInUp\" data-wow-delay=\"100ms\">\r\n                            <div class=\"services-one__single\">\r\n                                                                    <div class=\"services-one__img\">\r\n                                        <img decoding=\"async\" src=\"https:\/\/airportpecs.com\/wp-content\/uploads\/2024\/03\/ATM.png\" alt=\"2427\">\r\n                                    <\/div>\r\n                                                                <div class=\"services-one__content\">\r\n                                    <div class=\"services-one__title-box\">\r\n                                                                                <h3 class=\"services-one__title\"><a href=\"\/en\/atm\/\">ATM<\/a>\r\n                                        <\/h3>\r\n                                    <\/div>\r\n                                                                        <div class=\"services-one__arrow icon-svg\">\r\n                                        <a   href=\"\/en\/atm\/\"><span aria-hidden=\"true\" class=\"fas fa-angle-right\"><\/span><\/a>\r\n                                    <\/div>\r\n                                <\/div>\r\n                            <\/div>\r\n                        <\/div>\r\n                        <!--Services One Single End-->\r\n                            <\/div>\r\n        <\/div>\r\n    <\/section>\r\n    <!--Services One End-->\r\n\r\n\t\t\t\t<\/div>\n\t\t\t\t<\/div>\n\t\t\t\t\t<\/div>\n\t\t<\/div>\n\t\t\t\t\t<\/div>\n\t\t<\/section>\n\t\t\t\t<\/div>","protected":false},"excerpt":{"rendered":"<p>Airport P\u00e9cs V\u00e1lasszon szolg\u00e1ltat\u00e1saink k\u00f6z\u00fcl Free WIFI \u00c9tkez\u00e9s Doh\u00e1nyz\u00e1s ATM<\/p>","protected":false},"author":1,"featured_media":0,"parent":0,"menu_order":0,"comment_status":"closed","ping_status":"closed","template":"elementor_header_footer","meta":{"iawp_total_views":747,"footnotes":""},"class_list":["post-2170","page","type-page","status-publish","hentry"],"_links":{"self":[{"href":"https:\/\/airportpecs.com\/en\/wp-json\/wp\/v2\/pages\/2170","targetHints":{"allow":["GET"]}}],"collection":[{"href":"https:\/\/airportpecs.com\/en\/wp-json\/wp\/v2\/pages"}],"about":[{"href":"https:\/\/airportpecs.com\/en\/wp-json\/wp\/v2\/types\/page"}],"author":[{"embeddable":true,"href":"https:\/\/airportpecs.com\/en\/wp-json\/wp\/v2\/users\/1"}],"replies":[{"embeddable":true,"href":"https:\/\/airportpecs.com\/en\/wp-json\/wp\/v2\/comments?post=2170"}],"version-history":[{"count":13,"href":"https:\/\/airportpecs.com\/en\/wp-json\/wp\/v2\/pages\/2170\/revisions"}],"predecessor-version":[{"id":2433,"href":"https:\/\/airportpecs.com\/en\/wp-json\/wp\/v2\/pages\/2170\/revisions\/2433"}],"wp:attachment":[{"href":"https:\/\/airportpecs.com\/en\/wp-json\/wp\/v2\/media?parent=2170"}],"curies":[{"name":"wp","href":"https:\/\/api.w.org\/{rel}","templated":true}]}}