{"id":2172,"date":"2024-03-05T14:48:12","date_gmt":"2024-03-05T13:48:12","guid":{"rendered":"https:\/\/airportpecs.com\/?page_id=2172"},"modified":"2024-04-04T17:43:22","modified_gmt":"2024-04-04T15:43:22","slug":"legterhasznalati-feltetelek","status":"publish","type":"page","link":"https:\/\/airportpecs.com\/en\/legterhasznalati-feltetelek\/","title":{"rendered":"Airspace usage conditions"},"content":{"rendered":"<div data-elementor-type=\"wp-page\" data-elementor-id=\"2172\" class=\"elementor elementor-2172\" data-elementor-post-type=\"page\">\n\t\t\t\t\t\t<section class=\"elementor-section elementor-top-section elementor-element elementor-element-f827b05 elementor-section-full_width elementor-section-stretched elementor-section-height-default elementor-section-height-default\" data-id=\"f827b05\" data-element_type=\"section\" data-e-type=\"section\" data-settings=\"{&quot;stretch_section&quot;:&quot;section-stretched&quot;}\">\n\t\t\t\t\t\t<div class=\"elementor-container elementor-column-gap-no\">\n\t\t\t\t\t<div class=\"elementor-column elementor-col-100 elementor-top-column elementor-element elementor-element-683a6f6\" data-id=\"683a6f6\" data-element_type=\"column\" data-e-type=\"column\">\n\t\t\t<div class=\"elementor-widget-wrap elementor-element-populated\">\n\t\t\t\t\t\t<div class=\"elementor-element elementor-element-eedd28f elementor-widget elementor-widget-jetly-about\" data-id=\"eedd28f\" data-element_type=\"widget\" data-e-type=\"widget\" data-widget_type=\"jetly-about.default\">\n\t\t\t\t<div class=\"elementor-widget-container\">\n\t\t\t\t\t\t<!--About One Start-->\r\n\t<section class=\"about-one\" style=\"background-image: url(http:\/\/bracketweb.com\/jetlywp\/wp-content\/uploads\/2023\/01\/about-1-bg-d-1.png);\">\r\n\t\t<div class=\"container\">\r\n\t\t\t<div class=\"row\">\r\n\t\t\t\t<div class=\"col-xl-6\">\r\n\t\t\t\t\t<div class=\"about-one__left\">\r\n\t\t\t\t\t\t\t\t\t\t\t\t\t<div class=\"section-title text-left\">\r\n\t\t\t\t\t\t\t\t\t\t\t\t\t\t\t\t\t<span class=\"section-title__tagline\">airport p\u00e9cs<\/span>\r\n\t\t\t\t\t\t\t\t\t\t\t\t\t\t\t\t\t\t\t\t\t\t\t\t\t<h2 class=\"section-title__title\">General Information - Airspace usage conditions<\/h2>\r\n\t\t\t\t\t\t\t\t\t\t\t\t\t\t\t<\/div>\r\n\t\t\t\t\t\t\t\t\t\t\t\t\t\t\t\t\t\t\t<p class=\"about-one__text translation-block\">P\u00e9cs-Pog\u00e1ny Airport and P\u00e9cs-Pog\u00e1ny TIZ airspace usage conditions:<br>\nWith aviation safety in mind, we ask crews to do the following.<br>\n- Submitting a flight plan is mandatory for departing\/arriving or overflying traffic, with the exception of local flights that do not leave TIZ airspace, as well as aircraft without engines, excluding gliding cloud flights<br>\n- In the case of flights that do not have a flight plan and do not leave the TIZ airspace, it is mandatory to inform AFIS of the time and route of the planned flight as early as possible by phone<br>\n- Using a transponder<br>\n- Use of radio equipment with 8.33 kHz channel allocation<br>\n- In the case of aircraft without a transponder and\/or 8.33 radio equipment, advance flight notification by phone and use of OGN tracker<br>\n- Obtaining NOTAM and weather information before the flight<br><br>\n\nTelephone numbers: <br><br>\nAFIS +36-72-450-619 <br> \t\nOPS +36-72-526-156<\/p>\r\n\t\t\t\t\t\t\t\t\t\t\t\t\t\t\t\t\t\t\t<ul class=\"list-unstyled about-one__points ml-0\">\r\n\t\t\t\t\t\t\t\t\t\t\t\t\t\t\t<\/ul>\r\n\t\t\t\t\t\t\t\t\t\t\t\t<div class=\"about-one__btn-call\">\r\n\t\t\t\t\t\t\t\t\t\t\t\t\t\t\t<div class=\"about-one__btn-box\">\r\n\t\t\t\t\t\t\t\t\t<a   href=\"\/en\/kapcsolat\/\" class=\"thm-btn about-one__btn\">Contact us<\/a>\r\n\t\t\t\t\t\t\t\t<\/div>\r\n\t\t\t\t\t\t\t\t\t\t\t\t\t\t<div class=\"about-one__call\">\r\n\t\t\t\t\t\t\t\t<div class=\"about-one__call-icon icon-svg\">\r\n\t\t\t\t\t\t\t\t\t<span aria-hidden=\"true\" class=\"icon-telephone\"><\/span>\t\t\t\t\t\t\t\t<\/div>\r\n\t\t\t\t\t\t\t\t<div class=\"about-one__call-content\">\r\n\t\t\t\t\t\t\t\t\t\t\t\t\t\t\t\t\t\t\t<span class=\"about-one__call-sub-title\">Call us<\/span>\r\n\t\t\t\t\t\t\t\t\t\t\t\t\t\t\t\t\t\t\t\t\t\t\t\t\t\t\t\t<p class=\"about-one__call-number\"><a href=\"tel:+3672450619\">+36 72 450 619<\/a><\/p>\r\n\t\t\t\t\t\t\t\t\t\t\t\t\t\t\t\t\t<\/div>\r\n\t\t\t\t\t\t\t<\/div>\r\n\t\t\t\t\t\t<\/div>\r\n\t\t\t\t\t<\/div>\r\n\t\t\t\t<\/div>\r\n\t\t\t\t<div class=\"col-xl-6\">\r\n\t\t\t\t\t<div class=\"about-one__right\">\r\n\t\t\t\t\t\t<div class=\"about-one__img-box wow slideInRight\" data-wow-delay=\"100ms\" data-wow-duration=\"2500ms\">\r\n\t\t\t\t\t\t\t\t\t\t\t\t\t\t\t<div class=\"about-one__img\">\r\n\t\t\t\t\t\t\t\t\t<img decoding=\"async\" src=\"https:\/\/airportpecs.com\/wp-content\/uploads\/2024\/03\/Legter.png\" alt=\"\">\r\n\t\t\t\t\t\t\t\t<\/div>\r\n\t\t\t\t\t\t\t\t\t\t\t\t\t\t<div class=\"about-one__satisfied\">\r\n\t\t\t\t\t\t\t\t<div class=\"about-one__satisfied-icon icon-svg-large\">\r\n\t\t\t\t\t\t\t\t\t<span aria-hidden=\"true\" class=\"fas fa-plane-departure\"><\/span>\t\t\t\t\t\t\t\t<\/div>\r\n\t\t\t\t\t\t\t\t<div class=\"about-one__satisfied-content count-box\">\r\n\t\t\t\t\t\t\t\t\t\t\t\t\t\t\t\t\t\t\t\t\t\t\t\t\t\t<\/div>\r\n\t\t\t\t\t\t\t<\/div>\r\n\t\t\t\t\t\t<\/div>\r\n\t\t\t\t\t<\/div>\r\n\t\t\t\t<\/div>\r\n\t\t\t<\/div>\r\n\t\t<\/div>\r\n\t<\/section>\r\n\t<!--About One End-->\r\n\t\t\t\t<\/div>\n\t\t\t\t<\/div>\n\t\t\t\t\t<\/div>\n\t\t<\/div>\n\t\t\t\t\t<\/div>\n\t\t<\/section>\n\t\t\t\t<\/div>","protected":false},"excerpt":{"rendered":"<p>airport p\u00e9cs \u00c1ltal\u00e1nos Inform\u00e1ci\u00f3k-L\u00e9gt\u00e9rhaszn\u00e1lati felt\u00e9telek P\u00e9cs-Pog\u00e1ny Rep\u00fcl\u0151t\u00e9r \u00e9s P\u00e9cs-Pog\u00e1ny TIZ l\u00e9gt\u00e9rhaszn\u00e1lati felt\u00e9telek: A rep\u00fcl\u00e9sbiztons\u00e1got szem el\u0151tt a l\u00e9gij\u00e1rm\u0171veket az al\u00e1bbiakra k\u00e9rj\u00fck. &#8211; Rep\u00fcl\u00e9si terv felad\u00e1sa k\u00f6telez\u0151 az indul\u00f3\/\u00e9rkez\u0151 vagy \u00e1trep\u00fcl\u0151 forgalom sz\u00e1m\u00e1ra, kiv\u00e9ve a TIZ l\u00e9gteret el nem hagy\u00f3 helyi rep\u00fcl\u00e9seket, valamint a hajt\u00f3m\u0171 n\u00e9lk\u00fcli l\u00e9gij\u00e1rm\u0171veket, ide nem \u00e9rtve a vitorl\u00e1z\u00f3 felh\u0151rep\u00fcl\u00e9seket &#8211; Rep\u00fcl\u00e9si tervvel [&hellip;]<\/p>\n","protected":false},"author":1,"featured_media":0,"parent":0,"menu_order":0,"comment_status":"closed","ping_status":"closed","template":"elementor_header_footer","meta":{"iawp_total_views":853,"footnotes":""},"class_list":["post-2172","page","type-page","status-publish","hentry"],"_links":{"self":[{"href":"https:\/\/airportpecs.com\/en\/wp-json\/wp\/v2\/pages\/2172","targetHints":{"allow":["GET"]}}],"collection":[{"href":"https:\/\/airportpecs.com\/en\/wp-json\/wp\/v2\/pages"}],"about":[{"href":"https:\/\/airportpecs.com\/en\/wp-json\/wp\/v2\/types\/page"}],"author":[{"embeddable":true,"href":"https:\/\/airportpecs.com\/en\/wp-json\/wp\/v2\/users\/1"}],"replies":[{"embeddable":true,"href":"https:\/\/airportpecs.com\/en\/wp-json\/wp\/v2\/comments?post=2172"}],"version-history":[{"count":13,"href":"https:\/\/airportpecs.com\/en\/wp-json\/wp\/v2\/pages\/2172\/revisions"}],"predecessor-version":[{"id":3425,"href":"https:\/\/airportpecs.com\/en\/wp-json\/wp\/v2\/pages\/2172\/revisions\/3425"}],"wp:attachment":[{"href":"https:\/\/airportpecs.com\/en\/wp-json\/wp\/v2\/media?parent=2172"}],"curies":[{"name":"wp","href":"https:\/\/api.w.org\/{rel}","templated":true}]}}