{"id":2174,"date":"2024-03-05T14:48:29","date_gmt":"2024-03-05T13:48:29","guid":{"rendered":"https:\/\/airportpecs.com\/?page_id=2174"},"modified":"2024-04-04T17:42:35","modified_gmt":"2024-04-04T15:42:35","slug":"dron-informaciok","status":"publish","type":"page","link":"https:\/\/airportpecs.com\/en\/dron-informaciok\/","title":{"rendered":"Drone information"},"content":{"rendered":"<div data-elementor-type=\"wp-page\" data-elementor-id=\"2174\" class=\"elementor elementor-2174\" data-elementor-post-type=\"page\">\n\t\t\t\t\t\t<section class=\"elementor-section elementor-top-section elementor-element elementor-element-d2685d2 elementor-section-full_width elementor-section-stretched elementor-section-height-default elementor-section-height-default\" data-id=\"d2685d2\" data-element_type=\"section\" data-e-type=\"section\" data-settings=\"{&quot;stretch_section&quot;:&quot;section-stretched&quot;}\">\n\t\t\t\t\t\t<div class=\"elementor-container elementor-column-gap-no\">\n\t\t\t\t\t<div class=\"elementor-column elementor-col-100 elementor-top-column elementor-element elementor-element-8200f9a\" data-id=\"8200f9a\" data-element_type=\"column\" data-e-type=\"column\">\n\t\t\t<div class=\"elementor-widget-wrap elementor-element-populated\">\n\t\t\t\t\t\t<div class=\"elementor-element elementor-element-f3f8434 elementor-widget elementor-widget-jetly-about\" data-id=\"f3f8434\" data-element_type=\"widget\" data-e-type=\"widget\" data-widget_type=\"jetly-about.default\">\n\t\t\t\t<div class=\"elementor-widget-container\">\n\t\t\t\t\t\t<!--About One Start-->\r\n\t<section class=\"about-one\" style=\"background-image: url(http:\/\/bracketweb.com\/jetlywp\/wp-content\/uploads\/2023\/01\/about-1-bg-d-1.png);\">\r\n\t\t<div class=\"container\">\r\n\t\t\t<div class=\"row\">\r\n\t\t\t\t<div class=\"col-xl-6\">\r\n\t\t\t\t\t<div class=\"about-one__left\">\r\n\t\t\t\t\t\t\t\t\t\t\t\t\t<div class=\"section-title text-left\">\r\n\t\t\t\t\t\t\t\t\t\t\t\t\t\t\t\t\t<span class=\"section-title__tagline\">airport p\u00e9cs<\/span>\r\n\t\t\t\t\t\t\t\t\t\t\t\t\t\t\t\t\t\t\t\t\t\t\t\t\t<h2 class=\"section-title__title\">General Information-Drone information<\/h2>\r\n\t\t\t\t\t\t\t\t\t\t\t\t\t\t\t<\/div>\r\n\t\t\t\t\t\t\t\t\t\t\t\t\t\t\t\t\t\t\t<p class=\"about-one__text\">REQUEST FOR P\u00c9CS-POG\u00c1NY AIRPORT DRONE USE CONTRIBUTION<br><br>\n \nIn the case of occasional drone flights that do not require airspace in the airspace belonging to the P\u00e9cs-Pog\u00e1nyi Airport (Traffic Information Zone - TIZ), an annual consent is required from the airport.<br><br>\n \nThe territorial validity of the consent extends to zones within the boundaries of the P\u00e9cs-Pog\u00e1ny TIZ airspace and 3 km away from the center of the airport's runway, outside inhabited areas, up to a maximum height of 120 meters from the ground, but not exceeding 400 (!) meters above sea level !<br><br>\n \nThe consent cannot be used for ad hoc airspace requests and is only valid if the person responsible for the activity fully complies with the provisions of the current drone law!<br><br>\n \nThe annual fee is HUF 7,500 gross, which can be paid by bank transfer or at the airport in cash or by credit card.<br><br>\n \nThe consent can be received electronically (pdf file) or, if required, in printed form in person.<br><br>\n \nTo make a request, send the following information to the e-mail address info@airportpecs.hu:<br>\n\u2022 name of the person responsible for the activity<br>\n\u2022 your phone number<br>\n\u2022  address<br><br>\n \nIf the drone falls into a category for which insurance is mandatory, it must be provided\nthe name of the insurer and the policy number.\n \nIn the event that several people use the drone - typically companies - the request must be made individually.\n \nIn possession of the consent, by complying with the provisions therein and by using MyDroneSpace, the drone user meets the requirements, there is no further reporting obligation to the airport, however, it is the user's responsibility to safely isolate the other airspace in the specified area from users (helicopter, paraglider, etc.).\n<\/p>\r\n\t\t\t\t\t\t\t\t\t\t\t\t\t\t\t\t\t\t\t<ul class=\"list-unstyled about-one__points ml-0\">\r\n\t\t\t\t\t\t\t\t\t\t\t\t\t\t\t<\/ul>\r\n\t\t\t\t\t\t\t\t\t\t\t\t<div class=\"about-one__btn-call\">\r\n\t\t\t\t\t\t\t\t\t\t\t\t\t\t\t<div class=\"about-one__btn-box\">\r\n\t\t\t\t\t\t\t\t\t<a   href=\"\/en\/kapcsolat\/\" class=\"thm-btn about-one__btn\">Contact us<\/a>\r\n\t\t\t\t\t\t\t\t<\/div>\r\n\t\t\t\t\t\t\t\t\t\t\t\t\t\t<div class=\"about-one__call\">\r\n\t\t\t\t\t\t\t\t<div class=\"about-one__call-icon icon-svg\">\r\n\t\t\t\t\t\t\t\t\t<span aria-hidden=\"true\" class=\"icon-telephone\"><\/span>\t\t\t\t\t\t\t\t<\/div>\r\n\t\t\t\t\t\t\t\t<div class=\"about-one__call-content\">\r\n\t\t\t\t\t\t\t\t\t\t\t\t\t\t\t\t\t\t\t<span class=\"about-one__call-sub-title\">Call us<\/span>\r\n\t\t\t\t\t\t\t\t\t\t\t\t\t\t\t\t\t\t\t\t\t\t\t\t\t\t\t\t<p class=\"about-one__call-number\"><a href=\"tel:+36303111309\">+36 30 311 1309<\/a><\/p>\r\n\t\t\t\t\t\t\t\t\t\t\t\t\t\t\t\t\t<\/div>\r\n\t\t\t\t\t\t\t<\/div>\r\n\t\t\t\t\t\t<\/div>\r\n\t\t\t\t\t<\/div>\r\n\t\t\t\t<\/div>\r\n\t\t\t\t<div class=\"col-xl-6\">\r\n\t\t\t\t\t<div class=\"about-one__right\">\r\n\t\t\t\t\t\t<div class=\"about-one__img-box wow slideInRight\" data-wow-delay=\"100ms\" data-wow-duration=\"2500ms\">\r\n\t\t\t\t\t\t\t\t\t\t\t\t\t\t\t<div class=\"about-one__img\">\r\n\t\t\t\t\t\t\t\t\t<img decoding=\"async\" src=\"https:\/\/airportpecs.com\/wp-content\/uploads\/2024\/03\/Dron2.png\" alt=\"\">\r\n\t\t\t\t\t\t\t\t<\/div>\r\n\t\t\t\t\t\t\t\t\t\t\t\t\t\t<div class=\"about-one__satisfied\">\r\n\t\t\t\t\t\t\t\t<div class=\"about-one__satisfied-icon icon-svg-large\">\r\n\t\t\t\t\t\t\t\t\t<span aria-hidden=\"true\" class=\"icon-airport\"><\/span>\t\t\t\t\t\t\t\t<\/div>\r\n\t\t\t\t\t\t\t\t<div class=\"about-one__satisfied-content count-box\">\r\n\t\t\t\t\t\t\t\t\t\t\t\t\t\t\t\t\t\t\t\t\t\t\t\t\t\t<\/div>\r\n\t\t\t\t\t\t\t<\/div>\r\n\t\t\t\t\t\t<\/div>\r\n\t\t\t\t\t<\/div>\r\n\t\t\t\t<\/div>\r\n\t\t\t<\/div>\r\n\t\t<\/div>\r\n\t<\/section>\r\n\t<!--About One End-->\r\n\t\t\t\t<\/div>\n\t\t\t\t<\/div>\n\t\t\t\t\t<\/div>\n\t\t<\/div>\n\t\t\t\t\t<\/div>\n\t\t<\/section>\n\t\t\t\t<section class=\"elementor-section elementor-top-section elementor-element elementor-element-354cd67 elementor-section-full_width elementor-section-stretched elementor-section-height-default elementor-section-height-default\" data-id=\"354cd67\" data-element_type=\"section\" data-e-type=\"section\" data-settings=\"{&quot;stretch_section&quot;:&quot;section-stretched&quot;}\">\n\t\t\t\t\t\t<div class=\"elementor-container elementor-column-gap-no\">\n\t\t\t\t\t<div class=\"elementor-column elementor-col-100 elementor-top-column elementor-element elementor-element-0998184\" data-id=\"0998184\" data-element_type=\"column\" data-e-type=\"column\">\n\t\t\t<div class=\"elementor-widget-wrap elementor-element-populated\">\n\t\t\t\t\t\t<div class=\"elementor-element elementor-element-7419929 elementor-widget elementor-widget-jetly-about\" data-id=\"7419929\" data-element_type=\"widget\" data-e-type=\"widget\" data-widget_type=\"jetly-about.default\">\n\t\t\t\t<div class=\"elementor-widget-container\">\n\t\t\t\t\t\t<!--About Two Start-->\r\n\t<section class=\"about-two\" style=\"background-image: url();\">\r\n\t\t\t\t<div class=\"container\">\r\n\t\t\t<div class=\"row\">\r\n\t\t\t\t<div class=\"col-xl-6\">\r\n\t\t\t\t\t<div class=\"about-two__left wow slideInLeft\" data-wow-delay=\"100ms\" data-wow-duration=\"2500ms\">\r\n\t\t\t\t\t\t\t\t\t\t\t\t<div class=\"about-two__img-box\">\r\n\t\t\t\t\t\t\t\t\t\t\t\t\t\t\t<div class=\"about-two__img-one\">\r\n\t\t\t\t\t\t\t\t\t<img decoding=\"async\" src=\"https:\/\/airportpecs.com\/wp-content\/uploads\/2024\/03\/Legtarhasznalat-e1711090959107.png\" alt=\"L\u00e9gt\u00e1rhaszn\u00e1lat\" title=\"L\u00e9gt\u00e1rhaszn\u00e1lat\" >\t\t\t\t\t\t\t\t<\/div>\r\n\t\t\t\t\t\t\t\t\t\t\t\t\t\t\t\t\t\t\t\t\t\t\t\t\t\t\t<\/div>\r\n\t\t\t\t\t<\/div>\r\n\t\t\t\t<\/div>\r\n\t\t\t\t<div class=\"col-xl-6\">\r\n\t\t\t\t\t<div class=\"about-two__right\">\r\n\t\t\t\t\t\t\t\t\t\t\t\t\t<div class=\"section-title text-left\">\r\n\t\t\t\t\t\t\t\t\t\t\t\t\t\t\t\t\t<span class=\"section-title__tagline\">airport p\u00e9cs<\/span>\r\n\t\t\t\t\t\t\t\t\t\t\t\t\t\t\t\t\t\t\t\t\t\t\t\t\t<h2 class=\"section-title__title\">P\u00c9CS-POG\u00c1NY TIZ AIR SPACE CONTRIBUTION, REQUEST FOR SERVICE PROVIDER'S OPINION<\/h2>\r\n\t\t\t\t\t\t\t\t\t\t\t\t\t\t\t<\/div>\r\n\t\t\t\t\t\t\t\t\t\t\t\t\t\t\t\t\t\t\t<div class=\"about-two__right-text-box\">\r\n\t\t\t\t\t\t\t\t\t\t\t\t\t\t\t\t\t\t\t\t\t\t\t\t\t<p class=\"about-two__right-text\">The air traffic service provider's opinion can be issued for a maximum period of 7 days and can be requested no earlier than 45 days before the planned entry into service of the airspace in question.<br>\n \nWith the exception of state, military or law enforcement applicants, only in justified cases can applications be made for occasional airspace in the P\u00e9cs-Pog\u00e1ny TIZ that:<br>\n \n\u2022 its area exceeds 10 km2<br>\n\u2022 the distance between its two furthest points is greater than 5 km<br>\n\u2022 contains more than 4 coordinates<br>\n \nThe fee is HUF 7,000 + 27% VAT<br>\n \nApplications must be sent to the e-mail address: tibor.szoke@airportpecs.hu.\n<\/p>\r\n\t\t\t\t\t\t\t\t\t\t\t\t\t\t\t<\/div>\r\n\t\t\t\t\t\t\t\t\t\t\t\t\t\t\t\t\t\t\t<ul class=\"about-two__right-points list-unstyled ml-0\">\r\n\t\t\t\t\t\t\t\t\t\t\t\t\t\t\t<\/ul>\r\n\t\t\t\t\t\t\t\t\t\t\t\t\t\t\t\t\t\t\t<a   href=\"https:\/\/airportpecs.com\/en\/kapcsolat\/\" class=\"thm-btn about-two__btn\">Contact us<\/a>\r\n\t\t\t\t\t\t\t\t\t\t\t<\/div>\r\n\t\t\t\t<\/div>\r\n\t\t\t<\/div>\r\n\t\t<\/div>\r\n\t<\/section>\r\n\t<!--About Two End-->\r\n\t\t\t\t<\/div>\n\t\t\t\t<\/div>\n\t\t\t\t\t<\/div>\n\t\t<\/div>\n\t\t\t\t\t<\/div>\n\t\t<\/section>\n\t\t\t\t<\/div>","protected":false},"excerpt":{"rendered":"<p>airport p\u00e9cs \u00c1ltal\u00e1nos Inform\u00e1ci\u00f3k-Dr\u00f3n inform\u00e1ci\u00f3k P\u00c9CS-POG\u00c1NY REP\u00dcL\u0150T\u00c9R DR\u00d3N HASZN\u00c1LAT HOZZ\u00c1J\u00c1RUL\u00c1S IG\u00c9NYL\u00c9SE A P\u00e9cs-Pog\u00e1nyi Rep\u00fcl\u0151t\u00e9rhez tartoz\u00f3 l\u00e9gt\u00e9rben (Forgalmi T\u00e1j\u00e9koztat\u00f3 K\u00f6rzet \u2013Traffic Information Zone \u2013 TIZ) eseti l\u00e9gteret nem ig\u00e9nyl\u0151 dr\u00f3n rep\u00fcl\u00e9sek eset\u00e9n, a rep\u00fcl\u0151t\u00e9r r\u00e9sz\u00e9r\u0151l \u00e9ves hozz\u00e1j\u00e1rul\u00e1s kiad\u00e1sa sz\u00fcks\u00e9ges. A hozz\u00e1j\u00e1rul\u00e1s ter\u00fcleti \u00e9rv\u00e9nyess\u00e9ge a P\u00e9cs-Pog\u00e1ny TIZ l\u00e9gt\u00e9r hat\u00e1rain bel\u00fcl \u00e9s a rep\u00fcl\u0151t\u00e9r fut\u00f3p\u00e1lya k\u00f6z\u00e9ppontj\u00e1t\u00f3l 3 km-es [&hellip;]<\/p>\n","protected":false},"author":1,"featured_media":0,"parent":0,"menu_order":0,"comment_status":"closed","ping_status":"closed","template":"elementor_header_footer","meta":{"iawp_total_views":595,"footnotes":""},"class_list":["post-2174","page","type-page","status-publish","hentry"],"_links":{"self":[{"href":"https:\/\/airportpecs.com\/en\/wp-json\/wp\/v2\/pages\/2174","targetHints":{"allow":["GET"]}}],"collection":[{"href":"https:\/\/airportpecs.com\/en\/wp-json\/wp\/v2\/pages"}],"about":[{"href":"https:\/\/airportpecs.com\/en\/wp-json\/wp\/v2\/types\/page"}],"author":[{"embeddable":true,"href":"https:\/\/airportpecs.com\/en\/wp-json\/wp\/v2\/users\/1"}],"replies":[{"embeddable":true,"href":"https:\/\/airportpecs.com\/en\/wp-json\/wp\/v2\/comments?post=2174"}],"version-history":[{"count":25,"href":"https:\/\/airportpecs.com\/en\/wp-json\/wp\/v2\/pages\/2174\/revisions"}],"predecessor-version":[{"id":3422,"href":"https:\/\/airportpecs.com\/en\/wp-json\/wp\/v2\/pages\/2174\/revisions\/3422"}],"wp:attachment":[{"href":"https:\/\/airportpecs.com\/en\/wp-json\/wp\/v2\/media?parent=2174"}],"curies":[{"name":"wp","href":"https:\/\/api.w.org\/{rel}","templated":true}]}}