{"id":2176,"date":"2024-03-05T14:49:15","date_gmt":"2024-03-05T13:49:15","guid":{"rendered":"https:\/\/airportpecs.com\/?page_id=2176"},"modified":"2025-02-11T14:18:30","modified_gmt":"2025-02-11T13:18:30","slug":"repuloteri-adatok","status":"publish","type":"page","link":"https:\/\/airportpecs.com\/en\/repuloteri-adatok\/","title":{"rendered":"Airport information"},"content":{"rendered":"<div data-elementor-type=\"wp-page\" data-elementor-id=\"2176\" class=\"elementor elementor-2176\" data-elementor-post-type=\"page\">\n\t\t\t\t\t\t<section class=\"elementor-section elementor-top-section elementor-element elementor-element-1904bca elementor-section-full_width elementor-section-stretched elementor-section-height-default elementor-section-height-default\" data-id=\"1904bca\" data-element_type=\"section\" data-e-type=\"section\" data-settings=\"{&quot;stretch_section&quot;:&quot;section-stretched&quot;}\">\n\t\t\t\t\t\t<div class=\"elementor-container elementor-column-gap-no\">\n\t\t\t\t\t<div class=\"elementor-column elementor-col-100 elementor-top-column elementor-element elementor-element-0bef2bb\" data-id=\"0bef2bb\" data-element_type=\"column\" data-e-type=\"column\">\n\t\t\t<div class=\"elementor-widget-wrap elementor-element-populated\">\n\t\t\t\t\t\t<div class=\"elementor-element elementor-element-2709d06 elementor-widget elementor-widget-jetly-about\" data-id=\"2709d06\" data-element_type=\"widget\" data-e-type=\"widget\" data-widget_type=\"jetly-about.default\">\n\t\t\t\t<div class=\"elementor-widget-container\">\n\t\t\t\t\t\t<!--About One Start-->\r\n\t<section class=\"about-one\" style=\"background-image: url(http:\/\/bracketweb.com\/jetlywp\/wp-content\/uploads\/2023\/01\/about-1-bg-d-1.png);\">\r\n\t\t<div class=\"container\">\r\n\t\t\t<div class=\"row\">\r\n\t\t\t\t<div class=\"col-xl-6\">\r\n\t\t\t\t\t<div class=\"about-one__left\">\r\n\t\t\t\t\t\t\t\t\t\t\t\t\t<div class=\"section-title text-left\">\r\n\t\t\t\t\t\t\t\t\t\t\t\t\t\t\t\t\t<span class=\"section-title__tagline\">airport p\u00e9cs<\/span>\r\n\t\t\t\t\t\t\t\t\t\t\t\t\t\t\t\t\t\t\t\t\t\t\t\t\t<h2 class=\"section-title__title\">Airport information<\/h2>\r\n\t\t\t\t\t\t\t\t\t\t\t\t\t\t\t<\/div>\r\n\t\t\t\t\t\t\t\t\t\t\t\t\t\t\t\t\t\t\t<p class=\"about-one__text\">Rep\u00fcl\u0151t\u00e9r neve: P\u00e9cs Pog\u00e1ny (LHPP)<br>\nT\u00e1vols\u00e1g \u00e9s ir\u00e1ny P\u00e9cst\u0151l: 9 Km D-DK<br>\nH\u00edv\u00f3n\u00e9v: Pog\u00e1ny INFO<br>\nFrekvencia: 126,915 MHz<br>\nMagass\u00e1g tengerszint felett (ARP): 648' 197,6 m<br>\nP\u00e1lya: 15\/33 aszfalt<br>\nP\u00e1lyam\u00e9retek: 1500 x 30 m<br>\nMaxim\u00e1lis teherb\u00edr\u00e1s: PCN 38<br>\nVonatkoz\u00e1si pont koordin\u00e1t\u00e1ja: N 45\u00b0 59' 21\" - E 018\u00b0 14' 32\"<br>\nNDB frekvenci\u00e1ja: 412 KHz<br>\nNDB Morze k\u00f3d: PP<br>\n\n\u00dczemanyag: AVGAS 100 LL, JET A-1 (kerozin), ESZ-95 benzin<br>\nHang\u00e1rt\u00e1rol\u00e1s: (el\u0151zetes ig\u00e9ny alapj\u00e1n)<br>\nIdeiglenes hat\u00e1rnyit\u00e1s felt\u00e9telei: Schengeni <br>\u00f6vezeten k\u00edv\u00fcli rep\u00fcl\u00e9sek eset\u00e9n az \u00e9rkez\u00e9st\/indul\u00e1st megel\u0151z\u0151en 3 munkanappal k\u00e9rj\u00fck a rep\u00fcl\u00e9si sz\u00e1nd\u00e9kot jelezni.<br>\nAFIS Tel: +36-72-450-619 Mobil: +36-30-560-9325<br>\nAFTN: LHPPZPZX<br>\ne-mail: fly@airportpecs.hu\n<\/p>\r\n\t\t\t\t\t\t\t\t\t\t\t\t\t\t\t\t\t\t\t<ul class=\"list-unstyled about-one__points ml-0\">\r\n\t\t\t\t\t\t\t\t\t\t\t\t\t\t\t<\/ul>\r\n\t\t\t\t\t\t\t\t\t\t\t\t<div class=\"about-one__btn-call\">\r\n\t\t\t\t\t\t\t\t\t\t\t\t\t\t\t<div class=\"about-one__btn-box\">\r\n\t\t\t\t\t\t\t\t\t<a   href=\"\/en\/kapcsolat\/\" class=\"thm-btn about-one__btn\">Contact us<\/a>\r\n\t\t\t\t\t\t\t\t<\/div>\r\n\t\t\t\t\t\t\t\t\t\t\t\t\t\t<div class=\"about-one__call\">\r\n\t\t\t\t\t\t\t\t<div class=\"about-one__call-icon icon-svg\">\r\n\t\t\t\t\t\t\t\t\t<span aria-hidden=\"true\" class=\"icon-telephone\"><\/span>\t\t\t\t\t\t\t\t<\/div>\r\n\t\t\t\t\t\t\t\t<div class=\"about-one__call-content\">\r\n\t\t\t\t\t\t\t\t\t\t\t\t\t\t\t\t\t\t\t<span class=\"about-one__call-sub-title\">Call us<\/span>\r\n\t\t\t\t\t\t\t\t\t\t\t\t\t\t\t\t\t\t\t\t\t\t\t\t\t\t\t\t<p class=\"about-one__call-number\"><a href=\"tel:+3672450619\">+36 72 450 619<\/a><\/p>\r\n\t\t\t\t\t\t\t\t\t\t\t\t\t\t\t\t\t<\/div>\r\n\t\t\t\t\t\t\t<\/div>\r\n\t\t\t\t\t\t<\/div>\r\n\t\t\t\t\t<\/div>\r\n\t\t\t\t<\/div>\r\n\t\t\t\t<div class=\"col-xl-6\">\r\n\t\t\t\t\t<div class=\"about-one__right\">\r\n\t\t\t\t\t\t<div class=\"about-one__img-box wow slideInRight\" data-wow-delay=\"100ms\" data-wow-duration=\"2500ms\">\r\n\t\t\t\t\t\t\t\t\t\t\t\t\t\t\t<div class=\"about-one__img\">\r\n\t\t\t\t\t\t\t\t\t<img decoding=\"async\" src=\"https:\/\/airportpecs.com\/wp-content\/uploads\/2024\/03\/Adatok.png\" alt=\"\">\r\n\t\t\t\t\t\t\t\t<\/div>\r\n\t\t\t\t\t\t\t\t\t\t\t\t\t\t<div class=\"about-one__satisfied\">\r\n\t\t\t\t\t\t\t\t<div class=\"about-one__satisfied-icon icon-svg-large\">\r\n\t\t\t\t\t\t\t\t\t<span aria-hidden=\"true\" class=\"icon-flight-1\"><\/span>\t\t\t\t\t\t\t\t<\/div>\r\n\t\t\t\t\t\t\t\t<div class=\"about-one__satisfied-content count-box\">\r\n\t\t\t\t\t\t\t\t\t\t\t\t\t\t\t\t\t\t\t\t\t\t\t\t\t\t<\/div>\r\n\t\t\t\t\t\t\t<\/div>\r\n\t\t\t\t\t\t<\/div>\r\n\t\t\t\t\t<\/div>\r\n\t\t\t\t<\/div>\r\n\t\t\t<\/div>\r\n\t\t<\/div>\r\n\t<\/section>\r\n\t<!--About One End-->\r\n\t\t\t\t<\/div>\n\t\t\t\t<\/div>\n\t\t\t\t\t<\/div>\n\t\t<\/div>\n\t\t\t\t\t<\/div>\n\t\t<\/section>\n\t\t\t\t<\/div>","protected":false},"excerpt":{"rendered":"<p>airport p\u00e9cs Rep\u00fcl\u0151t\u00e9ri Adatok Rep\u00fcl\u0151t\u00e9r neve: P\u00e9cs Pog\u00e1ny (LHPP) T\u00e1vols\u00e1g \u00e9s ir\u00e1ny P\u00e9cst\u0151l: 9 Km D-DK H\u00edv\u00f3n\u00e9v: Pog\u00e1ny INFO Frekvencia: 126,915 MHz Magass\u00e1g tengerszint felett (ARP): 648&#8242; 197,6 m P\u00e1lya: 15\/33 aszfalt P\u00e1lyam\u00e9retek: 1500 x 30 m Maxim\u00e1lis teherb\u00edr\u00e1s: PCN 38 Vonatkoz\u00e1si pont koordin\u00e1t\u00e1ja: N 45\u00b0 59&#8242; 21&#8243; &#8211; E 018\u00b0 14&#8242; 32&#8243; NDB frekvenci\u00e1ja: [&hellip;]<\/p>\n","protected":false},"author":1,"featured_media":0,"parent":0,"menu_order":0,"comment_status":"closed","ping_status":"closed","template":"elementor_header_footer","meta":{"iawp_total_views":1948,"footnotes":""},"class_list":["post-2176","page","type-page","status-publish","hentry"],"_links":{"self":[{"href":"https:\/\/airportpecs.com\/en\/wp-json\/wp\/v2\/pages\/2176","targetHints":{"allow":["GET"]}}],"collection":[{"href":"https:\/\/airportpecs.com\/en\/wp-json\/wp\/v2\/pages"}],"about":[{"href":"https:\/\/airportpecs.com\/en\/wp-json\/wp\/v2\/types\/page"}],"author":[{"embeddable":true,"href":"https:\/\/airportpecs.com\/en\/wp-json\/wp\/v2\/users\/1"}],"replies":[{"embeddable":true,"href":"https:\/\/airportpecs.com\/en\/wp-json\/wp\/v2\/comments?post=2176"}],"version-history":[{"count":16,"href":"https:\/\/airportpecs.com\/en\/wp-json\/wp\/v2\/pages\/2176\/revisions"}],"predecessor-version":[{"id":4065,"href":"https:\/\/airportpecs.com\/en\/wp-json\/wp\/v2\/pages\/2176\/revisions\/4065"}],"wp:attachment":[{"href":"https:\/\/airportpecs.com\/en\/wp-json\/wp\/v2\/media?parent=2176"}],"curies":[{"name":"wp","href":"https:\/\/api.w.org\/{rel}","templated":true}]}}