{"id":2184,"date":"2024-03-05T14:50:29","date_gmt":"2024-03-05T13:50:29","guid":{"rendered":"https:\/\/airportpecs.com\/?page_id=2184"},"modified":"2024-03-22T08:30:35","modified_gmt":"2024-03-22T07:30:35","slug":"kozlekedes","status":"publish","type":"page","link":"https:\/\/airportpecs.com\/en\/kozlekedes\/","title":{"rendered":"Transport"},"content":{"rendered":"<div data-elementor-type=\"wp-page\" data-elementor-id=\"2184\" class=\"elementor elementor-2184\" data-elementor-post-type=\"page\">\n\t\t\t\t\t\t<section class=\"elementor-section elementor-top-section elementor-element elementor-element-5c9255d elementor-section-full_width elementor-section-stretched elementor-section-height-default elementor-section-height-default\" data-id=\"5c9255d\" data-element_type=\"section\" data-e-type=\"section\" data-settings=\"{&quot;stretch_section&quot;:&quot;section-stretched&quot;}\">\n\t\t\t\t\t\t<div class=\"elementor-container elementor-column-gap-no\">\n\t\t\t\t\t<div class=\"elementor-column elementor-col-100 elementor-top-column elementor-element elementor-element-a965f16\" data-id=\"a965f16\" data-element_type=\"column\" data-e-type=\"column\">\n\t\t\t<div class=\"elementor-widget-wrap elementor-element-populated\">\n\t\t\t\t\t\t<div class=\"elementor-element elementor-element-6cde9f3 elementor-widget elementor-widget-jetly-service\" data-id=\"6cde9f3\" data-element_type=\"widget\" data-e-type=\"widget\" data-widget_type=\"jetly-service.default\">\n\t\t\t\t<div class=\"elementor-widget-container\">\n\t\t\t\t\t\r\n    <!--Services One Start-->\r\n    <section class=\"services-one\">\r\n        <div class=\"container\">\r\n            <div class=\"section-title text-center\">\r\n                                    <span class=\"section-title__tagline\">Airport P\u00e9cs<\/span>\r\n                                                    <h2 class=\"section-title__title\">Approach options<\/h2>\r\n                            <\/div>\r\n            <div class=\"row\">\r\n                                                            <!--Services One Single Start-->\r\n                        <div class=\"col-xl-3 col-lg-6 col-md-6 wow fadeInUp\" data-wow-delay=\"100ms\">\r\n                            <div class=\"services-one__single\">\r\n                                                                    <div class=\"services-one__img\">\r\n                                        <img decoding=\"async\" src=\"https:\/\/airportpecs.com\/wp-content\/uploads\/2024\/03\/Megkozelites-e1711091776926.png\" alt=\"2468\">\r\n                                    <\/div>\r\n                                                                <div class=\"services-one__content\">\r\n                                    <div class=\"services-one__title-box\">\r\n                                                                                <h3 class=\"services-one__title\"><a href=\"\/en\/megkozelites\/\">Approach<\/a>\r\n                                        <\/h3>\r\n                                    <\/div>\r\n                                                                        <div class=\"services-one__arrow icon-svg\">\r\n                                        <a   href=\"\/en\/megkozelites\/\"><span aria-hidden=\"true\" class=\"fas fa-angle-right\"><\/span><\/a>\r\n                                    <\/div>\r\n                                <\/div>\r\n                            <\/div>\r\n                        <\/div>\r\n                        <!--Services One Single End-->\r\n                                        <!--Services One Single Start-->\r\n                        <div class=\"col-xl-3 col-lg-6 col-md-6 wow fadeInUp\" data-wow-delay=\"100ms\">\r\n                            <div class=\"services-one__single\">\r\n                                                                    <div class=\"services-one__img\">\r\n                                        <img decoding=\"async\" src=\"https:\/\/airportpecs.com\/wp-content\/uploads\/2024\/03\/Kozlekedes-e1711092029372.png\" alt=\"2469\">\r\n                                    <\/div>\r\n                                                                <div class=\"services-one__content\">\r\n                                    <div class=\"services-one__title-box\">\r\n                                                                                <h3 class=\"services-one__title\"><a href=\"\/en\/tomegkozlekedes-kozossegi-kozlekedes\/\">Public transport<\/a>\r\n                                        <\/h3>\r\n                                    <\/div>\r\n                                                                        <div class=\"services-one__arrow icon-svg\">\r\n                                        <a   href=\"\/en\/tomegkozlekedes-kozossegi-kozlekedes\/\"><span aria-hidden=\"true\" class=\"fas fa-angle-right\"><\/span><\/a>\r\n                                    <\/div>\r\n                                <\/div>\r\n                            <\/div>\r\n                        <\/div>\r\n                        <!--Services One Single End-->\r\n                                        <!--Services One Single Start-->\r\n                        <div class=\"col-xl-3 col-lg-6 col-md-6 wow fadeInUp\" data-wow-delay=\"100ms\">\r\n                            <div class=\"services-one__single\">\r\n                                                                    <div class=\"services-one__img\">\r\n                                        <img decoding=\"async\" src=\"https:\/\/airportpecs.com\/wp-content\/uploads\/2024\/03\/Taxi2-e1711092243745.png\" alt=\"2470\">\r\n                                    <\/div>\r\n                                                                <div class=\"services-one__content\">\r\n                                    <div class=\"services-one__title-box\">\r\n                                                                                <h3 class=\"services-one__title\"><a href=\"\/en\/taxi\/\">TAXI<\/a>\r\n                                        <\/h3>\r\n                                    <\/div>\r\n                                                                        <div class=\"services-one__arrow icon-svg\">\r\n                                        <a   href=\"\/en\/taxi\/\"><span aria-hidden=\"true\" class=\"fas fa-angle-right\"><\/span><\/a>\r\n                                    <\/div>\r\n                                <\/div>\r\n                            <\/div>\r\n                        <\/div>\r\n                        <!--Services One Single End-->\r\n                                        <!--Services One Single Start-->\r\n                        <div class=\"col-xl-3 col-lg-6 col-md-6 wow fadeInUp\" data-wow-delay=\"100ms\">\r\n                            <div class=\"services-one__single\">\r\n                                                                    <div class=\"services-one__img\">\r\n                                        <img decoding=\"async\" src=\"https:\/\/airportpecs.com\/wp-content\/uploads\/2024\/03\/autoberles2-e1711092423705.png\" alt=\"2475\">\r\n                                    <\/div>\r\n                                                                <div class=\"services-one__content\">\r\n                                    <div class=\"services-one__title-box\">\r\n                                                                                <h3 class=\"services-one__title\"><a href=\"\/en\/autoberles\/\">Car rental<\/a>\r\n                                        <\/h3>\r\n                                    <\/div>\r\n                                                                        <div class=\"services-one__arrow icon-svg\">\r\n                                        <a   href=\"\/en\/autoberles\/\"><span aria-hidden=\"true\" class=\"fas fa-angle-right\"><\/span><\/a>\r\n                                    <\/div>\r\n                                <\/div>\r\n                            <\/div>\r\n                        <\/div>\r\n                        <!--Services One Single End-->\r\n                                        <!--Services One Single Start-->\r\n                        <div class=\"col-xl-3 col-lg-6 col-md-6 wow fadeInUp\" data-wow-delay=\"100ms\">\r\n                            <div class=\"services-one__single\">\r\n                                                                    <div class=\"services-one__img\">\r\n                                        <img decoding=\"async\" src=\"https:\/\/airportpecs.com\/wp-content\/uploads\/2024\/03\/Parkolo-1-e1711092607513.png\" alt=\"2480\">\r\n                                    <\/div>\r\n                                                                <div class=\"services-one__content\">\r\n                                    <div class=\"services-one__title-box\">\r\n                                                                                <h3 class=\"services-one__title\"><a href=\"\/en\/parkolas\/\">Parking<\/a>\r\n                                        <\/h3>\r\n                                    <\/div>\r\n                                                                        <div class=\"services-one__arrow icon-svg\">\r\n                                        <a   href=\"\/en\/parkolas\/\"><span aria-hidden=\"true\" class=\"fas fa-angle-right\"><\/span><\/a>\r\n                                    <\/div>\r\n                                <\/div>\r\n                            <\/div>\r\n                        <\/div>\r\n                        <!--Services One Single End-->\r\n                            <\/div>\r\n        <\/div>\r\n    <\/section>\r\n    <!--Services One End-->\r\n\r\n\t\t\t\t<\/div>\n\t\t\t\t<\/div>\n\t\t\t\t\t<\/div>\n\t\t<\/div>\n\t\t\t\t\t<\/div>\n\t\t<\/section>\n\t\t\t\t<\/div>","protected":false},"excerpt":{"rendered":"<p>Airport P\u00e9cs Megk\u00f6zel\u00edt\u00e9si lehet\u0151s\u00e9gek Megk\u00f6zel\u00edt\u00e9s K\u00f6z\u00f6ss\u00e9gi k\u00f6zleked\u00e9s TAXI Aut\u00f3b\u00e9rl\u00e9s Parkol\u00e1s<\/p>","protected":false},"author":1,"featured_media":0,"parent":0,"menu_order":0,"comment_status":"closed","ping_status":"closed","template":"elementor_header_footer","meta":{"iawp_total_views":6962,"footnotes":""},"class_list":["post-2184","page","type-page","status-publish","hentry"],"_links":{"self":[{"href":"https:\/\/airportpecs.com\/en\/wp-json\/wp\/v2\/pages\/2184","targetHints":{"allow":["GET"]}}],"collection":[{"href":"https:\/\/airportpecs.com\/en\/wp-json\/wp\/v2\/pages"}],"about":[{"href":"https:\/\/airportpecs.com\/en\/wp-json\/wp\/v2\/types\/page"}],"author":[{"embeddable":true,"href":"https:\/\/airportpecs.com\/en\/wp-json\/wp\/v2\/users\/1"}],"replies":[{"embeddable":true,"href":"https:\/\/airportpecs.com\/en\/wp-json\/wp\/v2\/comments?post=2184"}],"version-history":[{"count":17,"href":"https:\/\/airportpecs.com\/en\/wp-json\/wp\/v2\/pages\/2184\/revisions"}],"predecessor-version":[{"id":2483,"href":"https:\/\/airportpecs.com\/en\/wp-json\/wp\/v2\/pages\/2184\/revisions\/2483"}],"wp:attachment":[{"href":"https:\/\/airportpecs.com\/en\/wp-json\/wp\/v2\/media?parent=2184"}],"curies":[{"name":"wp","href":"https:\/\/api.w.org\/{rel}","templated":true}]}}