{"id":219,"date":"2023-01-19T09:43:14","date_gmt":"2023-01-19T09:43:14","guid":{"rendered":"http:\/\/bracketweb.com\/jetlywp\/?page_id=219"},"modified":"2024-04-06T10:32:25","modified_gmt":"2024-04-06T08:32:25","slug":"szolgaltatasok-terminal-informaciok","status":"publish","type":"page","link":"https:\/\/airportpecs.com\/en\/szolgaltatasok-terminal-informaciok\/","title":{"rendered":"Services\/Terminal information"},"content":{"rendered":"<div data-elementor-type=\"wp-page\" data-elementor-id=\"219\" class=\"elementor elementor-219\" data-elementor-post-type=\"page\">\n\t\t\t\t\t\t<section class=\"elementor-section elementor-top-section elementor-element elementor-element-622bf1c elementor-section-full_width elementor-section-stretched elementor-section-height-default elementor-section-height-default\" data-id=\"622bf1c\" data-element_type=\"section\" data-e-type=\"section\" data-settings=\"{&quot;stretch_section&quot;:&quot;section-stretched&quot;}\">\n\t\t\t\t\t\t<div class=\"elementor-container elementor-column-gap-no\">\n\t\t\t\t\t<div class=\"elementor-column elementor-col-100 elementor-top-column elementor-element elementor-element-b99effb\" data-id=\"b99effb\" data-element_type=\"column\" data-e-type=\"column\">\n\t\t\t<div class=\"elementor-widget-wrap elementor-element-populated\">\n\t\t\t\t\t\t<div class=\"elementor-element elementor-element-ff2d924 elementor-widget elementor-widget-jetly-about\" data-id=\"ff2d924\" data-element_type=\"widget\" data-e-type=\"widget\" data-widget_type=\"jetly-about.default\">\n\t\t\t\t<div class=\"elementor-widget-container\">\n\t\t\t\t\t\t<!--About One Start-->\r\n\t<section class=\"about-one\" style=\"background-image: url(http:\/\/bracketweb.com\/jetlywp\/wp-content\/uploads\/2023\/01\/about-1-bg-d-1.png);\">\r\n\t\t<div class=\"container\">\r\n\t\t\t<div class=\"row\">\r\n\t\t\t\t<div class=\"col-xl-6\">\r\n\t\t\t\t\t<div class=\"about-one__left\">\r\n\t\t\t\t\t\t\t\t\t\t\t\t\t<div class=\"section-title text-left\">\r\n\t\t\t\t\t\t\t\t\t\t\t\t\t\t\t\t\t<span class=\"section-title__tagline\">airport p\u00e9cs<\/span>\r\n\t\t\t\t\t\t\t\t\t\t\t\t\t\t\t\t\t\t\t\t\t\t\t\t\t<h2 class=\"section-title__title\">General Information-Services<\/h2>\r\n\t\t\t\t\t\t\t\t\t\t\t\t\t\t\t<\/div>\r\n\t\t\t\t\t\t\t\t\t\t\t\t\t\t\t\t\t\t\t<p class=\"about-one__text\">P\u00e9cs-Pog\u00e1ny Airport provides passenger and aircraft services for flights, such as fuel and additional ground services. There are no other service providers or fuel service companies.\n\nThe service fees (HUF or EUR invoice) are invoiced in the C-Office and must be paid before departure.\nInvoices can be settled in cash (HUF\/EUR) or with Amex, Visa and MasterCard bank cards.\nPlease notify us of your planned flight in advance by emailing info@airportpecs.hu or by calling +36-72-526-156.\n<\/p>\r\n\t\t\t\t\t\t\t\t\t\t\t\t\t\t\t\t\t\t\t<ul class=\"list-unstyled about-one__points ml-0\">\r\n\t\t\t\t\t\t\t\t\t\t\t\t\t\t\t<\/ul>\r\n\t\t\t\t\t\t\t\t\t\t\t\t<div class=\"about-one__btn-call\">\r\n\t\t\t\t\t\t\t\t\t\t\t\t\t\t\t<div class=\"about-one__btn-box\">\r\n\t\t\t\t\t\t\t\t\t<a   href=\"\/en\/kapcsolat\/\" class=\"thm-btn about-one__btn\">Contact us<\/a>\r\n\t\t\t\t\t\t\t\t<\/div>\r\n\t\t\t\t\t\t\t\t\t\t\t\t\t\t<div class=\"about-one__call\">\r\n\t\t\t\t\t\t\t\t<div class=\"about-one__call-icon icon-svg\">\r\n\t\t\t\t\t\t\t\t\t<span aria-hidden=\"true\" class=\"icon-telephone\"><\/span>\t\t\t\t\t\t\t\t<\/div>\r\n\t\t\t\t\t\t\t\t<div class=\"about-one__call-content\">\r\n\t\t\t\t\t\t\t\t\t\t\t\t\t\t\t\t\t\t\t<span class=\"about-one__call-sub-title\">Call us<\/span>\r\n\t\t\t\t\t\t\t\t\t\t\t\t\t\t\t\t\t\t\t\t\t\t\t\t\t\t\t\t<p class=\"about-one__call-number\"><a href=\"tel:+3672526156\">+36 72 526 156<\/a><\/p>\r\n\t\t\t\t\t\t\t\t\t\t\t\t\t\t\t\t\t<\/div>\r\n\t\t\t\t\t\t\t<\/div>\r\n\t\t\t\t\t\t<\/div>\r\n\t\t\t\t\t<\/div>\r\n\t\t\t\t<\/div>\r\n\t\t\t\t<div class=\"col-xl-6\">\r\n\t\t\t\t\t<div class=\"about-one__right\">\r\n\t\t\t\t\t\t<div class=\"about-one__img-box wow slideInRight\" data-wow-delay=\"100ms\" data-wow-duration=\"2500ms\">\r\n\t\t\t\t\t\t\t\t\t\t\t\t\t\t\t<div class=\"about-one__img\">\r\n\t\t\t\t\t\t\t\t\t<img decoding=\"async\" src=\"https:\/\/airportpecs.com\/wp-content\/uploads\/2024\/03\/Szolgaltatasok-pilotaknak.png\" alt=\"\">\r\n\t\t\t\t\t\t\t\t<\/div>\r\n\t\t\t\t\t\t\t\t\t\t\t\t\t\t<div class=\"about-one__satisfied\">\r\n\t\t\t\t\t\t\t\t<div class=\"about-one__satisfied-icon icon-svg-large\">\r\n\t\t\t\t\t\t\t\t\t<span aria-hidden=\"true\" class=\"fas fa-gas-pump\"><\/span>\t\t\t\t\t\t\t\t<\/div>\r\n\t\t\t\t\t\t\t\t<div class=\"about-one__satisfied-content count-box\">\r\n\t\t\t\t\t\t\t\t\t\t\t\t\t\t\t\t\t\t\t\t\t\t\t\t\t\t<\/div>\r\n\t\t\t\t\t\t\t<\/div>\r\n\t\t\t\t\t\t<\/div>\r\n\t\t\t\t\t<\/div>\r\n\t\t\t\t<\/div>\r\n\t\t\t<\/div>\r\n\t\t<\/div>\r\n\t<\/section>\r\n\t<!--About One End-->\r\n\t\t\t\t<\/div>\n\t\t\t\t<\/div>\n\t\t\t\t\t<\/div>\n\t\t<\/div>\n\t\t\t\t\t<\/div>\n\t\t<\/section>\n\t\t\t\t<section class=\"elementor-section elementor-top-section elementor-element elementor-element-b16dfc0 elementor-section-full_width elementor-section-stretched elementor-section-height-default elementor-section-height-default\" data-id=\"b16dfc0\" data-element_type=\"section\" data-e-type=\"section\" data-settings=\"{&quot;stretch_section&quot;:&quot;section-stretched&quot;}\">\n\t\t\t\t\t\t<div class=\"elementor-container elementor-column-gap-no\">\n\t\t\t\t\t<div class=\"elementor-column elementor-col-100 elementor-top-column elementor-element elementor-element-ea5da7d\" data-id=\"ea5da7d\" data-element_type=\"column\" data-e-type=\"column\">\n\t\t\t<div class=\"elementor-widget-wrap elementor-element-populated\">\n\t\t\t\t\t\t<div class=\"elementor-element elementor-element-88981da elementor-widget elementor-widget-jetly-about\" data-id=\"88981da\" data-element_type=\"widget\" data-e-type=\"widget\" data-widget_type=\"jetly-about.default\">\n\t\t\t\t<div class=\"elementor-widget-container\">\n\t\t\t\t\t\t<!--About Two Start-->\r\n\t<section class=\"about-two\" style=\"background-image: url();\">\r\n\t\t\t\t<div class=\"container\">\r\n\t\t\t<div class=\"row\">\r\n\t\t\t\t<div class=\"col-xl-6\">\r\n\t\t\t\t\t<div class=\"about-two__left wow slideInLeft\" data-wow-delay=\"100ms\" data-wow-duration=\"2500ms\">\r\n\t\t\t\t\t\t\t\t\t\t\t\t<div class=\"about-two__img-box\">\r\n\t\t\t\t\t\t\t\t\t\t\t\t\t\t\t<div class=\"about-two__img-one\">\r\n\t\t\t\t\t\t\t\t\t<img decoding=\"async\" src=\"https:\/\/airportpecs.com\/wp-content\/uploads\/2024\/03\/Szolgaltatasok-pilotaknak2.png\" alt=\"Szolg\u00e1ltat\u00e1sok pilot\u00e1knak2\" title=\"Szolg\u00e1ltat\u00e1sok pilot\u00e1knak2\" >\t\t\t\t\t\t\t\t<\/div>\r\n\t\t\t\t\t\t\t\t\t\t\t\t\t\t\t\t\t\t\t\t\t\t\t\t\t\t\t<\/div>\r\n\t\t\t\t\t<\/div>\r\n\t\t\t\t<\/div>\r\n\t\t\t\t<div class=\"col-xl-6\">\r\n\t\t\t\t\t<div class=\"about-two__right\">\r\n\t\t\t\t\t\t\t\t\t\t\t\t\t<div class=\"section-title text-left\">\r\n\t\t\t\t\t\t\t\t\t\t\t\t\t\t\t\t\t<span class=\"section-title__tagline\">airport p\u00e9cs<\/span>\r\n\t\t\t\t\t\t\t\t\t\t\t\t\t\t\t\t\t\t\t\t\t\t\t\t\t<h2 class=\"section-title__title\">Airport Services include the following:<\/h2>\r\n\t\t\t\t\t\t\t\t\t\t\t\t\t\t\t<\/div>\r\n\t\t\t\t\t\t\t\t\t\t\t\t\t\t\t\t\t\t\t<div class=\"about-two__right-text-box\">\r\n\t\t\t\t\t\t\t\t\t\t\t\t\t\t\t\t\t\t\t\t\t\t\t\t\t<p class=\"about-two__right-text\">\u2022 Opening hours outside operational hours by prior arrangement <br>\n\u2022 Fire fighting category (RFFS) category 3. (categories 4 and 5 upon prior request 3 hours before)<br>\n\u2022 Border opening\/Customs (upon prior request 1-3 working days in advance)<br>\n\u2022 Passenger security check as needed (on prior request 24 hours in advance)<br>\n\u2022 Hangar storage, parking on asphalt or grass <br>\n\u2022 Free Wi-Fi in the Terminal<br>\n\u2022 Aircraft lavatory cleaning<br>\n\u2022 JET A1 engine (tanker vehicle)<br>\n\u2022 AVGAS fuel (at fuel station)<br>\n\u2022\tGPU <br>\n\u2022 Aircraft de-icing <br>\n\u2022 Pilot lounge, coffee and tea<br>\n\u2022 Meeting rooms <br>\n\u2022 Office lease<br>\n\u2022 Free parking right next to the Terminal \n<\/p>\r\n\t\t\t\t\t\t\t\t\t\t\t\t\t\t\t<\/div>\r\n\t\t\t\t\t\t\t\t\t\t\t\t\t\t\t\t\t\t\t<ul class=\"about-two__right-points list-unstyled ml-0\">\r\n\t\t\t\t\t\t\t\t\t\t\t\t\t\t\t<\/ul>\r\n\t\t\t\t\t\t\t\t\t\t\t\t\t\t\t\t\t\t\t<a   href=\"\/en\/szolgaltatasok\/\" class=\"thm-btn about-two__btn\">Services<\/a>\r\n\t\t\t\t\t\t\t\t\t\t\t<\/div>\r\n\t\t\t\t<\/div>\r\n\t\t\t<\/div>\r\n\t\t<\/div>\r\n\t<\/section>\r\n\t<!--About Two End-->\r\n\t\t\t\t<\/div>\n\t\t\t\t<\/div>\n\t\t\t\t\t<\/div>\n\t\t<\/div>\n\t\t\t\t\t<\/div>\n\t\t<\/section>\n\t\t\t\t<\/div>","protected":false},"excerpt":{"rendered":"<p>airport p\u00e9cs \u00c1ltal\u00e1nos Inform\u00e1ci\u00f3k-Szolg\u00e1ltat\u00e1sok A P\u00e9cs-Pog\u00e1ny rep\u00fcl\u0151t\u00e9r a l\u00e9gi j\u00e1ratok sz\u00e1m\u00e1ra saj\u00e1t maga v\u00e9gzi az utas \u00e9s l\u00e9gij\u00e1rm\u0171 kiszolg\u00e1l\u00e1st mint \u00fczemanyag \u00e9s f\u00f6ldi kieg\u00e9sz\u00edt\u0151 szolg\u00e1ltat\u00e1sok. Nincs egy\u00e9b szolg\u00e1ltat\u00f3 vagy \u00fczemanyag kiszolg\u00e1l\u00f3 c\u00e9g. A kiszolg\u00e1l\u00e1si d\u00edjak (HUF vagy EUR sz\u00e1mla) a C-Irod\u00e1ban ker\u00fclnek kisz\u00e1ml\u00e1z\u00e1sra \u00e9s indul\u00e1s el\u0151tt fizetend\u0151ek. A sz\u00e1ml\u00e1kat k\u00e9szp\u00e9nzben (HUF\/EUR) vagy Amex, Visa \u00e9s [&hellip;]<\/p>\n","protected":false},"author":1,"featured_media":0,"parent":0,"menu_order":0,"comment_status":"closed","ping_status":"closed","template":"elementor_header_footer","meta":{"iawp_total_views":3064,"footnotes":""},"class_list":["post-219","page","type-page","status-publish","hentry"],"_links":{"self":[{"href":"https:\/\/airportpecs.com\/en\/wp-json\/wp\/v2\/pages\/219","targetHints":{"allow":["GET"]}}],"collection":[{"href":"https:\/\/airportpecs.com\/en\/wp-json\/wp\/v2\/pages"}],"about":[{"href":"https:\/\/airportpecs.com\/en\/wp-json\/wp\/v2\/types\/page"}],"author":[{"embeddable":true,"href":"https:\/\/airportpecs.com\/en\/wp-json\/wp\/v2\/users\/1"}],"replies":[{"embeddable":true,"href":"https:\/\/airportpecs.com\/en\/wp-json\/wp\/v2\/comments?post=219"}],"version-history":[{"count":29,"href":"https:\/\/airportpecs.com\/en\/wp-json\/wp\/v2\/pages\/219\/revisions"}],"predecessor-version":[{"id":3602,"href":"https:\/\/airportpecs.com\/en\/wp-json\/wp\/v2\/pages\/219\/revisions\/3602"}],"wp:attachment":[{"href":"https:\/\/airportpecs.com\/en\/wp-json\/wp\/v2\/media?parent=219"}],"curies":[{"name":"wp","href":"https:\/\/api.w.org\/{rel}","templated":true}]}}