{"id":2194,"date":"2024-03-05T14:51:45","date_gmt":"2024-03-05T13:51:45","guid":{"rendered":"https:\/\/airportpecs.com\/?page_id=2194"},"modified":"2024-03-21T09:28:57","modified_gmt":"2024-03-21T08:28:57","slug":"parkolas","status":"publish","type":"page","link":"https:\/\/airportpecs.com\/en\/parkolas\/","title":{"rendered":"Parking"},"content":{"rendered":"<div data-elementor-type=\"wp-page\" data-elementor-id=\"2194\" class=\"elementor elementor-2194\" data-elementor-post-type=\"page\">\n\t\t\t\t\t\t<section class=\"elementor-section elementor-top-section elementor-element elementor-element-c58dc56 elementor-section-full_width elementor-section-stretched elementor-section-height-default elementor-section-height-default\" data-id=\"c58dc56\" data-element_type=\"section\" data-e-type=\"section\" data-settings=\"{&quot;stretch_section&quot;:&quot;section-stretched&quot;}\">\n\t\t\t\t\t\t<div class=\"elementor-container elementor-column-gap-no\">\n\t\t\t\t\t<div class=\"elementor-column elementor-col-100 elementor-top-column elementor-element elementor-element-5ff07ee\" data-id=\"5ff07ee\" data-element_type=\"column\" data-e-type=\"column\">\n\t\t\t<div class=\"elementor-widget-wrap elementor-element-populated\">\n\t\t\t\t\t\t<div class=\"elementor-element elementor-element-f843b2c elementor-widget elementor-widget-jetly-about\" data-id=\"f843b2c\" data-element_type=\"widget\" data-e-type=\"widget\" data-widget_type=\"jetly-about.default\">\n\t\t\t\t<div class=\"elementor-widget-container\">\n\t\t\t\t\t\t<!--About Three Start-->\r\n\t<section class=\"about-three\">\r\n\t\t<div class=\"container\">\r\n\t\t\t<div class=\"row\">\r\n\t\t\t\t<div class=\"col-xl-6\">\r\n\t\t\t\t\t<div class=\"about-three__left\">\r\n\t\t\t\t\t\t<div class=\"about-three__img-box wow slideInLeft\" data-wow-delay=\"100ms\" data-wow-duration=\"2500ms\">\r\n\t\t\t\t\t\t\t\t\t\t\t\t\t\t\t<div class=\"about-three__img\">\r\n\t\t\t\t\t\t\t\t\t<img decoding=\"async\" src=\"https:\/\/airportpecs.com\/wp-content\/uploads\/2024\/03\/Parkolo.png\" alt=\"Parkol\u00f3\" title=\"Parkol\u00f3\" >\t\t\t\t\t\t\t\t<\/div>\r\n\t\t\t\t\t\t\t\t\t\t\t\t\t\t<div class=\"about-three__experience\">\r\n\t\t\t\t\t\t\t\t<div class=\"about-three__curved-circle\">\r\n\t\t\t\t\t\t\t\t\t<div class=\"curved-circle\">\r\n\t\t\t\t\t\t\t\t\t\t\t\t\t\t\t\t\t\t\t<\/div><!-- \/.curved-circle -->\r\n\t\t\t\t\t\t\t\t<\/div>\r\n\t\t\t\t\t\t\t\t\t\t\t\t\t\t\t<\/div>\r\n\t\t\t\t\t\t\t\t\t\t\t\t\t\t\t<div class=\"about-three__shape-1 float-bob-x\">\r\n\t\t\t\t\t\t\t\t\t<img decoding=\"async\" src=\"https:\/\/airportpecs.com\/wp-content\/uploads\/2023\/01\/about-three-shape-1.png\" alt=\"about-three-shape-1\" title=\"about-three-shape-1\" >\t\t\t\t\t\t\t\t<\/div>\r\n\t\t\t\t\t\t\t\t\t\t\t\t\t<\/div>\r\n\t\t\t\t\t<\/div>\r\n\t\t\t\t<\/div>\r\n\t\t\t\t<div class=\"col-xl-6\">\r\n\t\t\t\t\t<div class=\"about-three__right\">\r\n\t\t\t\t\t\t<div class=\"section-title text-left\">\r\n\t\t\t\t\t\t\t\t\t\t\t\t\t\t\t<span class=\"section-title__tagline\">P\u00e9cs airport<\/span>\r\n\t\t\t\t\t\t\t\t\t\t\t\t\t\t\t\t\t\t\t\t\t\t<h2 class=\"section-title__title\">Transport - Parking<\/h2>\r\n\t\t\t\t\t\t\t\t\t\t\t\t\t<\/div>\r\n\t\t\t\t\t\t\t\t\t\t\t\t\tWe provide free parking for our passengers in the public, unguarded parking lot of the airport. The airport assumes no responsibility for any damage caused to the vehicles or for the valuables placed in the vehicles!\t\t\t\t\t\t\r\n\t\t\t\t\t\t<ul class=\"about-three__points list-unstyled ml-0\">\r\n\t\t\t\t\t\t\t\t\t\t\t\t\t<\/ul>\r\n\t\t\t\t\t\t\t\t\t\t\t<\/div>\r\n\t\t\t\t<\/div>\r\n\t\t\t<\/div>\r\n\t\t<\/div>\r\n\t<\/section>\r\n\t<!--About Three End-->\r\n\t\t\t\t<\/div>\n\t\t\t\t<\/div>\n\t\t\t\t\t<\/div>\n\t\t<\/div>\n\t\t\t\t\t<\/div>\n\t\t<\/section>\n\t\t\t\t<\/div>","protected":false},"excerpt":{"rendered":"<p>P\u00e9cs airport K\u00f6zleked\u00e9s \u2013 Parkol\u00e1s A rep\u00fcl\u0151t\u00e9r nyilv\u00e1nos, nem \u0151rz\u00f6tt parkol\u00f3j\u00e1ban biztos\u00edtunk utasaink r\u00e9sz\u00e9re ingyenes parkol\u00e1si lehet\u0151s\u00e9get. A g\u00e9pj\u00e1rm\u0171vekben esetlegesen keletkezett k\u00e1rok\u00e9rt, illetve a g\u00e9pj\u00e1rm\u0171vekben elhelyezett \u00e9rt\u00e9kt\u00e1rgyak\u00e9rt a rep\u00fcl\u0151t\u00e9r felel\u0151s\u00e9get nem v\u00e1llal!<\/p>","protected":false},"author":1,"featured_media":0,"parent":0,"menu_order":0,"comment_status":"closed","ping_status":"closed","template":"elementor_header_footer","meta":{"iawp_total_views":667,"footnotes":""},"class_list":["post-2194","page","type-page","status-publish","hentry"],"_links":{"self":[{"href":"https:\/\/airportpecs.com\/en\/wp-json\/wp\/v2\/pages\/2194","targetHints":{"allow":["GET"]}}],"collection":[{"href":"https:\/\/airportpecs.com\/en\/wp-json\/wp\/v2\/pages"}],"about":[{"href":"https:\/\/airportpecs.com\/en\/wp-json\/wp\/v2\/types\/page"}],"author":[{"embeddable":true,"href":"https:\/\/airportpecs.com\/en\/wp-json\/wp\/v2\/users\/1"}],"replies":[{"embeddable":true,"href":"https:\/\/airportpecs.com\/en\/wp-json\/wp\/v2\/comments?post=2194"}],"version-history":[{"count":4,"href":"https:\/\/airportpecs.com\/en\/wp-json\/wp\/v2\/pages\/2194\/revisions"}],"predecessor-version":[{"id":2323,"href":"https:\/\/airportpecs.com\/en\/wp-json\/wp\/v2\/pages\/2194\/revisions\/2323"}],"wp:attachment":[{"href":"https:\/\/airportpecs.com\/en\/wp-json\/wp\/v2\/media?parent=2194"}],"curies":[{"name":"wp","href":"https:\/\/api.w.org\/{rel}","templated":true}]}}