{"id":2649,"date":"2024-03-23T07:46:52","date_gmt":"2024-03-23T06:46:52","guid":{"rendered":"https:\/\/airportpecs.com\/?page_id=2649"},"modified":"2025-07-04T09:48:40","modified_gmt":"2025-07-04T07:48:40","slug":"adatvedelmi-tajekoztato","status":"publish","type":"page","link":"https:\/\/airportpecs.com\/en\/adatvedelmi-tajekoztato\/","title":{"rendered":"Privacy notice"},"content":{"rendered":"<div data-elementor-type=\"wp-page\" data-elementor-id=\"2649\" class=\"elementor elementor-2649\" data-elementor-post-type=\"page\">\n\t\t\t\t<div class=\"elementor-element elementor-element-2da64f7 elementor-hidden-mobile e-flex e-con-boxed e-con e-parent\" data-id=\"2da64f7\" data-element_type=\"container\" data-e-type=\"container\">\n\t\t\t\t\t<div class=\"e-con-inner\">\n\t\t\t\t<div class=\"elementor-element elementor-element-f721bd5 elementor-widget elementor-widget-html\" data-id=\"f721bd5\" data-element_type=\"widget\" data-e-type=\"widget\" data-widget_type=\"html.default\">\n\t\t\t\t<div class=\"elementor-widget-container\">\n\t\t\t\t\t<iframe src=\"\/wp-content\/uploads\/2024\/03\/Adatkezelesi-tajekoztato.pdf\" width=\"700\" height=\"1200\"><\/iframe>\t\t\t\t<\/div>\n\t\t\t\t<\/div>\n\t\t\t\t\t<\/div>\n\t\t\t\t<\/div>\n\t\t<div class=\"elementor-element elementor-element-49e2024 elementor-hidden-desktop elementor-hidden-tablet e-flex e-con-boxed e-con e-parent\" data-id=\"49e2024\" data-element_type=\"container\" data-e-type=\"container\">\n\t\t\t\t\t<div class=\"e-con-inner\">\n\t\t\t\t<div class=\"elementor-element elementor-element-61896f8 elementor-widget elementor-widget-text-editor\" data-id=\"61896f8\" data-element_type=\"widget\" data-e-type=\"widget\" data-widget_type=\"text-editor.default\">\n\t\t\t\t<div class=\"elementor-widget-container\">\n\t\t\t\t\t\t\t\t\t<h3 style=\"text-align: center;\">Az adatv\u00e9delmi t\u00e1j\u00e9koztat\u00f3 let\u00f6lt\u00e9s\u00e9hez kattintson ide:<\/h3>\t\t\t\t\t\t\t\t<\/div>\n\t\t\t\t<\/div>\n\t\t\t\t<div class=\"elementor-element elementor-element-a38acd6 elementor-align-center elementor-widget elementor-widget-button\" data-id=\"a38acd6\" data-element_type=\"widget\" data-e-type=\"widget\" data-widget_type=\"button.default\">\n\t\t\t\t<div class=\"elementor-widget-container\">\n\t\t\t\t\t\t\t\t\t<div class=\"elementor-button-wrapper\">\n\t\t\t\t\t<a class=\"elementor-button elementor-button-link elementor-size-sm\" href=\"https:\/\/airportpecs.com\/wp-content\/uploads\/2024\/03\/Adatkezelesi-tajekoztato.pdf\" target=\"_blank\">\n\t\t\t\t\t\t<span class=\"elementor-button-content-wrapper\">\n\t\t\t\t\t\t\t\t\t<span class=\"elementor-button-text\">Let\u00f6lt\u00e9s<\/span>\n\t\t\t\t\t<\/span>\n\t\t\t\t\t<\/a>\n\t\t\t\t<\/div>\n\t\t\t\t\t\t\t\t<\/div>\n\t\t\t\t<\/div>\n\t\t\t\t\t<\/div>\n\t\t\t\t<\/div>\n\t\t\t\t<\/div>","protected":false},"excerpt":{"rendered":"<p>Az adatv\u00e9delmi t\u00e1j\u00e9koztat\u00f3 let\u00f6lt\u00e9s\u00e9hez kattintson ide: Let\u00f6lt\u00e9s<\/p>","protected":false},"author":1,"featured_media":0,"parent":0,"menu_order":0,"comment_status":"closed","ping_status":"closed","template":"elementor_header_footer","meta":{"iawp_total_views":33,"footnotes":""},"class_list":["post-2649","page","type-page","status-publish","hentry"],"_links":{"self":[{"href":"https:\/\/airportpecs.com\/en\/wp-json\/wp\/v2\/pages\/2649","targetHints":{"allow":["GET"]}}],"collection":[{"href":"https:\/\/airportpecs.com\/en\/wp-json\/wp\/v2\/pages"}],"about":[{"href":"https:\/\/airportpecs.com\/en\/wp-json\/wp\/v2\/types\/page"}],"author":[{"embeddable":true,"href":"https:\/\/airportpecs.com\/en\/wp-json\/wp\/v2\/users\/1"}],"replies":[{"embeddable":true,"href":"https:\/\/airportpecs.com\/en\/wp-json\/wp\/v2\/comments?post=2649"}],"version-history":[{"count":35,"href":"https:\/\/airportpecs.com\/en\/wp-json\/wp\/v2\/pages\/2649\/revisions"}],"predecessor-version":[{"id":4284,"href":"https:\/\/airportpecs.com\/en\/wp-json\/wp\/v2\/pages\/2649\/revisions\/4284"}],"wp:attachment":[{"href":"https:\/\/airportpecs.com\/en\/wp-json\/wp\/v2\/media?parent=2649"}],"curies":[{"name":"wp","href":"https:\/\/api.w.org\/{rel}","templated":true}]}}