{"id":2770,"date":"2024-03-23T09:23:16","date_gmt":"2024-03-23T08:23:16","guid":{"rendered":"https:\/\/airportpecs.com\/?page_id=2770"},"modified":"2025-05-28T07:58:18","modified_gmt":"2025-05-28T05:58:18","slug":"kozerdeku-adatok-air-horizont","status":"publish","type":"page","link":"https:\/\/airportpecs.com\/en\/kozerdeku-adatok-air-horizont\/","title":{"rendered":"Data of public interest Air Horizont"},"content":{"rendered":"\t\t<div data-elementor-type=\"wp-page\" data-elementor-id=\"2770\" class=\"elementor elementor-2770\" data-elementor-post-type=\"page\">\n\t\t\t\t\t\t<section class=\"elementor-section elementor-top-section elementor-element elementor-element-e164118 elementor-section-full_width elementor-section-stretched elementor-section-height-default elementor-section-height-default\" data-id=\"e164118\" data-element_type=\"section\" data-e-type=\"section\" data-settings=\"{&quot;stretch_section&quot;:&quot;section-stretched&quot;}\">\n\t\t\t\t\t\t<div class=\"elementor-container elementor-column-gap-no\">\n\t\t\t\t\t<div class=\"elementor-column elementor-col-100 elementor-top-column elementor-element elementor-element-c02f6ff\" data-id=\"c02f6ff\" data-element_type=\"column\" data-e-type=\"column\">\n\t\t\t<div class=\"elementor-widget-wrap elementor-element-populated\">\n\t\t\t\t\t\t<div class=\"elementor-element elementor-element-1e61427 elementor-widget elementor-widget-jetly-price\" data-id=\"1e61427\" data-element_type=\"widget\" data-e-type=\"widget\" data-widget_type=\"jetly-price.default\">\n\t\t\t\t<div class=\"elementor-widget-container\">\n\t\t\t\t\t\r\n\t<!--Price One Start-->\r\n\t<section class=\"price-one\" style=\"background-image: url();\">\r\n\t\t<div class=\"container\">\r\n\t\t\t<div class=\"row\">\r\n\t\t\t\t<div class=\"col-xl-4\">\r\n\t\t\t\t\t<div class=\"price-one__left\">\r\n\t\t\t\t\t\t<div class=\"section-title text-left\">\r\n\t\t\t\t\t\t\t\t\t\t\t\t\t\t\t<span class=\"section-title__tagline\">K\u00f6z\u00e9rdek\u0171 adatok<\/span>\r\n\t\t\t\t\t\t\t\t\t\t\t\t\t\t\t\t\t\t\t\t\t\t<h2 class=\"section-title__title\">Air Horizont Nonprofit Kft.<\/h2>\r\n\t\t\t\t\t\t\t\t\t\t\t\t\t<\/div>\r\n\t\t\t\t\t\t\t\t\t\t\t<\/div>\r\n\t\t\t\t<\/div>\r\n\t\t\t\t<div class=\"col-xl-8\">\r\n\t\t\t\t\t<div class=\"price-one__right\">\r\n\t\t\t\t\t\t<div class=\"price-one__carousel owl-carousel owl-theme thm-owl__carousel\" data-owl-options='        {\r\n        &quot;loop&quot;: true,\r\n        &quot;margin&quot;: 30,\r\n        &quot;items&quot;: 2        ,&quot;nav&quot;: true                    ,&quot;autoplay&quot;: true            ,&quot;autoplayTimeout&quot;: 5000                            ,&quot;autoplayHoverPause&quot;: true                            ,&quot;navText&quot;: [\r\n            &quot;&lt;i class=\\&quot;  icon-left-arrow\\&quot;&gt;&lt;\/i&gt;&quot;,\r\n            &quot;&lt;i class=\\&quot;  icon-right-arrow\\&quot;&gt;&lt;\/i&gt;&quot;\r\n            ]\r\n                ,&quot;dots&quot;: false        ,&quot;smartSpeed&quot;: 700\r\n                    ,\r\n            &quot;responsive&quot;:\r\n            {\r\n                            &quot;0&quot;: {\r\n                &quot;margin&quot;: 0,\r\n                &quot;items&quot;: 1                },                            &quot;768&quot;: {\r\n                &quot;margin&quot;: 30,\r\n                &quot;items&quot;: 2                },                            &quot;992&quot;: {\r\n                &quot;margin&quot;: 30,\r\n                &quot;items&quot;: 2                },                            &quot;1200&quot;: {\r\n                &quot;margin&quot;: 30,\r\n                &quot;items&quot;: 2                }                        }\r\n                }\r\n    '>\r\n\t\t\t\t\t\t\t\t\t\t\t\t\t\t\t\t\t\t\t\t\t\t\t\t<!--Price One Single Start-->\r\n\t\t\t\t\t\t\t\t\t<div class=\"item\">\r\n\t\t\t\t\t\t\t\t\t\t<div class=\"price-one__single\">\r\n\t\t\t\t\t\t\t\t\t\t\t<div class=\"price-one__top \">\r\n\t\t\t\t\t\t\t\t\t\t\t\t\t\t\t\t\t\t\t\t\t\t\t\t<span class=\"icon-svg\">\r\n\t\t\t\t\t\t\t\t\t\t\t\t\t<i aria-hidden=\"true\" class=\"fas fa-plane\"><\/i>\t\t\t\t\t\t\t\t\t\t\t\t<\/span><!-- \/.icon-svg -->\r\n\t\t\t\t\t\t\t\t\t\t\t\t\t\t\t\t\t\t\t\t\t\t\t<\/div>\r\n\t\t\t\t\t\t\t\t\t\t\t<div class=\"price-one__content\">\r\n\t\t\t\t\t\t\t\t\t\t\t\t\t\t\t\t\t\t\t\t\t\t\t\t\t<div class=\"price-one__img\">\r\n\t\t\t\t\t\t\t\t\t\t\t\t\t\t<img decoding=\"async\" src=\"https:\/\/airportpecs.com\/wp-content\/uploads\/2023\/01\/price-one-1-1.png\" alt=\"price-one-1-1\" title=\"price-one-1-1\" >\t\t\t\t\t\t\t\t\t\t\t\t\t<\/div>\r\n\t\t\t\t\t\t\t\t\t\t\t\t\t\t\t\t\t\t\t\t\t\t\t\t\t\t\t\t\t\t\t\t\t\t\t\t\t<ul class=\"list-unstyled price-one_list\">\r\n\t\t\t\t\t\t\t\t\t\t\t\t\t\tASZ Jelent\u00e9s\t\t\t\t\t\t\t\t\t\t\t\t\t<\/ul>\r\n\t\t\t\t\t\t\t\t\t\t\t\t\t\t\t\t\t\t\t\t\t\t\t\t\t\t\t\t\t\t\t\t\t\t\t\t\t<div class=\"price-one__btn-box\">\r\n\t\t\t\t\t\t\t\t\t\t\t\t\t\t<a target=_blank href=\"https:\/\/airportpecs.com\/wp-content\/uploads\/2024\/03\/AirHorizont_ASZ-jelentes_20170112.pdf\" class=\"thm-btn price-one__btn\">Megnyit\u00e1s<\/a>\r\n\t\t\t\t\t\t\t\t\t\t\t\t\t<\/div>\r\n\t\t\t\t\t\t\t\t\t\t\t\t\t\t\t\t\t\t\t\t\t\t\t<\/div>\r\n\t\t\t\t\t\t\t\t\t\t<\/div>\r\n\t\t\t\t\t\t\t\t\t<\/div>\r\n\t\t\t\t\t\t\t\t\t<!--Price One Single End-->\r\n\t\t\t\t\t\t\t\t\t\t\t\t\t\t\t\t\t<!--Price One Single Start-->\r\n\t\t\t\t\t\t\t\t\t<div class=\"item\">\r\n\t\t\t\t\t\t\t\t\t\t<div class=\"price-one__single\">\r\n\t\t\t\t\t\t\t\t\t\t\t<div class=\"price-one__top \">\r\n\t\t\t\t\t\t\t\t\t\t\t\t\t\t\t\t\t\t\t\t\t\t\t\t<span class=\"icon-svg\">\r\n\t\t\t\t\t\t\t\t\t\t\t\t\t<i aria-hidden=\"true\" class=\"fas fa-plane\"><\/i>\t\t\t\t\t\t\t\t\t\t\t\t<\/span><!-- \/.icon-svg -->\r\n\t\t\t\t\t\t\t\t\t\t\t\t\t\t\t\t\t\t\t\t\t\t\t<\/div>\r\n\t\t\t\t\t\t\t\t\t\t\t<div class=\"price-one__content\">\r\n\t\t\t\t\t\t\t\t\t\t\t\t\t\t\t\t\t\t\t\t\t\t\t\t\t<div class=\"price-one__img\">\r\n\t\t\t\t\t\t\t\t\t\t\t\t\t\t<img decoding=\"async\" src=\"https:\/\/airportpecs.com\/wp-content\/uploads\/2023\/01\/price-one-1-1.png\" alt=\"price-one-1-1\" title=\"price-one-1-1\" >\t\t\t\t\t\t\t\t\t\t\t\t\t<\/div>\r\n\t\t\t\t\t\t\t\t\t\t\t\t\t\t\t\t\t\t\t\t\t\t\t\t\t\t\t\t\t\t\t\t\t\t\t\t\t<ul class=\"list-unstyled price-one_list\">\r\n\t\t\t\t\t\t\t\t\t\t\t\t\t\tVezet\u0151 Tiszts\u00e9gvisel\u0151k\t\t\t\t\t\t\t\t\t\t\t\t\t<\/ul>\r\n\t\t\t\t\t\t\t\t\t\t\t\t\t\t\t\t\t\t\t\t\t\t\t\t\t\t\t\t\t\t\t\t\t\t\t\t\t<div class=\"price-one__btn-box\">\r\n\t\t\t\t\t\t\t\t\t\t\t\t\t\t<a target=_blank href=\"\/wp-content\/uploads\/2025\/05\/vezeto_tisztsegviselok_AH_20250501.pdf\" class=\"thm-btn price-one__btn\">Megnyit\u00e1s<\/a>\r\n\t\t\t\t\t\t\t\t\t\t\t\t\t<\/div>\r\n\t\t\t\t\t\t\t\t\t\t\t\t\t\t\t\t\t\t\t\t\t\t\t<\/div>\r\n\t\t\t\t\t\t\t\t\t\t<\/div>\r\n\t\t\t\t\t\t\t\t\t<\/div>\r\n\t\t\t\t\t\t\t\t\t<!--Price One Single End-->\r\n\t\t\t\t\t\t\t\t\t\t\t\t\t\t\t\t\t<!--Price One Single Start-->\r\n\t\t\t\t\t\t\t\t\t<div class=\"item\">\r\n\t\t\t\t\t\t\t\t\t\t<div class=\"price-one__single\">\r\n\t\t\t\t\t\t\t\t\t\t\t<div class=\"price-one__top \">\r\n\t\t\t\t\t\t\t\t\t\t\t\t\t\t\t\t\t\t\t\t\t\t\t\t<span class=\"icon-svg\">\r\n\t\t\t\t\t\t\t\t\t\t\t\t\t<i aria-hidden=\"true\" class=\"fas fa-plane\"><\/i>\t\t\t\t\t\t\t\t\t\t\t\t<\/span><!-- \/.icon-svg -->\r\n\t\t\t\t\t\t\t\t\t\t\t\t\t\t\t\t\t\t\t\t\t\t\t<\/div>\r\n\t\t\t\t\t\t\t\t\t\t\t<div class=\"price-one__content\">\r\n\t\t\t\t\t\t\t\t\t\t\t\t\t\t\t\t\t\t\t\t\t\t\t\t\t<div class=\"price-one__img\">\r\n\t\t\t\t\t\t\t\t\t\t\t\t\t\t<img decoding=\"async\" src=\"https:\/\/airportpecs.com\/wp-content\/uploads\/2023\/01\/price-one-1-1.png\" alt=\"price-one-1-1\" title=\"price-one-1-1\" >\t\t\t\t\t\t\t\t\t\t\t\t\t<\/div>\r\n\t\t\t\t\t\t\t\t\t\t\t\t\t\t\t\t\t\t\t\t\t\t\t\t\t\t\t\t\t\t\t\t\t\t\t\t\t<ul class=\"list-unstyled price-one_list\">\r\n\t\t\t\t\t\t\t\t\t\t\t\t\t\tK\u00f6z\u00e9rdek\u0171 adatok\t\t\t\t\t\t\t\t\t\t\t\t\t<\/ul>\r\n\t\t\t\t\t\t\t\t\t\t\t\t\t\t\t\t\t\t\t\t\t\t\t\t\t\t\t\t\t\t\t\t\t\t\t\t\t<div class=\"price-one__btn-box\">\r\n\t\t\t\t\t\t\t\t\t\t\t\t\t\t<a target=_blank href=\"https:\/\/airportpecs.com\/wp-content\/uploads\/2024\/03\/AirHorizont_kozerdeku_adatok_2018.pdf\" class=\"thm-btn price-one__btn\">Megnyit\u00e1s<\/a>\r\n\t\t\t\t\t\t\t\t\t\t\t\t\t<\/div>\r\n\t\t\t\t\t\t\t\t\t\t\t\t\t\t\t\t\t\t\t\t\t\t\t<\/div>\r\n\t\t\t\t\t\t\t\t\t\t<\/div>\r\n\t\t\t\t\t\t\t\t\t<\/div>\r\n\t\t\t\t\t\t\t\t\t<!--Price One Single End-->\r\n\t\t\t\t\t\t\t\t\t\t\t\t\t\t\t\t\t<!--Price One Single Start-->\r\n\t\t\t\t\t\t\t\t\t<div class=\"item\">\r\n\t\t\t\t\t\t\t\t\t\t<div class=\"price-one__single\">\r\n\t\t\t\t\t\t\t\t\t\t\t<div class=\"price-one__top \">\r\n\t\t\t\t\t\t\t\t\t\t\t\t\t\t\t\t\t\t\t\t\t\t\t\t<span class=\"icon-svg\">\r\n\t\t\t\t\t\t\t\t\t\t\t\t\t<i aria-hidden=\"true\" class=\"fas fa-plane\"><\/i>\t\t\t\t\t\t\t\t\t\t\t\t<\/span><!-- \/.icon-svg -->\r\n\t\t\t\t\t\t\t\t\t\t\t\t\t\t\t\t\t\t\t\t\t\t\t<\/div>\r\n\t\t\t\t\t\t\t\t\t\t\t<div class=\"price-one__content\">\r\n\t\t\t\t\t\t\t\t\t\t\t\t\t\t\t\t\t\t\t\t\t\t\t\t\t<div class=\"price-one__img\">\r\n\t\t\t\t\t\t\t\t\t\t\t\t\t\t<img decoding=\"async\" src=\"https:\/\/airportpecs.com\/wp-content\/uploads\/2023\/01\/price-one-1-1.png\" alt=\"price-one-1-1\" title=\"price-one-1-1\" >\t\t\t\t\t\t\t\t\t\t\t\t\t<\/div>\r\n\t\t\t\t\t\t\t\t\t\t\t\t\t\t\t\t\t\t\t\t\t\t\t\t\t\t\t\t\t\t\t\t\t\t\t\t\t<ul class=\"list-unstyled price-one_list\">\r\n\t\t\t\t\t\t\t\t\t\t\t\t\t\tBesz\u00e1mol\u00f3 2021\t\t\t\t\t\t\t\t\t\t\t\t\t<\/ul>\r\n\t\t\t\t\t\t\t\t\t\t\t\t\t\t\t\t\t\t\t\t\t\t\t\t\t\t\t\t\t\t\t\t\t\t\t\t\t<div class=\"price-one__btn-box\">\r\n\t\t\t\t\t\t\t\t\t\t\t\t\t\t<a target=_blank href=\"https:\/\/airportpecs.com\/wp-content\/uploads\/2024\/03\/AirHorizont_beszamolo_2021.pdf\" class=\"thm-btn price-one__btn\">Megnyit\u00e1s<\/a>\r\n\t\t\t\t\t\t\t\t\t\t\t\t\t<\/div>\r\n\t\t\t\t\t\t\t\t\t\t\t\t\t\t\t\t\t\t\t\t\t\t\t<\/div>\r\n\t\t\t\t\t\t\t\t\t\t<\/div>\r\n\t\t\t\t\t\t\t\t\t<\/div>\r\n\t\t\t\t\t\t\t\t\t<!--Price One Single End-->\r\n\t\t\t\t\t\t\t\t\t\t\t\t\t\t\t\t\t<!--Price One Single Start-->\r\n\t\t\t\t\t\t\t\t\t<div class=\"item\">\r\n\t\t\t\t\t\t\t\t\t\t<div class=\"price-one__single\">\r\n\t\t\t\t\t\t\t\t\t\t\t<div class=\"price-one__top \">\r\n\t\t\t\t\t\t\t\t\t\t\t\t\t\t\t\t\t\t\t\t\t\t\t\t<span class=\"icon-svg\">\r\n\t\t\t\t\t\t\t\t\t\t\t\t\t<i aria-hidden=\"true\" class=\"fas fa-plane\"><\/i>\t\t\t\t\t\t\t\t\t\t\t\t<\/span><!-- \/.icon-svg -->\r\n\t\t\t\t\t\t\t\t\t\t\t\t\t\t\t\t\t\t\t\t\t\t\t<\/div>\r\n\t\t\t\t\t\t\t\t\t\t\t<div class=\"price-one__content\">\r\n\t\t\t\t\t\t\t\t\t\t\t\t\t\t\t\t\t\t\t\t\t\t\t\t\t<div class=\"price-one__img\">\r\n\t\t\t\t\t\t\t\t\t\t\t\t\t\t<img decoding=\"async\" src=\"https:\/\/airportpecs.com\/wp-content\/uploads\/2023\/01\/price-one-1-1.png\" alt=\"price-one-1-1\" title=\"price-one-1-1\" >\t\t\t\t\t\t\t\t\t\t\t\t\t<\/div>\r\n\t\t\t\t\t\t\t\t\t\t\t\t\t\t\t\t\t\t\t\t\t\t\t\t\t\t\t\t\t\t\t\t\t\t\t\t\t<ul class=\"list-unstyled price-one_list\">\r\n\t\t\t\t\t\t\t\t\t\t\t\t\t\tBesz\u00e1mol\u00f3 2022\t\t\t\t\t\t\t\t\t\t\t\t\t<\/ul>\r\n\t\t\t\t\t\t\t\t\t\t\t\t\t\t\t\t\t\t\t\t\t\t\t\t\t\t\t\t\t\t\t\t\t\t\t\t\t<div class=\"price-one__btn-box\">\r\n\t\t\t\t\t\t\t\t\t\t\t\t\t\t<a target=_blank href=\"https:\/\/airportpecs.com\/wp-content\/uploads\/2024\/03\/AirHorizont-beszamolo_2022.pdf\" class=\"thm-btn price-one__btn\">Megnyit\u00e1s<\/a>\r\n\t\t\t\t\t\t\t\t\t\t\t\t\t<\/div>\r\n\t\t\t\t\t\t\t\t\t\t\t\t\t\t\t\t\t\t\t\t\t\t\t<\/div>\r\n\t\t\t\t\t\t\t\t\t\t<\/div>\r\n\t\t\t\t\t\t\t\t\t<\/div>\r\n\t\t\t\t\t\t\t\t\t<!--Price One Single End-->\r\n\t\t\t\t\t\t\t\t\t\t\t\t\t\t\t\t\t<!--Price One Single Start-->\r\n\t\t\t\t\t\t\t\t\t<div class=\"item\">\r\n\t\t\t\t\t\t\t\t\t\t<div class=\"price-one__single\">\r\n\t\t\t\t\t\t\t\t\t\t\t<div class=\"price-one__top \">\r\n\t\t\t\t\t\t\t\t\t\t\t\t\t\t\t\t\t\t\t\t\t\t\t\t<span class=\"icon-svg\">\r\n\t\t\t\t\t\t\t\t\t\t\t\t\t<i aria-hidden=\"true\" class=\"fas fa-plane\"><\/i>\t\t\t\t\t\t\t\t\t\t\t\t<\/span><!-- \/.icon-svg -->\r\n\t\t\t\t\t\t\t\t\t\t\t\t\t\t\t\t\t\t\t\t\t\t\t<\/div>\r\n\t\t\t\t\t\t\t\t\t\t\t<div class=\"price-one__content\">\r\n\t\t\t\t\t\t\t\t\t\t\t\t\t\t\t\t\t\t\t\t\t\t\t\t\t<div class=\"price-one__img\">\r\n\t\t\t\t\t\t\t\t\t\t\t\t\t\t<img decoding=\"async\" src=\"https:\/\/airportpecs.com\/wp-content\/uploads\/2023\/01\/price-one-1-1.png\" alt=\"price-one-1-1\" title=\"price-one-1-1\" >\t\t\t\t\t\t\t\t\t\t\t\t\t<\/div>\r\n\t\t\t\t\t\t\t\t\t\t\t\t\t\t\t\t\t\t\t\t\t\t\t\t\t\t\t\t\t\t\t\t\t\t\t\t\t<ul class=\"list-unstyled price-one_list\">\r\n\t\t\t\t\t\t\t\t\t\t\t\t\t\tBesz\u00e1mol\u00f3 2023\t\t\t\t\t\t\t\t\t\t\t\t\t<\/ul>\r\n\t\t\t\t\t\t\t\t\t\t\t\t\t\t\t\t\t\t\t\t\t\t\t\t\t\t\t\t\t\t\t\t\t\t\t\t\t<div class=\"price-one__btn-box\">\r\n\t\t\t\t\t\t\t\t\t\t\t\t\t\t<a target=_blank href=\"https:\/\/airportpecs.com\/wp-content\/uploads\/2024\/06\/AH_Eves-Beszamolo-2023.pdf\" class=\"thm-btn price-one__btn\">Megnyit\u00e1s<\/a>\r\n\t\t\t\t\t\t\t\t\t\t\t\t\t<\/div>\r\n\t\t\t\t\t\t\t\t\t\t\t\t\t\t\t\t\t\t\t\t\t\t\t<\/div>\r\n\t\t\t\t\t\t\t\t\t\t<\/div>\r\n\t\t\t\t\t\t\t\t\t<\/div>\r\n\t\t\t\t\t\t\t\t\t<!--Price One Single End-->\r\n\t\t\t\t\t\t\t\t\t\t\t\t\t\t\t\t\t\t\t\t\t<\/div>\r\n\t\t\t\t\t<\/div>\r\n\t\t\t\t<\/div>\r\n\t\t\t<\/div>\r\n\t\t<\/div>\r\n\t<\/section>\r\n\t<!--Price One End-->\r\n\t\t\t\t<\/div>\n\t\t\t\t<\/div>\n\t\t\t\t\t<\/div>\n\t\t<\/div>\n\t\t\t\t\t<\/div>\n\t\t<\/section>\n\t\t\t\t<\/div>\n\t\t","protected":false},"excerpt":{"rendered":"<p>K\u00f6z\u00e9rdek\u0171 adatok Air Horizont Nonprofit Kft. ASZ Jelent\u00e9s Megnyit\u00e1s Vezet\u0151 Tiszts\u00e9gvisel\u0151k Megnyit\u00e1s K\u00f6z\u00e9rdek\u0171 adatok Megnyit\u00e1s Besz\u00e1mol\u00f3 2021 Megnyit\u00e1s Besz\u00e1mol\u00f3 2022 Megnyit\u00e1s Besz\u00e1mol\u00f3 2023 Megnyit\u00e1s<\/p>","protected":false},"author":1,"featured_media":0,"parent":0,"menu_order":0,"comment_status":"closed","ping_status":"closed","template":"elementor_header_footer","meta":{"iawp_total_views":246,"footnotes":""},"class_list":["post-2770","page","type-page","status-publish","hentry"],"_links":{"self":[{"href":"https:\/\/airportpecs.com\/en\/wp-json\/wp\/v2\/pages\/2770","targetHints":{"allow":["GET"]}}],"collection":[{"href":"https:\/\/airportpecs.com\/en\/wp-json\/wp\/v2\/pages"}],"about":[{"href":"https:\/\/airportpecs.com\/en\/wp-json\/wp\/v2\/types\/page"}],"author":[{"embeddable":true,"href":"https:\/\/airportpecs.com\/en\/wp-json\/wp\/v2\/users\/1"}],"replies":[{"embeddable":true,"href":"https:\/\/airportpecs.com\/en\/wp-json\/wp\/v2\/comments?post=2770"}],"version-history":[{"count":55,"href":"https:\/\/airportpecs.com\/en\/wp-json\/wp\/v2\/pages\/2770\/revisions"}],"predecessor-version":[{"id":4142,"href":"https:\/\/airportpecs.com\/en\/wp-json\/wp\/v2\/pages\/2770\/revisions\/4142"}],"wp:attachment":[{"href":"https:\/\/airportpecs.com\/en\/wp-json\/wp\/v2\/media?parent=2770"}],"curies":[{"name":"wp","href":"https:\/\/api.w.org\/{rel}","templated":true}]}}