{"id":72,"date":"2023-01-19T07:19:32","date_gmt":"2023-01-19T07:19:32","guid":{"rendered":"http:\/\/bracketweb.com\/jetlywp\/?page_id=72"},"modified":"2025-06-18T18:03:50","modified_gmt":"2025-06-18T16:03:50","slug":"kapcsolat","status":"publish","type":"page","link":"https:\/\/airportpecs.com\/en\/kapcsolat\/","title":{"rendered":"Contact us"},"content":{"rendered":"<div data-elementor-type=\"wp-page\" data-elementor-id=\"72\" class=\"elementor elementor-72\" data-elementor-post-type=\"page\">\n\t\t\t\t\t\t<section class=\"elementor-section elementor-top-section elementor-element elementor-element-9c38c8a elementor-section-full_width elementor-section-stretched elementor-section-height-default elementor-section-height-default\" data-id=\"9c38c8a\" data-element_type=\"section\" data-e-type=\"section\" data-settings=\"{&quot;stretch_section&quot;:&quot;section-stretched&quot;}\">\n\t\t\t\t\t\t<div class=\"elementor-container elementor-column-gap-no\">\n\t\t\t\t\t<div class=\"elementor-column elementor-col-100 elementor-top-column elementor-element elementor-element-85a4f62\" data-id=\"85a4f62\" data-element_type=\"column\" data-e-type=\"column\">\n\t\t\t<div class=\"elementor-widget-wrap elementor-element-populated\">\n\t\t\t\t\t\t<div class=\"elementor-element elementor-element-839ccd5 elementor-widget elementor-widget-jetly-contact-info\" data-id=\"839ccd5\" data-element_type=\"widget\" data-e-type=\"widget\" data-widget_type=\"jetly-contact-info.default\">\n\t\t\t\t<div class=\"elementor-widget-container\">\n\t\t\t\t\t\r\n    <!--Contact Info Layout One Start-->\r\n    <section class=\"contact-page\">\r\n        <div class=\"container\">\r\n                            <div class=\"section-title text-center\">\r\n                                            <span class=\"section-title__tagline\">Airport p\u00e9cs\n<\/span>\r\n                                                                <h2 class=\"section-title__title translation-block\">Find us at<br> our contact details<\/h2>\r\n                                    <\/div>\r\n                                        <div class=\"row\">\r\n                                            <!--Contact Page Single Start-->\r\n                        <div class=\"col-xl-4 col-lg-4 wow fadeInUp\" data-wow-delay=\"100ms\">\r\n                            <div class=\"contact-page__single\">\r\n                                <div class=\"contact-page__title-box\">\r\n                                    <div class=\"contact-page__title\">\r\n                                        <span>Name:<\/span>\r\n                                        <h3>P\u00e9cs-Pog\u00e1ny Airport<\/h3>\r\n                                    <\/div>\r\n                                    <div class=\"contact-page__icon icon-svg\">\r\n                                        <span aria-hidden=\"true\" class=\"icon-flight-1\"><\/span>                                    <\/div>\r\n                                <\/div>\r\n                                <p class=\"contact-page__text\">Operator: P\u00e9cs-Pog\u00e1nyi Airport Co., Ltd.<\/p>\r\n                            <\/div>\r\n                        <\/div>\r\n                        <!--Contact Page Single End-->\r\n                                            <!--Contact Page Single Start-->\r\n                        <div class=\"col-xl-4 col-lg-4 wow fadeInUp\" data-wow-delay=\"100ms\">\r\n                            <div class=\"contact-page__single\">\r\n                                <div class=\"contact-page__title-box\">\r\n                                    <div class=\"contact-page__title\">\r\n                                        <span>Adress<\/span>\r\n                                        <h3>H-7666 Pog\u00e1ny<\/h3>\r\n                                    <\/div>\r\n                                    <div class=\"contact-page__icon icon-svg\">\r\n                                        <span aria-hidden=\"true\" class=\"icon-envelope-back\"><\/span>                                    <\/div>\r\n                                <\/div>\r\n                                <p class=\"contact-page__text\">Airport 08\/9 hrsz.<\/p>\r\n                            <\/div>\r\n                        <\/div>\r\n                        <!--Contact Page Single End-->\r\n                                            <!--Contact Page Single Start-->\r\n                        <div class=\"col-xl-4 col-lg-4 wow fadeInUp\" data-wow-delay=\"100ms\">\r\n                            <div class=\"contact-page__single\">\r\n                                <div class=\"contact-page__title-box\">\r\n                                    <div class=\"contact-page__title\">\r\n                                        <span><\/span>\r\n                                        <h3>Center:<\/h3>\r\n                                    <\/div>\r\n                                    <div class=\"contact-page__icon icon-svg\">\r\n                                        <span aria-hidden=\"true\" class=\"icon-call\"><\/span>                                    <\/div>\r\n                                <\/div>\r\n                                <p class=\"contact-page__text\">Monday-Thursday 8-16,<br> Friday between 8 am and 1 pm<br>\n\nPhone: +36 72 526 140<\/p>\r\n                            <\/div>\r\n                        <\/div>\r\n                        <!--Contact Page Single End-->\r\n                                            <!--Contact Page Single Start-->\r\n                        <div class=\"col-xl-4 col-lg-4 wow fadeInUp\" data-wow-delay=\"100ms\">\r\n                            <div class=\"contact-page__single\">\r\n                                <div class=\"contact-page__title-box\">\r\n                                    <div class=\"contact-page__title\">\r\n                                        <span><\/span>\r\n                                        <h3>Flight information:<\/h3>\r\n                                    <\/div>\r\n                                    <div class=\"contact-page__icon icon-svg\">\r\n                                        <span aria-hidden=\"true\" class=\"icon-call\"><\/span>                                    <\/div>\r\n                                <\/div>\r\n                                <p class=\"contact-page__text\">Weekdays: 09:00-19:00<br>Saturday: 09:00-19:00<br> Sunday: 09:00-19:00 <br>\n\nPhone: + 36-72-526-156<br>\n\nMobil: +36-30-342-1129<\/p>\r\n                            <\/div>\r\n                        <\/div>\r\n                        <!--Contact Page Single End-->\r\n                                            <!--Contact Page Single Start-->\r\n                        <div class=\"col-xl-4 col-lg-4 wow fadeInUp\" data-wow-delay=\"100ms\">\r\n                            <div class=\"contact-page__single\">\r\n                                <div class=\"contact-page__title-box\">\r\n                                    <div class=\"contact-page__title\">\r\n                                        <span><\/span>\r\n                                        <h3>TWR:<\/h3>\r\n                                    <\/div>\r\n                                    <div class=\"contact-page__icon icon-svg\">\r\n                                        <span aria-hidden=\"true\" class=\"icon-call\"><\/span>                                    <\/div>\r\n                                <\/div>\r\n                                <p class=\"contact-page__text\">Phone: + 36-72-450-619<br>\nMobile: + 36-30-560-9325<\/p>\r\n                            <\/div>\r\n                        <\/div>\r\n                        <!--Contact Page Single End-->\r\n                                            <!--Contact Page Single Start-->\r\n                        <div class=\"col-xl-4 col-lg-4 wow fadeInUp\" data-wow-delay=\"100ms\">\r\n                            <div class=\"contact-page__single\">\r\n                                <div class=\"contact-page__title-box\">\r\n                                    <div class=\"contact-page__title\">\r\n                                        <span><\/span>\r\n                                        <h3>E-mail<\/h3>\r\n                                    <\/div>\r\n                                    <div class=\"contact-page__icon icon-svg\">\r\n                                        <span aria-hidden=\"true\" class=\"icon-envelope-back\"><\/span>                                    <\/div>\r\n                                <\/div>\r\n                                <p class=\"contact-page__text\">info@airportpecs.hu\n\nfly@airportpecs.hu<\/p>\r\n                            <\/div>\r\n                        <\/div>\r\n                        <!--Contact Page Single End-->\r\n                                    <\/div>\r\n                    <\/div>\r\n    <\/section>\r\n    <!--Contact Info Layout One End-->\r\n\r\n\t\t\t\t<\/div>\n\t\t\t\t<\/div>\n\t\t\t\t\t<\/div>\n\t\t<\/div>\n\t\t\t\t\t<\/div>\n\t\t<\/section>\n\t\t\t\t<section class=\"elementor-section elementor-top-section elementor-element elementor-element-6f75e50 elementor-section-full_width elementor-section-stretched elementor-section-height-default elementor-section-height-default\" data-id=\"6f75e50\" data-element_type=\"section\" data-e-type=\"section\" data-settings=\"{&quot;stretch_section&quot;:&quot;section-stretched&quot;}\">\n\t\t\t\t\t\t<div class=\"elementor-container elementor-column-gap-no\">\n\t\t\t\t\t<div class=\"elementor-column elementor-col-100 elementor-top-column elementor-element elementor-element-6f9fb6f\" data-id=\"6f9fb6f\" data-element_type=\"column\" data-e-type=\"column\">\n\t\t\t<div class=\"elementor-widget-wrap elementor-element-populated\">\n\t\t\t\t\t\t<div class=\"elementor-element elementor-element-05e257d elementor-widget elementor-widget-jetly-contact-form\" data-id=\"05e257d\" data-element_type=\"widget\" data-e-type=\"widget\" data-widget_type=\"jetly-contact-form.default\">\n\t\t\t\t<div class=\"elementor-widget-container\">\n\t\t\t\t\t    <!--Contact One Start-->\r\n    <section class=\"contact-one\">\r\n        <div class=\"container\">\r\n            <div class=\"contact-one__form-box\">\r\n                <div class=\"contact-one__form\">\r\n                    <div class=\"wpcf7 no-js\" id=\"wpcf7-f84-o1\" lang=\"en-US\" dir=\"ltr\" data-wpcf7-id=\"84\">\n<div class=\"screen-reader-response\"><p role=\"status\" aria-live=\"polite\" aria-atomic=\"true\"><\/p> <ul><\/ul><\/div>\n<form action=\"\/en\/wp-json\/wp\/v2\/pages\/72#wpcf7-f84-o1\" method=\"post\" class=\"wpcf7-form init\" aria-label=\"Contact form\" novalidate=\"novalidate\" data-status=\"init\" data-trp-original-action=\"\/en\/wp-json\/wp\/v2\/pages\/72#wpcf7-f84-o1\">\n<fieldset class=\"hidden-fields-container\"><input type=\"hidden\" name=\"_wpcf7\" value=\"84\" \/><input type=\"hidden\" name=\"_wpcf7_version\" value=\"6.1.5\" \/><input type=\"hidden\" name=\"_wpcf7_locale\" value=\"en_US\" \/><input type=\"hidden\" name=\"_wpcf7_unit_tag\" value=\"wpcf7-f84-o1\" \/><input type=\"hidden\" name=\"_wpcf7_container_post\" value=\"0\" \/><input type=\"hidden\" name=\"_wpcf7_posted_data_hash\" value=\"\" \/><input type=\"hidden\" name=\"_wpcf7_recaptcha_response\" value=\"\" \/>\n<\/fieldset>\n<div class=\"row\">\n\t<div class=\"col-xl-6\">\n\t\t<div class=\"contact-form__input-box\">\n\t\t\t<span class=\"wpcf7-form-control-wrap\" data-name=\"nev\"><input size=\"40\" maxlength=\"400\" class=\"wpcf7-form-control wpcf7-text wpcf7-validates-as-required\" aria-required=\"true\" aria-invalid=\"false\" placeholder=\"Name:\" value=\"\" type=\"text\" name=\"nev\" \/><\/span>\n\t\t<\/div>\n\t<\/div>\n\t<div class=\"col-xl-6\">\n\t\t<div class=\"contact-form__input-box\">\n                        <span class=\"wpcf7-form-control-wrap\" data-name=\"email\"><input size=\"40\" maxlength=\"400\" class=\"wpcf7-form-control wpcf7-email wpcf7-validates-as-required wpcf7-text wpcf7-validates-as-email\" aria-required=\"true\" aria-invalid=\"false\" placeholder=\"Email:\" value=\"\" type=\"email\" name=\"email\" \/><\/span>\n\t\t<\/div>\n\t<\/div>\n\t<div class=\"col-xl-6\">\n\t\t<div class=\"contact-form__input-box\">\n\t\t\t<span class=\"wpcf7-form-control-wrap\" data-name=\"phone\"><input size=\"40\" maxlength=\"400\" class=\"wpcf7-form-control wpcf7-text wpcf7-validates-as-required\" aria-required=\"true\" aria-invalid=\"false\" placeholder=\"Phone number:\" value=\"\" type=\"text\" name=\"phone\" \/><\/span>\n\t\t<\/div>\n\t<\/div>\n\t<div class=\"col-xl-6\">\n\t\t<div class=\"contact-form__input-box\">\n\t\t\t<span class=\"wpcf7-form-control-wrap\" data-name=\"targy\"><input size=\"40\" maxlength=\"400\" class=\"wpcf7-form-control wpcf7-text wpcf7-validates-as-required\" aria-required=\"true\" aria-invalid=\"false\" placeholder=\"Object:\" value=\"\" type=\"text\" name=\"targy\" \/><\/span>\n\t\t<\/div>\n\t<\/div>\n<\/div>\n<div class=\"row\">\n\t<div class=\"col-xl-12\">\n\t\t<div class=\"contact-form__input-box text-message-box\">\n\t\t\t<span class=\"wpcf7-form-control-wrap\" data-name=\"message\"><textarea cols=\"40\" rows=\"10\" maxlength=\"2000\" class=\"wpcf7-form-control wpcf7-textarea wpcf7-validates-as-required\" aria-required=\"true\" aria-invalid=\"false\" placeholder=\"Message:\" name=\"message\"><\/textarea><\/span>\n\t\t<\/div>\n\t\t<div class=\"contact-form__btn-box\">\n\t\t\t<button type=\"submit\" class=\"thm-btn contact-form__btn\">Send Message<\/button>\n\t\t<\/div>\n\t<\/div>\n<\/div><div class=\"wpcf7-response-output\" aria-hidden=\"true\"><\/div>\n<input type=\"hidden\" name=\"trp-form-language\" value=\"en\"\/><\/form>\n<\/div>                <\/div><!-- \/ -->\r\n            <\/div>\r\n        <\/div>\r\n    <\/section>\r\n    <!--Contact One End-->\r\n\t\t\t\t<\/div>\n\t\t\t\t<\/div>\n\t\t\t\t\t<\/div>\n\t\t<\/div>\n\t\t\t\t\t<\/div>\n\t\t<\/section>\n\t\t\t\t<section class=\"elementor-section elementor-top-section elementor-element elementor-element-5e10e08 elementor-section-full_width elementor-section-stretched elementor-section-height-default elementor-section-height-default\" data-id=\"5e10e08\" data-element_type=\"section\" data-e-type=\"section\" data-settings=\"{&quot;stretch_section&quot;:&quot;section-stretched&quot;}\">\n\t\t\t\t\t\t<div class=\"elementor-container elementor-column-gap-no\">\n\t\t\t\t\t<div class=\"elementor-column elementor-col-100 elementor-top-column elementor-element elementor-element-5fccadb\" data-id=\"5fccadb\" data-element_type=\"column\" data-e-type=\"column\">\n\t\t\t<div class=\"elementor-widget-wrap elementor-element-populated\">\n\t\t\t\t\t\t<div class=\"elementor-element elementor-element-ab9c604 elementor-widget elementor-widget-jetly-google-maps\" data-id=\"ab9c604\" data-element_type=\"widget\" data-e-type=\"widget\" data-widget_type=\"jetly-google-maps.default\">\n\t\t\t\t<div class=\"elementor-widget-container\">\n\t\t\t\t\t<section class=\"google-map\">\r\n\t<iframe src=\"https:\/\/maps.google.com\/maps?q=P%C3%A9cs-Pog%C3%A1ny%20Rep%C3%BCl%C5%91t%C3%A9r&#038;t=m&#038;z=12&#038;output=embed&#038;iwloc=near\" title=\"P\u00e9cs-Pog\u00e1ny Rep\u00fcl\u0151t\u00e9r\" aria-label=\"P\u00e9cs-Pog\u00e1ny Rep\u00fcl\u0151t\u00e9r\"><\/iframe>\r\n<\/section>\t\t\t\t<\/div>\n\t\t\t\t<\/div>\n\t\t\t\t\t<\/div>\n\t\t<\/div>\n\t\t\t\t\t<\/div>\n\t\t<\/section>\n\t\t\t\t<\/div>","protected":false},"excerpt":{"rendered":"<p>Airport p\u00e9cs Keressen minket el\u00e9rhet\u0151s\u00e9geinken N\u00e9v: P\u00e9cs-Pog\u00e1ny Airport \u00dczemeltet\u0151: P\u00e9cs-Pog\u00e1nyi Rep\u00fcl\u0151teret M\u0171k\u00f6dtet\u0151 Kft. C\u00edm: H-7666 Pog\u00e1ny Rep\u00fcl\u0151t\u00e9r 08\/9 hrsz. K\u00f6zpont: H\u00e9tf\u0151-Cs\u00fct\u00f6rt\u00f6k 8-16, P\u00e9ntek 8-13 \u00f3ra k\u00f6z\u00f6tt Telefon: +36 72 526 140 J\u00e1ratinform\u00e1ci\u00f3: H\u00e9tk\u00f6znap 09-19 \u00f3ra k\u00f6z\u00f6ttSzombat 09-19 \u00f3ra k\u00f6z\u00f6tt Vas\u00e1rnap 09-19 \u00f3ra k\u00f6z\u00f6tt Telefon: + 36-72-526-156 Mobil: +36-30-342-1129 TWR: Telefon: + 36-72-450-619 Mobil: + 36-30-560-9325 [&hellip;]<\/p>\n","protected":false},"author":1,"featured_media":0,"parent":0,"menu_order":0,"comment_status":"closed","ping_status":"closed","template":"elementor_header_footer","meta":{"iawp_total_views":2484,"footnotes":""},"class_list":["post-72","page","type-page","status-publish","hentry"],"_links":{"self":[{"href":"https:\/\/airportpecs.com\/en\/wp-json\/wp\/v2\/pages\/72","targetHints":{"allow":["GET"]}}],"collection":[{"href":"https:\/\/airportpecs.com\/en\/wp-json\/wp\/v2\/pages"}],"about":[{"href":"https:\/\/airportpecs.com\/en\/wp-json\/wp\/v2\/types\/page"}],"author":[{"embeddable":true,"href":"https:\/\/airportpecs.com\/en\/wp-json\/wp\/v2\/users\/1"}],"replies":[{"embeddable":true,"href":"https:\/\/airportpecs.com\/en\/wp-json\/wp\/v2\/comments?post=72"}],"version-history":[{"count":46,"href":"https:\/\/airportpecs.com\/en\/wp-json\/wp\/v2\/pages\/72\/revisions"}],"predecessor-version":[{"id":4152,"href":"https:\/\/airportpecs.com\/en\/wp-json\/wp\/v2\/pages\/72\/revisions\/4152"}],"wp:attachment":[{"href":"https:\/\/airportpecs.com\/en\/wp-json\/wp\/v2\/media?parent=72"}],"curies":[{"name":"wp","href":"https:\/\/api.w.org\/{rel}","templated":true}]}}